{"id":763555,"date":"2025-08-28T10:44:28","date_gmt":"2025-08-28T07:44:28","guid":{"rendered":"https:\/\/roveyayinevi.com.tr\/index.php\/urun\/bahis-cukuru\/"},"modified":"2026-04-15T03:28:46","modified_gmt":"2026-04-15T00:28:46","slug":"bahis-cukuru","status":"publish","type":"product","link":"https:\/\/roveyayinevi.com.tr\/index.php\/urun\/bahis-cukuru\/","title":{"rendered":"Bahis \u00c7ukuru"},"content":{"rendered":"<p>T\u00fcrkiye\u2019de milyonlarca insan cebinde kumarhane ile dola\u015f\u0131yor. Yasa d\u0131\u015f\u0131 bahis ve kumar sitelerinin \u00f6n\u00fcne ge\u00e7ilemiyor. D\u00fcnyan\u0131n her yerinden, her saat canl\u0131 bahis oynanabiliyor. \u0130nsanlar adeta kumarhaneyi cebinde ta\u015f\u0131yor. Yasa d\u0131\u015f\u0131 bahis sitelerine girmek normalde yasak, tespit edilen siteye eri\u015fim yasa\u011f\u0131 getiriliyor, ancak hemen ard\u0131ndan ayn\u0131 site ad\u0131n\u0131n sonuna bir rakam ekleyerek faaliyetine devam ediyor.   Yasa d\u0131\u015f\u0131 bahis siteleri i\u015fleten \u00e7eteler paraya ihtiyac\u0131 olan insanlar\u0131 tespit ediyor, verdikleri k\u00fc\u00e7\u00fck bir \u00fccret kar\u015f\u0131l\u0131\u011f\u0131nda onlar\u0131n banka hesaplar\u0131n\u0131 kullan\u0131yor, bu hesaplara milyonlar gelip gidiyor, bahis oynatanlar hesaplarda biriken paralar\u0131 toplamak i\u00e7in bankamatik\u00e7i tabir edilen binlerce eleman \u00e7al\u0131\u015ft\u0131r\u0131yor. T\u00fcrkiye\u2019den K\u0131br\u0131s\u2019a, \u00c7in\u2019e, Avrupa \u00fclkelerine kadar uzanan bu \u00e7etele\u015fmi\u015f organizasyonlar, futbol kul\u00fcb\u00fc sat\u0131n al\u0131yor, oynanmakta olan ma\u00e7lara bile m\u00fcdahale edebiliyor. Ya\u015fad\u0131\u011f\u0131m\u0131z ekonomik krizin etkisiyle insanlar\u0131m\u0131z bu batakl\u0131\u011f\u0131n i\u00e7ine \u00e7ekiliyor.   Gazeteci Ayhan \u015eensoy, yasa d\u0131\u015f\u0131 bahis konusunun ekonomik ve sosyolojik boyutunu mercek alt\u0131na alarak \u00fclkemizin ve insan\u0131m\u0131z\u0131n Bahis \u00c7ukuru\u2019na nas\u0131l d\u00fc\u015f\u00fcr\u00fcld\u00fc\u011f\u00fcn\u00fc belgeler ve r\u00f6portajlarla a\u00e7\u0131kl\u0131yor. <\/p>\n","protected":false},"excerpt":{"rendered":"<p>T\u00fcrkiye\u2019de milyonlarca insan cebinde kumarhane ile dola\u015f\u0131yor. Yasa d\u0131\u015f\u0131 bahis ve kumar sitelerinin \u00f6n\u00fcne ge\u00e7ilemiyor. D\u00fcnyan\u0131n her yerinden, her saat canl\u0131 bahis oynanabiliyor. \u0130nsanlar adeta kumarhaneyi<span class=\"excerpt-hellip\"> [\u2026]<\/span><\/p>\n","protected":false},"featured_media":0,"template":"","meta":{"_monsterinsights_skip_tracking":false,"_monsterinsights_sitenote_active":false,"_monsterinsights_sitenote_note":"","_monsterinsights_sitenote_category":0},"product_brand":[],"product_cat":[12324],"product_tag":[],"class_list":{"0":"post-763555","1":"product","2":"type-product","3":"status-publish","5":"product_cat-sosyoloji","6":"pa_cilt-ciltsiz","7":"pa_tur-kitap","8":"pa_yayinevi-tekin-yayinevi","9":"pa_yazar-ayhan-sensoy","11":"first","12":"instock","13":"sale","14":"shipping-taxable","15":"purchasable","16":"product-type-simple"},"_links":{"self":[{"href":"https:\/\/roveyayinevi.com.tr\/index.php\/wp-json\/wp\/v2\/product\/763555","targetHints":{"allow":["GET"]}}],"collection":[{"href":"https:\/\/roveyayinevi.com.tr\/index.php\/wp-json\/wp\/v2\/product"}],"about":[{"href":"https:\/\/roveyayinevi.com.tr\/index.php\/wp-json\/wp\/v2\/types\/product"}],"wp:attachment":[{"href":"https:\/\/roveyayinevi.com.tr\/index.php\/wp-json\/wp\/v2\/media?parent=763555"}],"wp:term":[{"taxonomy":"product_brand","embeddable":true,"href":"https:\/\/roveyayinevi.com.tr\/index.php\/wp-json\/wp\/v2\/product_brand?post=763555"},{"taxonomy":"product_cat","embeddable":true,"href":"https:\/\/roveyayinevi.com.tr\/index.php\/wp-json\/wp\/v2\/product_cat?post=763555"},{"taxonomy":"product_tag","embeddable":true,"href":"https:\/\/roveyayinevi.com.tr\/index.php\/wp-json\/wp\/v2\/product_tag?post=763555"}],"curies":[{"name":"wp","href":"https:\/\/api.w.org\/{rel}","templated":true}]}}