{"id":763551,"date":"2025-08-28T10:44:22","date_gmt":"2025-08-28T07:44:22","guid":{"rendered":"https:\/\/roveyayinevi.com.tr\/index.php\/urun\/turk-devlet-siyaseti-ve-tartismalari-orta-asyadan-2000lere\/"},"modified":"2026-04-15T03:28:46","modified_gmt":"2026-04-15T00:28:46","slug":"turk-devlet-siyaseti-ve-tartismalari-orta-asyadan-2000lere","status":"publish","type":"product","link":"https:\/\/roveyayinevi.com.tr\/index.php\/urun\/turk-devlet-siyaseti-ve-tartismalari-orta-asyadan-2000lere\/","title":{"rendered":"T\u00fcrk Devlet Siyaseti ve Tart\u0131\u015fmalar\u0131 &#8211; Orta Asya\u2019dan 2000\u2019lere-"},"content":{"rendered":"<p>Kapitalizmi ve burjuva devlet iktidar\u0131n\u0131 savunan \u015foven milliyet\u00e7i ve din istismarc\u0131s\u0131 yazar ve akademisyenler, s\u00f6m\u00fcr\u00fc sisteminin devam\u0131 i\u00e7in bask\u0131 politikalar\u0131n\u0131 desteklemenin yan\u0131 s\u0131ra \u00f6nyarg\u0131lar\u0131n, gelenek ve al\u0131\u015fkanl\u0131klar\u0131n etkisini diri tutmaya \u00e7al\u0131\u015f\u0131rken, ele\u015ftirel liberaller, &#8220;daha adil b\u00f6l\u00fc\u015f\u00fcm&#8221; ve &#8220;demokratikle\u015fme&#8221;yi sorun \u00e7\u00f6z\u00fcc\u00fc g\u00f6stermektedir. \u0130lerici demokrat ve Marksizmden etkilenen yazar ve akademisyenler ise T\u00fcrkiye&#8217;nin son on y\u0131llarda &#8220;sert k\u0131r\u0131lmalar\u201da sahne oldu\u011funu belirterek &#8220;siyasal otoriterle\u015fme&#8221;ye dikkat \u00e7ekiyor ve buna kar\u015f\u0131 m\u00fccadeleci bir tutumun \u00f6nemini i\u015faret ediyorlar. Bu \u00e7al\u0131\u015fma, &#8220;yeni bir tarih yaz\u0131m\u0131&#8221; iddias\u0131 ta\u015f\u0131m\u0131yor. Ancak milliyet\u00e7i ve liberal tarih yaz\u0131c\u0131l\u0131\u011f\u0131n\u0131n \u00fcst\u00fcn\u00fc \u00f6rtt\u00fc\u011f\u00fc devlet toplum ve toplumsal s\u0131n\u0131flar ili\u015fkisinin tarihsel s\u00fcre\u00e7teki geli\u015fimi ve de\u011fi\u015fimi gibi daha s\u0131n\u0131rl\u0131 ve dar bir alanda kalarak bu geli\u015fmelerin baz\u0131 etkenlerini konu edinmesine ra\u011fmen, ba\u011flant\u0131lar\u0131n\u0131n ka\u00e7\u0131n\u0131lmaz k\u0131ld\u0131\u011f\u0131 oranda burjuva tarih yaz\u0131m\u0131n\u0131n &#8220;T\u00fcrk versiyonu&#8221;yla s\u0131n\u0131rl\u0131 bir hesapla\u015fmay\u0131 da i\u00e7eriyor. <\/p>\n","protected":false},"excerpt":{"rendered":"<p>Kapitalizmi ve burjuva devlet iktidar\u0131n\u0131 savunan \u015foven milliyet\u00e7i ve din istismarc\u0131s\u0131 yazar ve akademisyenler, s\u00f6m\u00fcr\u00fc sisteminin devam\u0131 i\u00e7in bask\u0131 politikalar\u0131n\u0131 desteklemenin yan\u0131 s\u0131ra \u00f6nyarg\u0131lar\u0131n, gelenek ve<span class=\"excerpt-hellip\"> [\u2026]<\/span><\/p>\n","protected":false},"featured_media":0,"template":"","meta":{"_monsterinsights_skip_tracking":false,"_monsterinsights_sitenote_active":false,"_monsterinsights_sitenote_note":"","_monsterinsights_sitenote_category":0},"product_brand":[],"product_cat":[12337,14543],"product_tag":[],"class_list":{"0":"post-763551","1":"product","2":"type-product","3":"status-publish","5":"product_cat-politika-siyaset","6":"product_cat-turkiye-siyaseti-ve-politikasi","7":"pa_cilt-ciltsiz","8":"pa_tur-kitap","9":"pa_yayinevi-kor-kitap","10":"pa_yazar-yusuf-akdag","12":"first","13":"instock","14":"sale","15":"shipping-taxable","16":"purchasable","17":"product-type-simple"},"_links":{"self":[{"href":"https:\/\/roveyayinevi.com.tr\/index.php\/wp-json\/wp\/v2\/product\/763551","targetHints":{"allow":["GET"]}}],"collection":[{"href":"https:\/\/roveyayinevi.com.tr\/index.php\/wp-json\/wp\/v2\/product"}],"about":[{"href":"https:\/\/roveyayinevi.com.tr\/index.php\/wp-json\/wp\/v2\/types\/product"}],"wp:attachment":[{"href":"https:\/\/roveyayinevi.com.tr\/index.php\/wp-json\/wp\/v2\/media?parent=763551"}],"wp:term":[{"taxonomy":"product_brand","embeddable":true,"href":"https:\/\/roveyayinevi.com.tr\/index.php\/wp-json\/wp\/v2\/product_brand?post=763551"},{"taxonomy":"product_cat","embeddable":true,"href":"https:\/\/roveyayinevi.com.tr\/index.php\/wp-json\/wp\/v2\/product_cat?post=763551"},{"taxonomy":"product_tag","embeddable":true,"href":"https:\/\/roveyayinevi.com.tr\/index.php\/wp-json\/wp\/v2\/product_tag?post=763551"}],"curies":[{"name":"wp","href":"https:\/\/api.w.org\/{rel}","templated":true}]}}