{"id":763550,"date":"2025-08-28T10:44:21","date_gmt":"2025-08-28T07:44:21","guid":{"rendered":"https:\/\/roveyayinevi.com.tr\/index.php\/urun\/dusun-dusunceli-bir-hayatin-savunusu\/"},"modified":"2026-04-15T03:28:46","modified_gmt":"2026-04-15T00:28:46","slug":"dusun-dusunceli-bir-hayatin-savunusu","status":"publish","type":"product","link":"https:\/\/roveyayinevi.com.tr\/index.php\/urun\/dusun-dusunceli-bir-hayatin-savunusu\/","title":{"rendered":"D\u00fc\u015f\u00fcn &#8211; D\u00fc\u015f\u00fcnceli Bir Hayat\u0131n Savunusu"},"content":{"rendered":"<p>Dikkat da\u011f\u0131t\u0131c\u0131 unsurlarla dolu yo\u011fun hayat\u0131m\u0131zda d\u00fc\u015f\u00fcnmeye gitgide daha az f\u0131rsat buluyoruz. D\u00fc\u015f\u00fcnceli bir hayat\u0131n d\u00fc\u015f\u00fcncesi bile toplumsal h\u0131zlanman\u0131n damga vurdu\u011fu \u00e7a\u011f\u0131m\u0131zla uyumsuz duruyor. Ko\u015fu\u015fturmal\u0131 modern varolu\u015fumuz, d\u00fc\u015f\u00fcncelerimizle vakit ge\u00e7irmeye, ya\u015fad\u0131\u011f\u0131m\u0131z olaylar\u0131n ayr\u0131nt\u0131lar\u0131n\u0131 de\u011ferlendirmeye veya hayat\u0131n gizemlerine kafa yormaya alan b\u0131rakm\u0131yor.Bildi\u011fimiz kadar\u0131yla insan, d\u00fcnyada kelimenin tam anlam\u0131yla d\u00fc\u015f\u00fcnme kabiliyetine sahip tek varl\u0131k. Peki d\u00fc\u015f\u00fcnmek tam olarak ne demektir? Hangi bi\u00e7imleri al\u0131r? Nas\u0131l \u00f6\u011frenilir? Sezgi, mant\u0131k, dikkat ve muhakeme kavramlar\u0131n\u0131n d\u00fc\u015f\u00fcnmeyle ili\u015fkisi nedir? D\u00fc\u015f\u00fcnmek tek ba\u015f\u0131na yap\u0131lan bir eylem midir? D\u00fc\u015f\u00fcnmenin bili\u015fsel ve felsefi boyutlar\u0131 neleri kapsar? G\u00fcn\u00fcm\u00fczde kendi akl\u0131m\u0131zla d\u00fc\u015f\u00fcnmek m\u00fcmk\u00fcn m\u00fc? D\u00fc\u015f\u00fcnmek var olman\u0131n bir yolu olarak g\u00f6r\u00fclebilir mi? Ele\u015ftirel ve derinlemesine d\u00fc\u015f\u00fcnmek neye hizmet eder? Teknolojinin sa\u011flad\u0131\u011f\u0131 kolayl\u0131klar d\u00fc\u015f\u00fcnme becerimizi nas\u0131l etkiliyor? H\u0131zl\u0131 ve yava\u015f d\u00fc\u015f\u00fcnmek ne demektir? Y\u00fcr\u00fcmek, \u00e7ok\u00e7a s\u00f6ylendi\u011fi gibi d\u00fc\u015f\u00fcnmeyi destekler mi?Danimarkal\u0131 psikolog ve felsefeci Svend Brinkmann D\u00fc\u015f\u00fcn\u2019de, etraf\u0131m\u0131za merak duygusuyla ve ele\u015ftirel g\u00f6zle bakmam\u0131z\u0131 sa\u011flayan d\u00fc\u015f\u00fcnme sanat\u0131n\u0131 ele al\u0131yor: D\u00fc\u015f\u00fcnceler aras\u0131nda serbest\u00e7e dola\u015fmay\u0131 ve i\u00e7 sesimize daha fazla kulak vermeyi, hayat\u0131 zenginle\u015ftirmenin bir yolu, \u00e7o\u011fu zaman da ba\u015fl\u0131 ba\u015f\u0131na bir ne\u015fe kayna\u011f\u0131 olarak sunuyor. D\u00fc\u015f\u00fcnme keyfinin k\u0131v\u0131lc\u0131m\u0131n\u0131 yeniden yakacak k\u00fc\u00e7\u00fck ama etkili bir kitap.<\/p>\n","protected":false},"excerpt":{"rendered":"<p>Dikkat da\u011f\u0131t\u0131c\u0131 unsurlarla dolu yo\u011fun hayat\u0131m\u0131zda d\u00fc\u015f\u00fcnmeye gitgide daha az f\u0131rsat buluyoruz. D\u00fc\u015f\u00fcnceli bir hayat\u0131n d\u00fc\u015f\u00fcncesi bile toplumsal h\u0131zlanman\u0131n damga vurdu\u011fu \u00e7a\u011f\u0131m\u0131zla uyumsuz duruyor. Ko\u015fu\u015fturmal\u0131 modern<span class=\"excerpt-hellip\"> [\u2026]<\/span><\/p>\n","protected":false},"featured_media":0,"template":"","meta":{"_monsterinsights_skip_tracking":false,"_monsterinsights_sitenote_active":false,"_monsterinsights_sitenote_note":"","_monsterinsights_sitenote_category":0},"product_brand":[],"product_cat":[12358,12357],"product_tag":[],"class_list":{"0":"post-763550","1":"product","2":"type-product","3":"status-publish","5":"product_cat-genel-psikoloji","6":"product_cat-psikoloji","7":"pa_cilt-ciltsiz","8":"pa_tur-kitap","9":"pa_yayinevi-iletisim-yayinlari","10":"pa_yazar-svend-brinkmann","12":"first","13":"instock","14":"sale","15":"shipping-taxable","16":"purchasable","17":"product-type-simple"},"_links":{"self":[{"href":"https:\/\/roveyayinevi.com.tr\/index.php\/wp-json\/wp\/v2\/product\/763550","targetHints":{"allow":["GET"]}}],"collection":[{"href":"https:\/\/roveyayinevi.com.tr\/index.php\/wp-json\/wp\/v2\/product"}],"about":[{"href":"https:\/\/roveyayinevi.com.tr\/index.php\/wp-json\/wp\/v2\/types\/product"}],"wp:attachment":[{"href":"https:\/\/roveyayinevi.com.tr\/index.php\/wp-json\/wp\/v2\/media?parent=763550"}],"wp:term":[{"taxonomy":"product_brand","embeddable":true,"href":"https:\/\/roveyayinevi.com.tr\/index.php\/wp-json\/wp\/v2\/product_brand?post=763550"},{"taxonomy":"product_cat","embeddable":true,"href":"https:\/\/roveyayinevi.com.tr\/index.php\/wp-json\/wp\/v2\/product_cat?post=763550"},{"taxonomy":"product_tag","embeddable":true,"href":"https:\/\/roveyayinevi.com.tr\/index.php\/wp-json\/wp\/v2\/product_tag?post=763550"}],"curies":[{"name":"wp","href":"https:\/\/api.w.org\/{rel}","templated":true}]}}