{"id":763549,"date":"2025-08-28T10:44:20","date_gmt":"2025-08-28T07:44:20","guid":{"rendered":"https:\/\/roveyayinevi.com.tr\/index.php\/urun\/turkiye-ve-otesi-devlet-sinif-mekan\/"},"modified":"2026-04-15T03:28:46","modified_gmt":"2026-04-15T00:28:46","slug":"turkiye-ve-otesi-devlet-sinif-mekan","status":"publish","type":"product","link":"https:\/\/roveyayinevi.com.tr\/index.php\/urun\/turkiye-ve-otesi-devlet-sinif-mekan\/","title":{"rendered":"T\u00fcrkiye ve \u00d6tesi: Devlet, S\u0131n\u0131f, Mekan"},"content":{"rendered":"<p>T\u00fcrkiye ve \u00d6tesi: Devlet, S\u0131n\u0131f, Mek\u00e2n, ad\u0131n\u0131 hak eden bir toplumsal analiz panoramas\u0131 sunuyor. Kitapta, k\u00fcresel ile yerel-ulusal\u0131n etkile\u015fimi i\u00e7inde, devletin, s\u0131n\u0131f\u0131n ve mek\u00e2n\u0131n d\u00f6n\u00fc\u015f\u00fcm dinamikleri, \u00f6zg\u00fcl olana duyarl\u0131 incelemelerle ele al\u0131n\u0131yor. Zaman\u0131, T\u00fcrkiye\u2019yi ve \u00f6tesini anlamak i\u00e7in, \u201cdo\u011fru\u201d sorularla:T\u00fcrkiye\u2019de devletin (\u201cs\u00f6zle\u015fmeci\u201d ve \u201cs\u00f6m\u00fcrgeci\u201d) \u201cikili\u201d yap\u0131s\u0131ndan s\u00f6z edilebilir mi? Devlet-s\u0131n\u0131f ili\u015fkileri nas\u0131l \u015fekillenegeldi? \u201cAhbap \u00e7avu\u015f kapitalizmi\u201d kavram\u0131, anlaml\u0131 bir a\u00e7\u0131klama \u00e7er\u00e7evesi sunabilir mi? Ekonomi politik d\u00f6n\u00fc\u015f\u00fcmler, sa\u011fl\u0131k politikalar\u0131 merce\u011finden nas\u0131l g\u00f6r\u00fcn\u00fcr? \u0130stanbul, Diyarbak\u0131r ve bir zamanlar\u0131n OHAL b\u00f6lgesindeki \u015fehirle\u015fme dinamikleri nas\u0131l i\u015fliyor? K\u0131rsal d\u00f6n\u00fc\u015f\u00fcm s\u00fcreci kar\u015f\u0131s\u0131nda, \u201ck\u00f6ye d\u00f6n\u00fc\u015f\u201d bir se\u00e7enek mi? \u201dBa\u011f\u0131ms\u0131z idari otoriteler\u201d, fikr\u00ee m\u00fclkiyet gibi kurumlar\u0131yla \u201cneoliberal devlet akl\u0131\u201d nas\u0131l kurumla\u015f\u0131yor? Neoliberal devlet akl\u0131n\u0131n \u201c\u00fcstlenicisi\u201d olarak AKP iktidar\u0131nda b\u00fcrokrasi kar\u015f\u0131t\u0131 s\u00f6ylem ve anti-entelekt\u00fcalizm nas\u0131l bir i\u015flev g\u00f6rd\u00fc? K\u00fcreselle\u015fmenin toplumsal cinsiyet ili\u015fkilerindeki \u00e7oklu ve \u00e7at\u0131\u015fmal\u0131 etkileri hangi ufka a\u00e7\u0131labilir? Gezi direni\u015finin ilham etti\u011fi yeni siyasal topluluk tasavvurunun ufku ne olabilir?T\u00fcrkiye ve \u00d6tesi: Devlet, S\u0131n\u0131f, Mek\u00e2n, ayn\u0131 zamanda, T\u00fcrkiye\u2019de sosyal teorinin \u201cyerel\u201d s\u0131n\u0131rlar\u0131 a\u015fan ariflerinden \u00c7a\u011flar Keyder\u2019e arma\u011fan niteli\u011fi ta\u015f\u0131yor. Keyder\u2019le d\u00fc\u015f\u00fcnce ser\u00fcveni \u00fczerine yap\u0131lan uzun s\u00f6yle\u015fi de kitab\u0131n bir arma\u011fan\u0131.F\u0131rat Gen\u00e7, G\u00f6zde Orhan ve Melih Ye\u015filba\u011f\u2019\u0131n haz\u0131rlad\u0131\u011f\u0131 derlemede onlar\u0131n yan\u0131 s\u0131ra Kaan A\u011fartan, Tuba I. A\u011fartan, Asl\u0131han Ayka\u00e7, Utku Balaban, Antoine Dolcerocca, Gamze Evcimen, Eren Karaca, Muzaffer Kaya, Cang\u00fcl \u00d6rnek, Esra Sar\u0131o\u011flu, Deniz Y\u00fckseker ve H\u00fcseyin Yener Erk\u00f6se, Z. Umut T\u00fcrem ile Bar\u0131\u015f \u00dcnl\u00fc\u2019n\u00fcn katk\u0131lar\u0131 yer al\u0131yor.<\/p>\n","protected":false},"excerpt":{"rendered":"<p>T\u00fcrkiye ve \u00d6tesi: Devlet, S\u0131n\u0131f, Mek\u00e2n, ad\u0131n\u0131 hak eden bir toplumsal analiz panoramas\u0131 sunuyor. Kitapta, k\u00fcresel ile yerel-ulusal\u0131n etkile\u015fimi i\u00e7inde, devletin, s\u0131n\u0131f\u0131n ve mek\u00e2n\u0131n d\u00f6n\u00fc\u015f\u00fcm dinamikleri,<span class=\"excerpt-hellip\"> [\u2026]<\/span><\/p>\n","protected":false},"featured_media":0,"template":"","meta":{"_monsterinsights_skip_tracking":false,"_monsterinsights_sitenote_active":false,"_monsterinsights_sitenote_note":"","_monsterinsights_sitenote_category":0},"product_brand":[],"product_cat":[13590,12337],"product_tag":[],"class_list":{"0":"post-763549","1":"product","2":"type-product","3":"status-publish","5":"product_cat-arastirma-inceleme-politika-siyaset","6":"product_cat-politika-siyaset","7":"pa_cilt-ciltsiz","8":"pa_tur-kitap","9":"pa_yayinevi-iletisim-yayinlari","10":"pa_yazar-kolektif","12":"first","13":"instock","14":"sale","15":"shipping-taxable","16":"purchasable","17":"product-type-simple"},"_links":{"self":[{"href":"https:\/\/roveyayinevi.com.tr\/index.php\/wp-json\/wp\/v2\/product\/763549","targetHints":{"allow":["GET"]}}],"collection":[{"href":"https:\/\/roveyayinevi.com.tr\/index.php\/wp-json\/wp\/v2\/product"}],"about":[{"href":"https:\/\/roveyayinevi.com.tr\/index.php\/wp-json\/wp\/v2\/types\/product"}],"wp:attachment":[{"href":"https:\/\/roveyayinevi.com.tr\/index.php\/wp-json\/wp\/v2\/media?parent=763549"}],"wp:term":[{"taxonomy":"product_brand","embeddable":true,"href":"https:\/\/roveyayinevi.com.tr\/index.php\/wp-json\/wp\/v2\/product_brand?post=763549"},{"taxonomy":"product_cat","embeddable":true,"href":"https:\/\/roveyayinevi.com.tr\/index.php\/wp-json\/wp\/v2\/product_cat?post=763549"},{"taxonomy":"product_tag","embeddable":true,"href":"https:\/\/roveyayinevi.com.tr\/index.php\/wp-json\/wp\/v2\/product_tag?post=763549"}],"curies":[{"name":"wp","href":"https:\/\/api.w.org\/{rel}","templated":true}]}}