{"id":763548,"date":"2025-08-28T10:44:18","date_gmt":"2025-08-28T07:44:18","guid":{"rendered":"https:\/\/roveyayinevi.com.tr\/index.php\/urun\/erken-cumhuriyetin-sesleri\/"},"modified":"2026-04-15T03:28:46","modified_gmt":"2026-04-15T00:28:46","slug":"erken-cumhuriyetin-sesleri","status":"publish","type":"product","link":"https:\/\/roveyayinevi.com.tr\/index.php\/urun\/erken-cumhuriyetin-sesleri\/","title":{"rendered":"Erken Cumhuriyet&#8217;in Sesleri"},"content":{"rendered":"<p>Erken Cumhuriyet\u2019in Sesleri, 1930\u2019lar T\u00fcrkiyesi\u2019nin m\u00fczik ortam\u0131n\u0131 ve m\u00fczisyen portrelerini birlikte ele al\u0131yor. Bilen I\u015f\u0131kta\u015f, s\u00f6z konusu d\u00f6nemde d\u00fcnyadaki ve \u00fclkedeki ekonomik ko\u015fullar\u0131n m\u00fczik \u00fcretimi \u00fczerindeki etkilerini inceleyerek bu \u00fcretimin sosyoekonomik ve k\u00fclt\u00fcrel ba\u011flamlar i\u00e7inde \u015fekilleni\u015fini analiz ediyor. I\u015f\u0131kta\u015f, gerek teknoloji, m\u00fczikteki yeni t\u00fcrler, m\u00fczisyenlerin icra platformlar\u0131 gibi konulara gerek o d\u00f6nem yap\u0131lan tart\u0131\u015fmalara (alaturka-alafranga kavgas\u0131, i\u00e7kili yerlerde m\u00fczik icras\u0131 vb.) panoramik bi\u00e7imde bak\u0131yor.D\u00f6nemin sayg\u0131n gazetecilerinden Ahmet S\u0131rr\u0131 Uzelli\u2019nin, \u00f6nde gelen ses ve saz sanat\u00e7\u0131lar\u0131yla 1932 y\u0131l\u0131nda Vakit gazetesi i\u00e7in yapt\u0131\u011f\u0131 s\u00f6yle\u015filerden olu\u015fan \u201cKimlerdir, Ne Kazan\u0131rlar?\u201d tefrikas\u0131n\u0131 da g\u00fcn y\u00fcz\u00fcne \u00e7\u0131karan I\u015f\u0131kta\u015f, kitab\u0131n oda\u011f\u0131 olarak kulland\u0131\u011f\u0131 bu tefrikadaki her s\u00f6yle\u015fiden sonra ilgili sanat\u00e7\u0131ya dair kaleme ald\u0131\u011f\u0131 portrelerle zevkli bir musiki yolculu\u011fu sunuyor. Bu yolculukta Safiye Ayla\u2019dan M\u00fcnir Nurettin Sel\u00e7uk\u2019a, Yesar\u00ee As\u0131m\u2019dan Denizk\u0131z\u0131 Eftalya ve Hamiyet Y\u00fcceses\u2019e kadar niceleri yer al\u0131yor.Neredeyse y\u00fczy\u0131l \u00f6ncesinin m\u00fczik piyasas\u0131 ve g\u00fcndemine farkl\u0131 y\u00f6nleriyle bakan; m\u00fczi\u011fin metala\u015fmas\u0131n\u0131 etkileyen sosyal, k\u00fclt\u00fcrel, politik ve ekonomik etmenleri inceleyen Erken Cumhuriyet\u2019in Sesleri m\u00fczik tarihiyle ilgilenenler kadar T\u00fcrkiye\u2019nin k\u00fclt\u00fcr ve toplumsal tarihine, e\u011flence ya\u015fam\u0131na ilgi duyanlar i\u00e7in de \u00f6nemli bir kaynak.\u201cM\u00fczik ruhuyla ve maddesiyle bireyselden toplumsala uzanan bir etkile\u015fim g\u00fczerg\u00e2h\u0131d\u0131r. I\u015f\u0131kta\u015f, bu hep g\u00f6rmezden gelinen ama b\u00fct\u00fcn varl\u0131\u011f\u0131yla kendini dayatan ger\u00e7ekli\u011fi g\u00f6zler \u00f6n\u00fcne seriyor.\u201dProf. Dr. Ali Ergur<\/p>\n","protected":false},"excerpt":{"rendered":"<p>Erken Cumhuriyet\u2019in Sesleri, 1930\u2019lar T\u00fcrkiyesi\u2019nin m\u00fczik ortam\u0131n\u0131 ve m\u00fczisyen portrelerini birlikte ele al\u0131yor. Bilen I\u015f\u0131kta\u015f, s\u00f6z konusu d\u00f6nemde d\u00fcnyadaki ve \u00fclkedeki ekonomik ko\u015fullar\u0131n m\u00fczik \u00fcretimi \u00fczerindeki<span class=\"excerpt-hellip\"> [\u2026]<\/span><\/p>\n","protected":false},"featured_media":0,"template":"","meta":{"_monsterinsights_skip_tracking":false,"_monsterinsights_sitenote_active":false,"_monsterinsights_sitenote_note":"","_monsterinsights_sitenote_category":0},"product_brand":[],"product_cat":[12370,12304],"product_tag":[],"class_list":{"0":"post-763548","1":"product","2":"type-product","3":"status-publish","5":"product_cat-arastirma-inceleme","6":"product_cat-tarih","7":"pa_cilt-ciltsiz","8":"pa_tur-kitap","9":"pa_yayinevi-iletisim-yayinlari","10":"pa_yazar-bilen-isiktas","12":"first","13":"instock","14":"sale","15":"shipping-taxable","16":"purchasable","17":"product-type-simple"},"_links":{"self":[{"href":"https:\/\/roveyayinevi.com.tr\/index.php\/wp-json\/wp\/v2\/product\/763548","targetHints":{"allow":["GET"]}}],"collection":[{"href":"https:\/\/roveyayinevi.com.tr\/index.php\/wp-json\/wp\/v2\/product"}],"about":[{"href":"https:\/\/roveyayinevi.com.tr\/index.php\/wp-json\/wp\/v2\/types\/product"}],"wp:attachment":[{"href":"https:\/\/roveyayinevi.com.tr\/index.php\/wp-json\/wp\/v2\/media?parent=763548"}],"wp:term":[{"taxonomy":"product_brand","embeddable":true,"href":"https:\/\/roveyayinevi.com.tr\/index.php\/wp-json\/wp\/v2\/product_brand?post=763548"},{"taxonomy":"product_cat","embeddable":true,"href":"https:\/\/roveyayinevi.com.tr\/index.php\/wp-json\/wp\/v2\/product_cat?post=763548"},{"taxonomy":"product_tag","embeddable":true,"href":"https:\/\/roveyayinevi.com.tr\/index.php\/wp-json\/wp\/v2\/product_tag?post=763548"}],"curies":[{"name":"wp","href":"https:\/\/api.w.org\/{rel}","templated":true}]}}