{"id":763546,"date":"2025-08-28T10:44:14","date_gmt":"2025-08-28T07:44:14","guid":{"rendered":"https:\/\/roveyayinevi.com.tr\/index.php\/urun\/bir-idam-mahkumunun-son-gunu-18\/"},"modified":"2026-02-03T03:30:54","modified_gmt":"2026-02-03T00:30:54","slug":"bir-idam-mahkumunun-son-gunu-18","status":"publish","type":"product","link":"https:\/\/roveyayinevi.com.tr\/index.php\/urun\/bir-idam-mahkumunun-son-gunu-18\/","title":{"rendered":"Bir \u0130dam Mahkumunun Son G\u00fcn\u00fc"},"content":{"rendered":"<p>Mehmet Emin \u00d6zcan \u00e7evirisi ve \u00f6ns\u00f6z\u00fc, Yazar ve d\u00f6nem kronolojisi, Kitaba dair g\u00f6rsellerle. Bir \u0130dam Mahk\u00fbmunun Son G\u00fcn\u00fc, d\u00fcnya edebiyat\u0131n\u0131n ustalar\u0131ndan Victor Hugo\u2019nun insan ruhunun derinliklerine inen sars\u0131c\u0131 yap\u0131t\u0131. Bir idam mahk\u00fbmunun son g\u00fcn\u00fcnde hissettiklerini ve d\u00fc\u015f\u00fcnd\u00fcklerini i\u00e7tenlikle aktararak okuyucuyu derin bir empatiye davet eden Victor Hugo, bu eseriyle adaletin, merhametin ve insan haklar\u0131n\u0131n \u00f6nemini vurgulayan g\u00fc\u00e7l\u00fc bir mesaj iletir. \u0130dam cezas\u0131n\u0131n ac\u0131mas\u0131zl\u0131\u011f\u0131n\u0131 ve insanl\u0131k d\u0131\u015f\u0131l\u0131\u011f\u0131n\u0131 g\u00f6zler \u00f6n\u00fcne sererken, ayn\u0131 zamanda bireyin \u00f6zg\u00fcrl\u00fc\u011fe, umuda ve ya\u015fama dair \u00f6zlemlerini etkileyici bir dille anlat\u0131r. Bir \u0130dam Mahk\u00fbmunun Son G\u00fcn\u00fc, sadece Victor Hugo\u2019nun edebi dehas\u0131n\u0131 de\u011fil, ayn\u0131 zamanda insanl\u0131\u011f\u0131n ortak vicdan\u0131na seslenen evrensel bir \u00e7a\u011fr\u0131y\u0131 temsil eder. \u201c\u0130dam cezas\u0131n\u0131n deh\u015fetini ve insanl\u0131k d\u0131\u015f\u0131l\u0131\u011f\u0131n\u0131 \u00e7arp\u0131c\u0131 bir \u015fekilde g\u00f6zler \u00f6n\u00fcne seren bu kitap, Hugo\u2019nun dehas\u0131n\u0131n bir kan\u0131t\u0131d\u0131r.\u201d FYODOR DOSTOYEVSK\u0130 \u201cAdaletin ve merhametin evrensel de\u011ferini sorgulayan bu eser, okuyan herkesin zihninde derin izler b\u0131rakacak.\u201d \u00c9MILE ZOLAD\u00fcnya edebiyat\u0131n\u0131n ba\u015fyap\u0131tlar\u0131 \u0130leti\u015fim Klasikleri dizisinde!\u0130leti\u015fim Yay\u0131nlar\u0131, Murat Belge y\u00f6netiminde edebiyat klasikleri yay\u0131mlamaya devam ediyor. \u0130leti\u015fim Klasikleri dizisinden \u00e7\u0131kan kitaplar, edebiyata kar\u015f\u0131 sorumlulu\u011fu okuma zevkiyle bulu\u015fturan bir anlay\u0131\u015fla haz\u0131rlan\u0131yor. Eserler orijinal dillerinden ve tam metin \u00e7evirileriyle yay\u0131ma haz\u0131rlan\u0131rken, ana metne e\u015flik eden ve yetkin isimlerin yazd\u0131\u011f\u0131 \u00f6ns\u00f6z ve sons\u00f6zlere yer veriliyor. Ayr\u0131ca her kitab\u0131n ba\u015f\u0131nda, yazar\u0131n hayat\u0131na ve ya\u015fad\u0131\u011f\u0131 d\u00f6neme \u0131\u015f\u0131k tutan bir kronoloji bulunuyor. \u0130leti\u015fim Klasikleri\u2019nin i\u00e7eri\u011fi eserin ilk bask\u0131 kapa\u011f\u0131, el yazmas\u0131ndan \u00f6rnek sayfalar, haritalar ve \u00f6zel \u00e7izimlerle zenginle\u015ftiriliyor. Diziye \u00f6zel olarak haz\u0131rlanan kapak tasar\u0131m\u0131nda ise, resim tarihinden \u00f6zenle se\u00e7ilmi\u015f g\u00f6rseller kullan\u0131l\u0131yor.Zengin bir i\u00e7erikle haz\u0131rlanan \u0130leti\u015fim Klasikleri dizisi, g\u00fcvenilir ve \u00f6zenli biredisyonla okurla bulu\u015furken, alan\u0131nda referans kaynaklar sunuyor.<\/p>\n","protected":false},"excerpt":{"rendered":"<p>Mehmet Emin \u00d6zcan \u00e7evirisi ve \u00f6ns\u00f6z\u00fc, Yazar ve d\u00f6nem kronolojisi, Kitaba dair g\u00f6rsellerle. Bir \u0130dam Mahk\u00fbmunun Son G\u00fcn\u00fc, d\u00fcnya edebiyat\u0131n\u0131n ustalar\u0131ndan Victor Hugo\u2019nun insan ruhunun derinliklerine<span class=\"excerpt-hellip\"> [\u2026]<\/span><\/p>\n","protected":false},"featured_media":0,"template":"","meta":{"_monsterinsights_skip_tracking":false,"_monsterinsights_sitenote_active":false,"_monsterinsights_sitenote_note":"","_monsterinsights_sitenote_category":0},"product_brand":[],"product_cat":[12291,12711],"product_tag":[],"class_list":{"0":"post-763546","1":"product","2":"type-product","3":"status-publish","5":"product_cat-edebiyat","6":"product_cat-roman-oyku","7":"pa_cilt-ciltsiz","8":"pa_tur-kitap","9":"pa_yayinevi-iletisim-yayinlari","10":"pa_yazar-victor-hugo","12":"first","13":"instock","14":"sale","15":"shipping-taxable","16":"purchasable","17":"product-type-simple"},"_links":{"self":[{"href":"https:\/\/roveyayinevi.com.tr\/index.php\/wp-json\/wp\/v2\/product\/763546","targetHints":{"allow":["GET"]}}],"collection":[{"href":"https:\/\/roveyayinevi.com.tr\/index.php\/wp-json\/wp\/v2\/product"}],"about":[{"href":"https:\/\/roveyayinevi.com.tr\/index.php\/wp-json\/wp\/v2\/types\/product"}],"wp:attachment":[{"href":"https:\/\/roveyayinevi.com.tr\/index.php\/wp-json\/wp\/v2\/media?parent=763546"}],"wp:term":[{"taxonomy":"product_brand","embeddable":true,"href":"https:\/\/roveyayinevi.com.tr\/index.php\/wp-json\/wp\/v2\/product_brand?post=763546"},{"taxonomy":"product_cat","embeddable":true,"href":"https:\/\/roveyayinevi.com.tr\/index.php\/wp-json\/wp\/v2\/product_cat?post=763546"},{"taxonomy":"product_tag","embeddable":true,"href":"https:\/\/roveyayinevi.com.tr\/index.php\/wp-json\/wp\/v2\/product_tag?post=763546"}],"curies":[{"name":"wp","href":"https:\/\/api.w.org\/{rel}","templated":true}]}}