{"id":763541,"date":"2025-08-28T10:44:05","date_gmt":"2025-08-28T07:44:05","guid":{"rendered":"https:\/\/roveyayinevi.com.tr\/index.php\/urun\/ifade-ozgurlugu-hakki-aihm-ve-turkiye-uygulamasi\/"},"modified":"2026-04-15T03:28:46","modified_gmt":"2026-04-15T00:28:46","slug":"ifade-ozgurlugu-hakki-aihm-ve-turkiye-uygulamasi","status":"publish","type":"product","link":"https:\/\/roveyayinevi.com.tr\/index.php\/urun\/ifade-ozgurlugu-hakki-aihm-ve-turkiye-uygulamasi\/","title":{"rendered":"\u0130fade \u00d6zg\u00fcrl\u00fc\u011f\u00fc Hakk\u0131 &#8211; A\u0130HM ve T\u00fcrkiye Uygulamas\u0131"},"content":{"rendered":"<p>D\u00fc\u015f\u00fcnme kabiliyeti, insan\u0131 di\u011fer canl\u0131lardan ay\u0131ran ve ifade \u00f6zg\u00fcrl\u00fc\u011f\u00fcn\u00fcn temelini olu\u015fturan en \u00f6nemli \u00f6zelliktir. Farkl\u0131 ve yarat\u0131c\u0131 fikirlerin \u00f6zg\u00fcrce dile getirilmesi, toplumlar\u0131n ilerlemesine ivme kazand\u0131r\u0131r. Ancak tarih boyunca, d\u00fc\u015f\u00fcncelerini \u00f6zg\u00fcrce ifade eden ki\u015filer, maddi ve manevi bask\u0131lara maruz kalm\u0131\u015f, hatta \u00f6l\u00fcmle sonu\u00e7lanan i\u015fkence ve eziyetlere u\u011fram\u0131\u015ft\u0131r. G\u00fcn\u00fcm\u00fczde ifade \u00f6zg\u00fcrl\u00fc\u011f\u00fcne y\u00f6nelik bask\u0131 ve m\u00fcdahalelerin tamamen ortadan kalkt\u0131\u011f\u0131n\u0131 s\u00f6ylemek m\u00fcmk\u00fcn de\u011fildir. Hatta \u00fclkemiz \u00f6zelinde bu bask\u0131 ve m\u00fcdahalelerin yo\u011funlu\u011funun d\u00f6nemsel olarak artt\u0131\u011f\u0131n\u0131 s\u00f6yleyebiliriz.\u0130fade \u00f6zg\u00fcrl\u00fc\u011f\u00fc yaln\u0131zca bir hak olman\u0131n \u00f6tesinde, \u00e7o\u011fulculuk, ho\u015fg\u00f6r\u00fc ve a\u00e7\u0131k fikirlili\u011fi te\u015fvik eden bir sorumluluktur. \u0130fade \u00f6zg\u00fcrl\u00fc\u011f\u00fcne y\u00f6nelik bask\u0131 ve k\u0131s\u0131tlamalara ra\u011fmen bu \u00f6zg\u00fcrl\u00fc\u011f\u00fcn tam anlam\u0131yla ger\u00e7ekle\u015febilmesi i\u00e7in hukukun \u00fcst\u00fcnl\u00fc\u011f\u00fc ve demokratik de\u011ferlerin benimsenmesi zorunlu bir ihtiya\u00e7t\u0131r. \u0130fade \u00f6zg\u00fcrl\u00fc\u011f\u00fcne y\u00f6nelik her k\u0131s\u0131tlama, demokrasiyi zay\u0131flat\u0131r ve toplumsal gerginli\u011fi art\u0131r\u0131r\u0130ki de\u011ferli hukuk\u00e7u taraf\u0131ndan kaleme al\u0131nan bu kitap, ifade \u00f6zg\u00fcrl\u00fc\u011f\u00fcn\u00fcn korunmas\u0131 ve bu alanda ya\u015fanan sorunlar\u0131n \u00fcstesinden gelinmesi i\u00e7in yasama ve y\u00fcr\u00fctme alan\u0131nda at\u0131lmas\u0131 gereken ad\u0131mlar\u0131 detayl\u0131 bir \u015fekilde ele al\u0131r. Hukuk\u00e7ular, akademisyenler ve ifade \u00f6zg\u00fcrl\u00fc\u011f\u00fcn\u00fcn \u00f6nemini kavrayan herkes i\u00e7in de\u011ferli bir kaynak niteli\u011finde olan eser, \u00f6zg\u00fcr d\u00fc\u015f\u00fcncenin demokrasi ve toplumsal ilerleme i\u00e7in elzem oldu\u011funu vurgular. Amac\u0131, okuyucular\u0131 ifade \u00f6zg\u00fcrl\u00fc\u011f\u00fcn\u00fcn korunmas\u0131n\u0131n \u00f6nemi hakk\u0131nda bilgilendirmek ve bu temel hakk\u0131n savunulmas\u0131 i\u00e7in gerekli bilinci olu\u015fturmakt\u0131r. <\/p>\n","protected":false},"excerpt":{"rendered":"<p>D\u00fc\u015f\u00fcnme kabiliyeti, insan\u0131 di\u011fer canl\u0131lardan ay\u0131ran ve ifade \u00f6zg\u00fcrl\u00fc\u011f\u00fcn\u00fcn temelini olu\u015fturan en \u00f6nemli \u00f6zelliktir. Farkl\u0131 ve yarat\u0131c\u0131 fikirlerin \u00f6zg\u00fcrce dile getirilmesi, toplumlar\u0131n ilerlemesine ivme kazand\u0131r\u0131r. Ancak<span class=\"excerpt-hellip\"> [\u2026]<\/span><\/p>\n","protected":false},"featured_media":0,"template":"","meta":{"_monsterinsights_skip_tracking":false,"_monsterinsights_sitenote_active":false,"_monsterinsights_sitenote_note":"","_monsterinsights_sitenote_category":0},"product_brand":[],"product_cat":[15350],"product_tag":[],"class_list":{"0":"post-763541","1":"product","2":"type-product","3":"status-publish","5":"product_cat-hukuk","6":"pa_cilt-ciltsiz","7":"pa_tur-kitap","8":"pa_yayinevi-paspartu-yayinlari","9":"pa_yazar-mehmet-gunay","11":"first","12":"instock","13":"sale","14":"shipping-taxable","15":"purchasable","16":"product-type-simple"},"_links":{"self":[{"href":"https:\/\/roveyayinevi.com.tr\/index.php\/wp-json\/wp\/v2\/product\/763541","targetHints":{"allow":["GET"]}}],"collection":[{"href":"https:\/\/roveyayinevi.com.tr\/index.php\/wp-json\/wp\/v2\/product"}],"about":[{"href":"https:\/\/roveyayinevi.com.tr\/index.php\/wp-json\/wp\/v2\/types\/product"}],"wp:attachment":[{"href":"https:\/\/roveyayinevi.com.tr\/index.php\/wp-json\/wp\/v2\/media?parent=763541"}],"wp:term":[{"taxonomy":"product_brand","embeddable":true,"href":"https:\/\/roveyayinevi.com.tr\/index.php\/wp-json\/wp\/v2\/product_brand?post=763541"},{"taxonomy":"product_cat","embeddable":true,"href":"https:\/\/roveyayinevi.com.tr\/index.php\/wp-json\/wp\/v2\/product_cat?post=763541"},{"taxonomy":"product_tag","embeddable":true,"href":"https:\/\/roveyayinevi.com.tr\/index.php\/wp-json\/wp\/v2\/product_tag?post=763541"}],"curies":[{"name":"wp","href":"https:\/\/api.w.org\/{rel}","templated":true}]}}