{"id":763539,"date":"2025-08-28T10:44:03","date_gmt":"2025-08-28T07:44:03","guid":{"rendered":"https:\/\/roveyayinevi.com.tr\/index.php\/urun\/irak-sorusturma-raporu\/"},"modified":"2026-04-15T03:28:46","modified_gmt":"2026-04-15T00:28:46","slug":"irak-sorusturma-raporu","status":"publish","type":"product","link":"https:\/\/roveyayinevi.com.tr\/index.php\/urun\/irak-sorusturma-raporu\/","title":{"rendered":"Irak Soru\u015fturma Raporu"},"content":{"rendered":"<p>Gordon Brown, \u0130ngiliz askeri g\u00fcc\u00fcn\u00fcn Irak\u2019tan \u00e7ekilmesinin tamamland\u0131\u011f\u0131 Haziran 2009&#8217;da, halefi oldu\u011fu Tony Blair h\u00fck\u00fcmetinin 2003&#8217;teki Irak Sava\u015f\u0131 \u00f6ncesi ve sonras\u0131 ald\u0131\u011f\u0131 kararlara y\u00f6nelik bir soru\u015fturma yap\u0131lmas\u0131 i\u00e7in devlet hizmetinde kritik g\u00f6revler \u00fcstlenmi\u015f deneyimli bir b\u00fcrokrat olan Sir John Chilcot ba\u015fkanl\u0131\u011f\u0131nda be\u015f ki\u015filik bir komisyon olu\u015fturdu. Bu, konu hakk\u0131nda yap\u0131lan en kapsaml\u0131 soru\u015fturmayd\u0131 ve 2001-2009 y\u0131llar\u0131 aras\u0131ndaki karar alma s\u00fcrecini ve olaylar\u0131 incelemesi 7 y\u0131l s\u00fcrd\u00fc. Rapor, 6 Temmuz 2016 tarihinde Birle\u015fik Krall\u0131k parlamentosu taraf\u0131ndan kamuoyuna a\u00e7\u0131kland\u0131. Chilcot Raporu olarak da an\u0131lan The Iraq Inquiry Report, soru\u015fturman\u0131n temel bulgular\u0131n\u0131 ve raporun birbirinden ayr\u0131 b\u00f6l\u00fcmlerinde yer alan \u00e7\u0131kar\u0131lan sonu\u00e7lar\u0131n ve al\u0131nan derslerin bir derlemesini i\u00e7eren \u00e7evirisini sundu\u011fumuz Y\u00f6netici \u00d6zeti d\u0131\u015f\u0131nda, toplam 12 cilt, 6.147 sayfa ve 2,4 milyon kelimeden olu\u015fuyor. Soru\u015fturma kapsam\u0131nda Tony Blair, Gordon Brown ve baz\u0131 eski bakanlar ile d\u00f6nemin \u00fcst d\u00fczey askeri ve istihbarat yetkilileri d\u00e2hil 150&#8217;den fazla ki\u015fi Komisyon&#8217;a ifade verdi, 150 binden fazla resmi belge incelendi.<\/p>\n","protected":false},"excerpt":{"rendered":"<p>Gordon Brown, \u0130ngiliz askeri g\u00fcc\u00fcn\u00fcn Irak\u2019tan \u00e7ekilmesinin tamamland\u0131\u011f\u0131 Haziran 2009&#8217;da, halefi oldu\u011fu Tony Blair h\u00fck\u00fcmetinin 2003&#8217;teki Irak Sava\u015f\u0131 \u00f6ncesi ve sonras\u0131 ald\u0131\u011f\u0131 kararlara y\u00f6nelik bir soru\u015fturma<span class=\"excerpt-hellip\"> [\u2026]<\/span><\/p>\n","protected":false},"featured_media":0,"template":"","meta":{"_monsterinsights_skip_tracking":false,"_monsterinsights_sitenote_active":false,"_monsterinsights_sitenote_note":"","_monsterinsights_sitenote_category":0},"product_brand":[],"product_cat":[12370,12304],"product_tag":[],"class_list":{"0":"post-763539","1":"product","2":"type-product","3":"status-publish","5":"product_cat-arastirma-inceleme","6":"product_cat-tarih","7":"pa_cilt-ciltsiz","8":"pa_tur-kitap","9":"pa_yayinevi-iyidusun-yayinlari","10":"pa_yazar-kolektif","12":"first","13":"instock","14":"sale","15":"shipping-taxable","16":"purchasable","17":"product-type-simple"},"_links":{"self":[{"href":"https:\/\/roveyayinevi.com.tr\/index.php\/wp-json\/wp\/v2\/product\/763539","targetHints":{"allow":["GET"]}}],"collection":[{"href":"https:\/\/roveyayinevi.com.tr\/index.php\/wp-json\/wp\/v2\/product"}],"about":[{"href":"https:\/\/roveyayinevi.com.tr\/index.php\/wp-json\/wp\/v2\/types\/product"}],"wp:attachment":[{"href":"https:\/\/roveyayinevi.com.tr\/index.php\/wp-json\/wp\/v2\/media?parent=763539"}],"wp:term":[{"taxonomy":"product_brand","embeddable":true,"href":"https:\/\/roveyayinevi.com.tr\/index.php\/wp-json\/wp\/v2\/product_brand?post=763539"},{"taxonomy":"product_cat","embeddable":true,"href":"https:\/\/roveyayinevi.com.tr\/index.php\/wp-json\/wp\/v2\/product_cat?post=763539"},{"taxonomy":"product_tag","embeddable":true,"href":"https:\/\/roveyayinevi.com.tr\/index.php\/wp-json\/wp\/v2\/product_tag?post=763539"}],"curies":[{"name":"wp","href":"https:\/\/api.w.org\/{rel}","templated":true}]}}