{"id":763538,"date":"2025-08-28T10:44:02","date_gmt":"2025-08-28T07:44:02","guid":{"rendered":"https:\/\/roveyayinevi.com.tr\/index.php\/urun\/hoscakal-ortadogu\/"},"modified":"2026-04-15T03:28:46","modified_gmt":"2026-04-15T00:28:46","slug":"hoscakal-ortadogu","status":"publish","type":"product","link":"https:\/\/roveyayinevi.com.tr\/index.php\/urun\/hoscakal-ortadogu\/","title":{"rendered":"Ho\u015f\u00e7akal Ortado\u011fu"},"content":{"rendered":"<p>Ay\u015fe Topba\u015f, ge\u00e7mi\u015f zaman seyyahlar\u0131n\u0131n hayal\u00ee rehberli\u011finde \u00e7ok s\u0131k u\u011franmayan \u00e7ekici Ortado\u011fu kentlerinde gezmeye davet ediyor okuru. \u0130bn Battuta, Marco Polo gibi me\u015fhur orta\u00e7a\u011f seyyahlar\u0131n\u0131n yard\u0131m\u0131yla bir yol haritas\u0131 \u00e7\u0131kar\u0131yor, Gerard de Nerval, Pierre Loti, Johann Burckhardt, Jean Chardin gibi Avrupal\u0131 gezginlerle yoluna devam ediyor. Roma\u2019n\u0131n me\u015fhur gezgin kral\u0131 Hadrian\u2019dan Arap yar\u0131madas\u0131nda \u201c\u00c7\u00f6l Krali\u00e7esi\u201d olarak bilinen Gertrude Bell&#8217;e, Osmanl\u0131n\u0131n par\u00e7alanmas\u0131nda rol oynayan Arabistanl\u0131 Lawrence&#8217;dan Yemen sevdal\u0131s\u0131 \u00fcnl\u00fc y\u00f6netmen Pasolini&#8217;ye kadar bir\u00e7ok tarihsel fig\u00fcr kitapta yerlerini al\u0131yor. Yazar, arka planda Ortado\u011fuda hayat ile i\u00e7 i\u00e7e girmi\u015f dini rit\u00fceller, mitler, s\u00f6ylencelerden bahsederken, tarih, edebiyat ve g\u00f6rsel sanatlar gibi pencerelerden bakarak dolamba\u00e7l\u0131 bir co\u011frafyan\u0131n i\u00e7ine girmemizi sa\u011fl\u0131yor. Yazar\u0131n tamam\u0131 kendi profesyonel \u00e7ekimlerinden olu\u015fan otuz alt\u0131 sayfal\u0131k foto\u011fraf alb\u00fcm\u00fc e\u015fli\u011finde&#8230;<\/p>\n","protected":false},"excerpt":{"rendered":"<p>Ay\u015fe Topba\u015f, ge\u00e7mi\u015f zaman seyyahlar\u0131n\u0131n hayal\u00ee rehberli\u011finde \u00e7ok s\u0131k u\u011franmayan \u00e7ekici Ortado\u011fu kentlerinde gezmeye davet ediyor okuru. \u0130bn Battuta, Marco Polo gibi me\u015fhur orta\u00e7a\u011f seyyahlar\u0131n\u0131n yard\u0131m\u0131yla<span class=\"excerpt-hellip\"> [\u2026]<\/span><\/p>\n","protected":false},"featured_media":0,"template":"","meta":{"_monsterinsights_skip_tracking":false,"_monsterinsights_sitenote_active":false,"_monsterinsights_sitenote_note":"","_monsterinsights_sitenote_category":0},"product_brand":[],"product_cat":[13055,13054],"product_tag":[],"class_list":{"0":"post-763538","1":"product","2":"type-product","3":"status-publish","5":"product_cat-gezi-rehberi","6":"product_cat-gezi-ve-rehber-kitaplari","7":"pa_cilt-ciltsiz","8":"pa_tur-kitap","9":"pa_yayinevi-iyidusun-yayinlari","10":"pa_yazar-ayse-topbas","12":"first","13":"instock","14":"sale","15":"shipping-taxable","16":"purchasable","17":"product-type-simple"},"_links":{"self":[{"href":"https:\/\/roveyayinevi.com.tr\/index.php\/wp-json\/wp\/v2\/product\/763538","targetHints":{"allow":["GET"]}}],"collection":[{"href":"https:\/\/roveyayinevi.com.tr\/index.php\/wp-json\/wp\/v2\/product"}],"about":[{"href":"https:\/\/roveyayinevi.com.tr\/index.php\/wp-json\/wp\/v2\/types\/product"}],"wp:attachment":[{"href":"https:\/\/roveyayinevi.com.tr\/index.php\/wp-json\/wp\/v2\/media?parent=763538"}],"wp:term":[{"taxonomy":"product_brand","embeddable":true,"href":"https:\/\/roveyayinevi.com.tr\/index.php\/wp-json\/wp\/v2\/product_brand?post=763538"},{"taxonomy":"product_cat","embeddable":true,"href":"https:\/\/roveyayinevi.com.tr\/index.php\/wp-json\/wp\/v2\/product_cat?post=763538"},{"taxonomy":"product_tag","embeddable":true,"href":"https:\/\/roveyayinevi.com.tr\/index.php\/wp-json\/wp\/v2\/product_tag?post=763538"}],"curies":[{"name":"wp","href":"https:\/\/api.w.org\/{rel}","templated":true}]}}