{"id":763536,"date":"2025-08-28T10:43:58","date_gmt":"2025-08-28T07:43:58","guid":{"rendered":"https:\/\/roveyayinevi.com.tr\/index.php\/urun\/lanet-olasi-ezik-nishiga-hachi-3\/"},"modified":"2026-04-15T03:28:46","modified_gmt":"2026-04-15T00:28:46","slug":"lanet-olasi-ezik-nishiga-hachi-3","status":"publish","type":"product","link":"https:\/\/roveyayinevi.com.tr\/index.php\/urun\/lanet-olasi-ezik-nishiga-hachi-3\/","title":{"rendered":"Lanet Olas\u0131 Ezik Nishiga Hachi 3"},"content":{"rendered":"<p>SONBAHAR B\u0130TERKEN OKUL FEST\u0130VAL\u0130 SEZONU DA N\u0130HAYET BA\u015eLIYOR! FEST\u0130VAL HAZIRLIKLARIYLA ME\u015eGUL OLURKEN HEYECANDAN D\u0130KKATLER\u0130 DA\u011eILAN HACH\u0130 VE AZUMA\u2019NIN \u0130L\u0130\u015eK\u0130S\u0130 DE AYNI SONBAHAR G\u0130B\u0130 YAVA\u015e YAVA\u015e DE\u011e\u0130\u015eMEYE BA\u015eLAR&#8230; ACABA \u0130L\u0130\u015eK\u0130LER\u0130N\u0130N KADER\u0130 NE OLACAKTIR?&#8230; (FIGHTING HACH\u0130!) ROMANT\u0130K KOMED\u0130 TAMAMLANIYOR!!! <\/p>\n","protected":false},"excerpt":{"rendered":"<p>SONBAHAR B\u0130TERKEN OKUL FEST\u0130VAL\u0130 SEZONU DA N\u0130HAYET BA\u015eLIYOR! FEST\u0130VAL HAZIRLIKLARIYLA ME\u015eGUL OLURKEN HEYECANDAN D\u0130KKATLER\u0130 DA\u011eILAN HACH\u0130 VE AZUMA\u2019NIN \u0130L\u0130\u015eK\u0130S\u0130 DE AYNI SONBAHAR G\u0130B\u0130 YAVA\u015e YAVA\u015e DE\u011e\u0130\u015eMEYE<span class=\"excerpt-hellip\"> [\u2026]<\/span><\/p>\n","protected":false},"featured_media":0,"template":"","meta":{"_monsterinsights_skip_tracking":false,"_monsterinsights_sitenote_active":false,"_monsterinsights_sitenote_note":"","_monsterinsights_sitenote_category":0},"product_brand":[],"product_cat":[12416,12291],"product_tag":[],"class_list":{"0":"post-763536","1":"product","2":"type-product","3":"status-publish","5":"product_cat-cizgi-roman","6":"product_cat-edebiyat","7":"pa_cilt-ciltsiz","8":"pa_tur-kitap","9":"pa_yayinevi-athica-yayinlari","10":"pa_yazar-kamatama","12":"first","13":"instock","14":"sale","15":"shipping-taxable","16":"purchasable","17":"product-type-simple"},"_links":{"self":[{"href":"https:\/\/roveyayinevi.com.tr\/index.php\/wp-json\/wp\/v2\/product\/763536","targetHints":{"allow":["GET"]}}],"collection":[{"href":"https:\/\/roveyayinevi.com.tr\/index.php\/wp-json\/wp\/v2\/product"}],"about":[{"href":"https:\/\/roveyayinevi.com.tr\/index.php\/wp-json\/wp\/v2\/types\/product"}],"wp:attachment":[{"href":"https:\/\/roveyayinevi.com.tr\/index.php\/wp-json\/wp\/v2\/media?parent=763536"}],"wp:term":[{"taxonomy":"product_brand","embeddable":true,"href":"https:\/\/roveyayinevi.com.tr\/index.php\/wp-json\/wp\/v2\/product_brand?post=763536"},{"taxonomy":"product_cat","embeddable":true,"href":"https:\/\/roveyayinevi.com.tr\/index.php\/wp-json\/wp\/v2\/product_cat?post=763536"},{"taxonomy":"product_tag","embeddable":true,"href":"https:\/\/roveyayinevi.com.tr\/index.php\/wp-json\/wp\/v2\/product_tag?post=763536"}],"curies":[{"name":"wp","href":"https:\/\/api.w.org\/{rel}","templated":true}]}}