{"id":763535,"date":"2025-08-28T10:43:56","date_gmt":"2025-08-28T07:43:56","guid":{"rendered":"https:\/\/roveyayinevi.com.tr\/index.php\/urun\/deniz-bilimi\/"},"modified":"2026-04-15T03:28:46","modified_gmt":"2026-04-15T00:28:46","slug":"deniz-bilimi","status":"publish","type":"product","link":"https:\/\/roveyayinevi.com.tr\/index.php\/urun\/deniz-bilimi\/","title":{"rendered":"Deniz Bilimi"},"content":{"rendered":"<p>Okyanuslar, hayat dolu ve merak uyand\u0131ran bir d\u00fcnyad\u0131r. STEM Bilim Ansiklopedisi serisinin Deniz Bilimi kitab\u0131, okyanuslar\u0131n co\u011frafyas\u0131n\u0131 olu\u015fturan temel konular\u0131 ke\u015ffederken ayn\u0131 zamanda do\u011fal tarihini, ke\u015ffini ve insanlar taraf\u0131ndan kullan\u0131m\u0131n\u0131 inceliyor. Ayr\u0131ca STEM bilimlerinin anahtar kavramlar\u0131n\u0131 i\u00e7eren detayl\u0131 bir kelime da\u011farc\u0131\u011f\u0131 sunuyor. Kesit diyagramlar ve bilgi kutular\u0131yla zenginle\u015ftirilmi\u015f olan bu kitap, canl\u0131 renklerle desteklenen \u00e7izimlerle de dikkat \u00e7ekiyor. STEM Bilim Ansiklopedisi: Deniz Bilimi, okyanuslar\u0131n derinliklerindeki gizemleri ve okyanuslar\u0131n \u00f6nemini ke\u015ffetmek isteyen gen\u00e7 okurlar i\u00e7in m\u00fckemmel bir kaynak sunuyor!<\/p>\n","protected":false},"excerpt":{"rendered":"<p>Okyanuslar, hayat dolu ve merak uyand\u0131ran bir d\u00fcnyad\u0131r. STEM Bilim Ansiklopedisi serisinin Deniz Bilimi kitab\u0131, okyanuslar\u0131n co\u011frafyas\u0131n\u0131 olu\u015fturan temel konular\u0131 ke\u015ffederken ayn\u0131 zamanda do\u011fal tarihini, ke\u015ffini<span class=\"excerpt-hellip\"> [\u2026]<\/span><\/p>\n","protected":false},"featured_media":0,"template":"","meta":{"_monsterinsights_skip_tracking":false,"_monsterinsights_sitenote_active":false,"_monsterinsights_sitenote_note":"","_monsterinsights_sitenote_category":0},"product_brand":[],"product_cat":[12274,14573],"product_tag":[],"class_list":{"0":"post-763535","1":"product","2":"type-product","3":"status-publish","5":"product_cat-cocuk-ve-genclik-kitaplari","6":"product_cat-referans-kitaplar-cocuk-ve-genclik-kitaplari","7":"pa_cilt-ciltsiz","8":"pa_tur-kitap","9":"pa_yayinevi-cocuk-gelisimi-yayinlari","10":"pa_yazar-bramblekids","12":"first","13":"instock","14":"sale","15":"shipping-taxable","16":"purchasable","17":"product-type-simple"},"_links":{"self":[{"href":"https:\/\/roveyayinevi.com.tr\/index.php\/wp-json\/wp\/v2\/product\/763535","targetHints":{"allow":["GET"]}}],"collection":[{"href":"https:\/\/roveyayinevi.com.tr\/index.php\/wp-json\/wp\/v2\/product"}],"about":[{"href":"https:\/\/roveyayinevi.com.tr\/index.php\/wp-json\/wp\/v2\/types\/product"}],"wp:attachment":[{"href":"https:\/\/roveyayinevi.com.tr\/index.php\/wp-json\/wp\/v2\/media?parent=763535"}],"wp:term":[{"taxonomy":"product_brand","embeddable":true,"href":"https:\/\/roveyayinevi.com.tr\/index.php\/wp-json\/wp\/v2\/product_brand?post=763535"},{"taxonomy":"product_cat","embeddable":true,"href":"https:\/\/roveyayinevi.com.tr\/index.php\/wp-json\/wp\/v2\/product_cat?post=763535"},{"taxonomy":"product_tag","embeddable":true,"href":"https:\/\/roveyayinevi.com.tr\/index.php\/wp-json\/wp\/v2\/product_tag?post=763535"}],"curies":[{"name":"wp","href":"https:\/\/api.w.org\/{rel}","templated":true}]}}