{"id":763534,"date":"2025-08-28T10:43:54","date_gmt":"2025-08-28T07:43:54","guid":{"rendered":"https:\/\/roveyayinevi.com.tr\/index.php\/urun\/insan-vucudu-5\/"},"modified":"2026-04-15T03:28:46","modified_gmt":"2026-04-15T00:28:46","slug":"insan-vucudu-5","status":"publish","type":"product","link":"https:\/\/roveyayinevi.com.tr\/index.php\/urun\/insan-vucudu-5\/","title":{"rendered":"\u0130nsan V\u00fccudu"},"content":{"rendered":"<p>V\u00fccudumuzun i\u00e7inde neler oluyor da bizi sa\u011fl\u0131kl\u0131 ve aktif tutuyor? STEM Bilim Ansiklopedisi serisinin \u0130nsan V\u00fccudu kitab\u0131, b\u00fct\u00fcn uzuvlar\u0131m\u0131z\u0131 ve organlar\u0131m\u0131z\u0131 ke\u015ffederken, g\u00fcnl\u00fck ya\u015fam\u0131m\u0131zda onlara y\u00fckledi\u011fimiz g\u00f6revleri ayr\u0131nt\u0131l\u0131 bir \u015fekilde inceliyor. Ayr\u0131ca STEM bilimlerinin anahtar kavramlar\u0131n\u0131 i\u00e7eren detayl\u0131 bir kelime da\u011farc\u0131\u011f\u0131 sunuyor. Kesit diyagramlar ve bilgi kutular\u0131yla zenginle\u015ftirilmi\u015f olan bu kitap, canl\u0131 renklerle desteklenen \u00e7izimlerle de dikkat \u00e7ekiyor. STEM Bilim Ansiklopedisi: \u0130nsan V\u00fccudu, v\u00fccudun i\u015fleyi\u015fini anlamak ve sa\u011fl\u0131kl\u0131 bir ya\u015fam konusunda bilin\u00e7lenmek isteyen gen\u00e7 okurlar i\u00e7in m\u00fckemmel bir rehber niteli\u011fi ta\u015f\u0131yor!<\/p>\n","protected":false},"excerpt":{"rendered":"<p>V\u00fccudumuzun i\u00e7inde neler oluyor da bizi sa\u011fl\u0131kl\u0131 ve aktif tutuyor? STEM Bilim Ansiklopedisi serisinin \u0130nsan V\u00fccudu kitab\u0131, b\u00fct\u00fcn uzuvlar\u0131m\u0131z\u0131 ve organlar\u0131m\u0131z\u0131 ke\u015ffederken, g\u00fcnl\u00fck ya\u015fam\u0131m\u0131zda onlara y\u00fckledi\u011fimiz<span class=\"excerpt-hellip\"> [\u2026]<\/span><\/p>\n","protected":false},"featured_media":0,"template":"","meta":{"_monsterinsights_skip_tracking":false,"_monsterinsights_sitenote_active":false,"_monsterinsights_sitenote_note":"","_monsterinsights_sitenote_category":0},"product_brand":[],"product_cat":[12274,14573],"product_tag":[],"class_list":{"0":"post-763534","1":"product","2":"type-product","3":"status-publish","5":"product_cat-cocuk-ve-genclik-kitaplari","6":"product_cat-referans-kitaplar-cocuk-ve-genclik-kitaplari","7":"pa_cilt-ciltsiz","8":"pa_tur-kitap","9":"pa_yayinevi-cocuk-gelisimi-yayinlari","10":"pa_yazar-bramblekids","12":"first","13":"instock","14":"sale","15":"shipping-taxable","16":"purchasable","17":"product-type-simple"},"_links":{"self":[{"href":"https:\/\/roveyayinevi.com.tr\/index.php\/wp-json\/wp\/v2\/product\/763534","targetHints":{"allow":["GET"]}}],"collection":[{"href":"https:\/\/roveyayinevi.com.tr\/index.php\/wp-json\/wp\/v2\/product"}],"about":[{"href":"https:\/\/roveyayinevi.com.tr\/index.php\/wp-json\/wp\/v2\/types\/product"}],"wp:attachment":[{"href":"https:\/\/roveyayinevi.com.tr\/index.php\/wp-json\/wp\/v2\/media?parent=763534"}],"wp:term":[{"taxonomy":"product_brand","embeddable":true,"href":"https:\/\/roveyayinevi.com.tr\/index.php\/wp-json\/wp\/v2\/product_brand?post=763534"},{"taxonomy":"product_cat","embeddable":true,"href":"https:\/\/roveyayinevi.com.tr\/index.php\/wp-json\/wp\/v2\/product_cat?post=763534"},{"taxonomy":"product_tag","embeddable":true,"href":"https:\/\/roveyayinevi.com.tr\/index.php\/wp-json\/wp\/v2\/product_tag?post=763534"}],"curies":[{"name":"wp","href":"https:\/\/api.w.org\/{rel}","templated":true}]}}