{"id":763533,"date":"2025-08-28T10:43:52","date_gmt":"2025-08-28T07:43:52","guid":{"rendered":"https:\/\/roveyayinevi.com.tr\/index.php\/urun\/stem-bilim-ansiklopedisi-dunya\/"},"modified":"2026-04-15T03:28:45","modified_gmt":"2026-04-15T00:28:45","slug":"stem-bilim-ansiklopedisi-dunya","status":"publish","type":"product","link":"https:\/\/roveyayinevi.com.tr\/index.php\/urun\/stem-bilim-ansiklopedisi-dunya\/","title":{"rendered":"Stem Bilim Ansiklopedisi : D\u00fcnya"},"content":{"rendered":"<p>Ya\u015fad\u0131\u011f\u0131m\u0131z gezegenin i\u00e7inde neler olup bitti\u011fini hi\u00e7 merak ettiniz mi? STEM Bilim Ansiklopedisi serisinin D\u00fcnya kitab\u0131, D\u00fcnya&#8217;n\u0131n co\u011frafi yap\u0131s\u0131n\u0131 olu\u015fturan temel alanlar\u0131 ke\u015ffederken, onun de\u011fi\u015fen \u015feklini ve faaliyetlerini izleyip kaydeden aletleri ve icatlar\u0131 da inceliyor. Ayr\u0131ca STEM bilimlerinin anahtar kavramlar\u0131n\u0131 i\u00e7eren detayl\u0131 bir kelime da\u011farc\u0131\u011f\u0131 sunuyor. Kesit diyagramlar ve bilgi kutular\u0131yla zenginle\u015ftirilmi\u015f olan bu kitap, canl\u0131 renklerle desteklenen \u00e7izimlerle de dikkat \u00e7ekiyor. STEM Bilim Ansiklopedisi: D\u00fcnya, gezegenimizin gizemlerini ke\u015ffetmek ve hareketlerini anlamak isteyen gen\u00e7 okurlar i\u00e7in e\u011flenceli ve bilgilendirici bir kaynak sunuyor!<\/p>\n","protected":false},"excerpt":{"rendered":"<p>Ya\u015fad\u0131\u011f\u0131m\u0131z gezegenin i\u00e7inde neler olup bitti\u011fini hi\u00e7 merak ettiniz mi? STEM Bilim Ansiklopedisi serisinin D\u00fcnya kitab\u0131, D\u00fcnya&#8217;n\u0131n co\u011frafi yap\u0131s\u0131n\u0131 olu\u015fturan temel alanlar\u0131 ke\u015ffederken, onun de\u011fi\u015fen \u015feklini<span class=\"excerpt-hellip\"> [\u2026]<\/span><\/p>\n","protected":false},"featured_media":0,"template":"","meta":{"_monsterinsights_skip_tracking":false,"_monsterinsights_sitenote_active":false,"_monsterinsights_sitenote_note":"","_monsterinsights_sitenote_category":0},"product_brand":[],"product_cat":[12274,14573],"product_tag":[],"class_list":{"0":"post-763533","1":"product","2":"type-product","3":"status-publish","5":"product_cat-cocuk-ve-genclik-kitaplari","6":"product_cat-referans-kitaplar-cocuk-ve-genclik-kitaplari","7":"pa_cilt-ciltsiz","8":"pa_tur-kitap","9":"pa_yayinevi-cocuk-gelisimi-yayinlari","10":"pa_yazar-bramblekids","12":"first","13":"instock","14":"sale","15":"shipping-taxable","16":"purchasable","17":"product-type-simple"},"_links":{"self":[{"href":"https:\/\/roveyayinevi.com.tr\/index.php\/wp-json\/wp\/v2\/product\/763533","targetHints":{"allow":["GET"]}}],"collection":[{"href":"https:\/\/roveyayinevi.com.tr\/index.php\/wp-json\/wp\/v2\/product"}],"about":[{"href":"https:\/\/roveyayinevi.com.tr\/index.php\/wp-json\/wp\/v2\/types\/product"}],"wp:attachment":[{"href":"https:\/\/roveyayinevi.com.tr\/index.php\/wp-json\/wp\/v2\/media?parent=763533"}],"wp:term":[{"taxonomy":"product_brand","embeddable":true,"href":"https:\/\/roveyayinevi.com.tr\/index.php\/wp-json\/wp\/v2\/product_brand?post=763533"},{"taxonomy":"product_cat","embeddable":true,"href":"https:\/\/roveyayinevi.com.tr\/index.php\/wp-json\/wp\/v2\/product_cat?post=763533"},{"taxonomy":"product_tag","embeddable":true,"href":"https:\/\/roveyayinevi.com.tr\/index.php\/wp-json\/wp\/v2\/product_tag?post=763533"}],"curies":[{"name":"wp","href":"https:\/\/api.w.org\/{rel}","templated":true}]}}