{"id":763532,"date":"2025-08-28T10:43:51","date_gmt":"2025-08-28T07:43:51","guid":{"rendered":"https:\/\/roveyayinevi.com.tr\/index.php\/urun\/stem-bilim-ansiklopedisi-icatlar\/"},"modified":"2026-04-15T03:28:45","modified_gmt":"2026-04-15T00:28:45","slug":"stem-bilim-ansiklopedisi-icatlar","status":"publish","type":"product","link":"https:\/\/roveyayinevi.com.tr\/index.php\/urun\/stem-bilim-ansiklopedisi-icatlar\/","title":{"rendered":"Stem Bilim Ansiklopedisi : \u0130catlar"},"content":{"rendered":"<p>G\u00fcnl\u00fck hayatta kulland\u0131\u011f\u0131m\u0131z faydal\u0131 aletlerin ve nesnelerin kimler taraf\u0131ndan icat edildi\u011fini hi\u00e7 merak ettiniz mi? STEM Bilim Ansiklopedisi serisinin \u0130catlar kitab\u0131; makinelerin, aletlerin ve icatlar\u0131n k\u00f6kenlerini ara\u015ft\u0131r\u0131rken, bu icatlar\u0131n ger\u00e7ekle\u015fmesine \u00f6nc\u00fcl\u00fck eden ki\u015fileri de inceliyor. Ayr\u0131ca STEM bilimlerinin anahtar kavramlar\u0131n\u0131 i\u00e7eren detayl\u0131 bir kelime sa\u011farc\u0131\u011f\u0131 sunuyor. Kesit diyagramlar ve bilgi kutular\u0131yla zenginle\u015ftirilmi\u015f olan bu kitap, canl\u0131 renklerle desteklenen \u00e7izimlerle de dikkat \u00e7ekiyor. STEM Bilim Ansiklopedisi: \u0130catlar, bilim insanlar\u0131n\u0131n ve icatlar\u0131n\u0131n hik\u00e2yelerini merak eden gen\u00e7 okurlar i\u00e7in ilham verici bir kaynak olacak!<\/p>\n","protected":false},"excerpt":{"rendered":"<p>G\u00fcnl\u00fck hayatta kulland\u0131\u011f\u0131m\u0131z faydal\u0131 aletlerin ve nesnelerin kimler taraf\u0131ndan icat edildi\u011fini hi\u00e7 merak ettiniz mi? STEM Bilim Ansiklopedisi serisinin \u0130catlar kitab\u0131; makinelerin, aletlerin ve icatlar\u0131n k\u00f6kenlerini<span class=\"excerpt-hellip\"> [\u2026]<\/span><\/p>\n","protected":false},"featured_media":0,"template":"","meta":{"_monsterinsights_skip_tracking":false,"_monsterinsights_sitenote_active":false,"_monsterinsights_sitenote_note":"","_monsterinsights_sitenote_category":0},"product_brand":[],"product_cat":[12274,14573],"product_tag":[],"class_list":{"0":"post-763532","1":"product","2":"type-product","3":"status-publish","5":"product_cat-cocuk-ve-genclik-kitaplari","6":"product_cat-referans-kitaplar-cocuk-ve-genclik-kitaplari","7":"pa_cilt-ciltsiz","8":"pa_tur-kitap","9":"pa_yayinevi-cocuk-gelisimi-yayinlari","10":"pa_yazar-bramblekids","12":"first","13":"instock","14":"sale","15":"shipping-taxable","16":"purchasable","17":"product-type-simple"},"_links":{"self":[{"href":"https:\/\/roveyayinevi.com.tr\/index.php\/wp-json\/wp\/v2\/product\/763532","targetHints":{"allow":["GET"]}}],"collection":[{"href":"https:\/\/roveyayinevi.com.tr\/index.php\/wp-json\/wp\/v2\/product"}],"about":[{"href":"https:\/\/roveyayinevi.com.tr\/index.php\/wp-json\/wp\/v2\/types\/product"}],"wp:attachment":[{"href":"https:\/\/roveyayinevi.com.tr\/index.php\/wp-json\/wp\/v2\/media?parent=763532"}],"wp:term":[{"taxonomy":"product_brand","embeddable":true,"href":"https:\/\/roveyayinevi.com.tr\/index.php\/wp-json\/wp\/v2\/product_brand?post=763532"},{"taxonomy":"product_cat","embeddable":true,"href":"https:\/\/roveyayinevi.com.tr\/index.php\/wp-json\/wp\/v2\/product_cat?post=763532"},{"taxonomy":"product_tag","embeddable":true,"href":"https:\/\/roveyayinevi.com.tr\/index.php\/wp-json\/wp\/v2\/product_tag?post=763532"}],"curies":[{"name":"wp","href":"https:\/\/api.w.org\/{rel}","templated":true}]}}