{"id":763531,"date":"2025-08-28T10:43:48","date_gmt":"2025-08-28T07:43:48","guid":{"rendered":"https:\/\/roveyayinevi.com.tr\/index.php\/urun\/buyucunun-geri-donusu-2\/"},"modified":"2026-04-15T03:28:45","modified_gmt":"2026-04-15T00:28:45","slug":"buyucunun-geri-donusu-2","status":"publish","type":"product","link":"https:\/\/roveyayinevi.com.tr\/index.php\/urun\/buyucunun-geri-donusu-2\/","title":{"rendered":"B\u00fcy\u00fcc\u00fcn\u00fcn Geri D\u00f6n\u00fc\u015f\u00fc -2"},"content":{"rendered":"<p>EVET, O ZAMAN&#8230; \u00c7AMUR SAVA\u015eI\u2019NA BA\u015eLAYALIM MI?   ALFA SINIFI\u2019NA GE\u00c7MEY\u0130 HEDEFLEYEN ROMANT\u0130CA, PRAM VE DES\u0130R SEV\u0130YE ATLAMA SINAVI \u0130\u00c7\u0130N TAM KAPSAMLI B\u0130R E\u011e\u0130T\u0130ME BA\u015eLARLAR.   DES\u0130R\u2019\u0130N KUL\u00dcB\u00dc, BETA SINIFI TAR\u0130H\u0130NDE E\u015e\u0130 BENZER\u0130 G\u00d6R\u00dcLMEM\u0130\u015e B\u0130R PERFORMANS SERG\u0130LEMES\u0130 NEDEN\u0130YLE B\u0130R\u00c7OK K\u0130\u015e\u0130N\u0130N \u0130LG\u0130S\u0130N\u0130 \u00c7EKER. TEKRAR SAVA\u015eMALARI GEREKECE\u011e\u0130N\u0130 B\u0130LEN AJEST, DES\u0130R\u2019E SAVA\u015e \u0130LAN EDER.   VE SONUNDA TEZAH\u00dcRAT VE BA\u011eIRI\u015eLAR, K\u00dc\u00c7\u00dcMSEME VE KISKAN\u00c7LIKLARLA DOLU B\u0130R ORTAMDA K\u0130M\u0130N \u0130LK DOKUZA G\u0130R\u0130P TEK R\u00dcTBEL\u0130 UNVANINI ALACA\u011eINI BEL\u0130RLEYEN SEV\u0130YE ATLAMA SINAVI BA\u015eLIYOR! <\/p>\n","protected":false},"excerpt":{"rendered":"<p>EVET, O ZAMAN&#8230; \u00c7AMUR SAVA\u015eI\u2019NA BA\u015eLAYALIM MI? ALFA SINIFI\u2019NA GE\u00c7MEY\u0130 HEDEFLEYEN ROMANT\u0130CA, PRAM VE DES\u0130R SEV\u0130YE ATLAMA SINAVI \u0130\u00c7\u0130N TAM KAPSAMLI B\u0130R E\u011e\u0130T\u0130ME BA\u015eLARLAR. DES\u0130R\u2019\u0130N KUL\u00dcB\u00dc,<span class=\"excerpt-hellip\"> [\u2026]<\/span><\/p>\n","protected":false},"featured_media":0,"template":"","meta":{"_monsterinsights_skip_tracking":false,"_monsterinsights_sitenote_active":false,"_monsterinsights_sitenote_note":"","_monsterinsights_sitenote_category":0},"product_brand":[],"product_cat":[12416,12291],"product_tag":[],"class_list":{"0":"post-763531","1":"product","2":"type-product","3":"status-publish","5":"product_cat-cizgi-roman","6":"product_cat-edebiyat","7":"pa_cilt-ciltsiz","8":"pa_tur-kitap","9":"pa_yayinevi-athica-yayinlari","10":"pa_yazar-wook-jak-ga","12":"first","13":"instock","14":"sale","15":"shipping-taxable","16":"purchasable","17":"product-type-simple"},"_links":{"self":[{"href":"https:\/\/roveyayinevi.com.tr\/index.php\/wp-json\/wp\/v2\/product\/763531","targetHints":{"allow":["GET"]}}],"collection":[{"href":"https:\/\/roveyayinevi.com.tr\/index.php\/wp-json\/wp\/v2\/product"}],"about":[{"href":"https:\/\/roveyayinevi.com.tr\/index.php\/wp-json\/wp\/v2\/types\/product"}],"wp:attachment":[{"href":"https:\/\/roveyayinevi.com.tr\/index.php\/wp-json\/wp\/v2\/media?parent=763531"}],"wp:term":[{"taxonomy":"product_brand","embeddable":true,"href":"https:\/\/roveyayinevi.com.tr\/index.php\/wp-json\/wp\/v2\/product_brand?post=763531"},{"taxonomy":"product_cat","embeddable":true,"href":"https:\/\/roveyayinevi.com.tr\/index.php\/wp-json\/wp\/v2\/product_cat?post=763531"},{"taxonomy":"product_tag","embeddable":true,"href":"https:\/\/roveyayinevi.com.tr\/index.php\/wp-json\/wp\/v2\/product_tag?post=763531"}],"curies":[{"name":"wp","href":"https:\/\/api.w.org\/{rel}","templated":true}]}}