{"id":763530,"date":"2025-08-28T10:43:47","date_gmt":"2025-08-28T07:43:47","guid":{"rendered":"https:\/\/roveyayinevi.com.tr\/index.php\/urun\/uyanis-ve-tuzaklari\/"},"modified":"2026-04-15T03:28:45","modified_gmt":"2026-04-15T00:28:45","slug":"uyanis-ve-tuzaklari","status":"publish","type":"product","link":"https:\/\/roveyayinevi.com.tr\/index.php\/urun\/uyanis-ve-tuzaklari\/","title":{"rendered":"Uyan\u0131\u015f ve Tuzaklar\u0131"},"content":{"rendered":"<p>&#8220;Ger\u00e7ek uyan\u0131\u015f, ba\u015fkalar\u0131n\u0131n \u00f6\u011fretilerinde de\u011fil, kendi hakikatinizde sakl\u0131d\u0131r.&#8221;   \u0130\u00e7sel seyahatlerin yollar\u0131 her zaman ayd\u0131nl\u0131k ve g\u00fcvenli de\u011fildir. Kimi zaman \u0131\u015f\u0131\u011f\u0131n ard\u0131nda karanl\u0131k g\u00f6lgeler saklan\u0131r; ruhu besleyecek s\u00f6zler, sahte rehberlerin dilinde az\u0131l\u0131 tuzaklara d\u00f6n\u00fc\u015f\u00fcr. Yirmi y\u0131ll\u0131k bir gazeteci olarak kaleme ald\u0131\u011f\u0131m bu kitap, ger\u00e7ek \u0131\u015f\u0131\u011f\u0131 arayanlar\u0131n kar\u015f\u0131la\u015ft\u0131\u011f\u0131 s\u0131navlar\u0131 ve ruhani d\u00fcnyay\u0131 kendi \u00e7\u0131karlar\u0131 u\u011fruna s\u00f6m\u00fcrenlerin maskelerini d\u00fc\u015f\u00fcr\u00fcyor. \u201cGer\u00e7ek uyan\u0131\u015f\u0131n\u201d ne oldu\u011funu a\u00e7\u0131kl\u0131yor. Spirit\u00fcel manip\u00fclasyonlara kar\u015f\u0131 y\u00fcrekle akl\u0131n birlikte e\u015flik edece\u011fi bir yol haritas\u0131 sunuyorum size.   \u0130\u00e7sel \u0131\u015f\u0131\u011f\u0131n\u0131z\u0131 bulmak i\u00e7in \u00e7\u0131kt\u0131\u011f\u0131n\u0131z bir spirit\u00fcel yolculukta, kime g\u00fcvenece\u011finizi nas\u0131l anlayacaks\u0131n\u0131z, sahte rehberlerin cazibesine kap\u0131lmadan, hakikatin izini nas\u0131l s\u00fcreceksiniz?  Spirit\u00fcel camiaya dair kimsenin bilmedi\u011fi hakikatleri ve bu s\u00fcre\u00e7te ya\u015fad\u0131klar\u0131m\u0131 t\u00fcm zorluklar\u0131na ra\u011fmen t\u00fcm \u00e7\u0131plakl\u0131\u011f\u0131yla yazd\u0131m.   Katk\u0131 olmas\u0131 dile\u011fiyle&#8230; <\/p>\n","protected":false},"excerpt":{"rendered":"<p>&#8220;Ger\u00e7ek uyan\u0131\u015f, ba\u015fkalar\u0131n\u0131n \u00f6\u011fretilerinde de\u011fil, kendi hakikatinizde sakl\u0131d\u0131r.&#8221; \u0130\u00e7sel seyahatlerin yollar\u0131 her zaman ayd\u0131nl\u0131k ve g\u00fcvenli de\u011fildir. Kimi zaman \u0131\u015f\u0131\u011f\u0131n ard\u0131nda karanl\u0131k g\u00f6lgeler saklan\u0131r; ruhu besleyecek<span class=\"excerpt-hellip\"> [\u2026]<\/span><\/p>\n","protected":false},"featured_media":0,"template":"","meta":{"_monsterinsights_skip_tracking":false,"_monsterinsights_sitenote_active":false,"_monsterinsights_sitenote_note":"","_monsterinsights_sitenote_category":0},"product_brand":[],"product_cat":[12364,16154],"product_tag":[],"class_list":{"0":"post-763530","1":"product","2":"type-product","3":"status-publish","5":"product_cat-genel-konular","6":"product_cat-parapsikoloji","7":"pa_cilt-ciltsiz","8":"pa_tur-kitap","9":"pa_yayinevi-destek-yayinlari","10":"pa_yazar-ilkay-buharali","12":"first","13":"instock","14":"sale","15":"shipping-taxable","16":"purchasable","17":"product-type-simple"},"_links":{"self":[{"href":"https:\/\/roveyayinevi.com.tr\/index.php\/wp-json\/wp\/v2\/product\/763530","targetHints":{"allow":["GET"]}}],"collection":[{"href":"https:\/\/roveyayinevi.com.tr\/index.php\/wp-json\/wp\/v2\/product"}],"about":[{"href":"https:\/\/roveyayinevi.com.tr\/index.php\/wp-json\/wp\/v2\/types\/product"}],"wp:attachment":[{"href":"https:\/\/roveyayinevi.com.tr\/index.php\/wp-json\/wp\/v2\/media?parent=763530"}],"wp:term":[{"taxonomy":"product_brand","embeddable":true,"href":"https:\/\/roveyayinevi.com.tr\/index.php\/wp-json\/wp\/v2\/product_brand?post=763530"},{"taxonomy":"product_cat","embeddable":true,"href":"https:\/\/roveyayinevi.com.tr\/index.php\/wp-json\/wp\/v2\/product_cat?post=763530"},{"taxonomy":"product_tag","embeddable":true,"href":"https:\/\/roveyayinevi.com.tr\/index.php\/wp-json\/wp\/v2\/product_tag?post=763530"}],"curies":[{"name":"wp","href":"https:\/\/api.w.org\/{rel}","templated":true}]}}