{"id":763527,"date":"2025-08-28T10:43:42","date_gmt":"2025-08-28T07:43:42","guid":{"rendered":"https:\/\/roveyayinevi.com.tr\/index.php\/urun\/kayseri-seker-fabrikasinda-iz-birakanlar-bayrakli-belgeseli\/"},"modified":"2026-04-15T03:28:45","modified_gmt":"2026-04-15T00:28:45","slug":"kayseri-seker-fabrikasinda-iz-birakanlar-bayrakli-belgeseli","status":"publish","type":"product","link":"https:\/\/roveyayinevi.com.tr\/index.php\/urun\/kayseri-seker-fabrikasinda-iz-birakanlar-bayrakli-belgeseli\/","title":{"rendered":"Kayseri \u015eeker Fabrikas\u0131\u2019nda \u0130z B\u0131rakanlar \u201cBayrakl\u0131 Belgeseli\u201d"},"content":{"rendered":"<p>Ba\u015fta Say\u0131n Mehmet Bayrakl\u0131 Bey olmak \u00fczere y\u00f6netim kurulu \u00fcyelerimiz ziraat te\u015fkilat\u0131m\u0131z\u0131n organize etti\u011fi toplant\u0131larda pancar ekicilerimizin dilek ve temennilerini dinleyerek \u00e7ift\u00e7ilerimizden gelen yeni talepler ile \u00fcreticilerimize hizmet ak\u0131\u015f yelpazesini daha da geni\u015flettiler. \u00c7ift\u00e7ilerimize hizmet ak\u0131\u015f yelpazesi geni\u015fletilirken Kayseri \u015eeker Fabrikas\u0131n\u0131n g\u00fcnl\u00fck pancar i\u015fleme kapasitesinin art\u0131r\u0131lmas\u0131yla da \u00fcreticilerimiz ve Fabrika daha da kazan\u00e7l\u0131 bir hale geldi. 1992\u2019li y\u0131llarda bat\u0131k ve iflas etmi\u015f denilen Kayseri \u015eeker Fabrikas\u0131, Say\u0131n Mehmet Bayrakl\u0131 ve y\u00f6netimdeki arkada\u015flar\u0131 L\u00fcf\u00fc Y\u00fcksel, Mehmet \u00c7elikadam, Fikret Tafl\u0131o\u011flu beylerin gayretleri sonucu \u00f6zerkle\u015fmesi ve sonras\u0131 kampanyalar\u0131n\u0131 k\u00e2r ile kapat\u0131rken \u00fcreticilerimiz de daha fazla kazan\u0131r oldular. Daha \u00f6nce Kayseri \u015feker Fabrikas\u0131na bat\u0131k ve iflas etmi\u015f bir fabrika g\u00f6z\u00fcyle bakan T\u00fcrk\u015feker\u2019e ba\u011fl\u0131 yak\u0131n fabrika b\u00f6lge \u00e7ift\u00e7ileri, Kayseri \u015eekerdeki geli\u015fmeleri g\u00f6rd\u00fck\u00e7e Kayseri \u015eeker \u00e7ift\u00e7ilerine, imrenerek y\u00f6neticilerini s\u0131k\u0131\u015ft\u0131rmaya ba\u015flad\u0131lar. De\u011ferli karde\u015fim Ziya \u015eahin\u2019in haz\u0131rlam\u0131\u015f oldu\u011fu bu belgesel ile Kayseri \u015eeker\u2019in hangi a\u015famalardan ge\u00e7ti\u011finin bilinmesinde fayda var. Elbette Haf\u0131zay\u0131 Be\u015fer nisyan ile maluld\u00fcr (\u0130nsan haf\u0131zas\u0131 unutma \u00f6z\u00fcrl\u00fcd\u00fcr) Maalesef toplum haf\u0131zas\u0131 unutkan oldu\u011fu i\u00e7in alt\u0131 aydan \u00f6ncesini hat\u0131rlamaz. Zorlu zamanlarda ya\u015fananlar\u0131n toplumumuza hat\u0131rlat\u0131lmas\u0131, ortaya emek ve hizmet koyan fedakar insanlara kar\u015f\u0131 toplumumuzun minnet borcudur. &#8211; &#8211; &#8211; Ulu \u00d6nderimiz, En B\u00fcy\u00fck Kooperatif\u00e7imiz Sevgili Atat\u00fcrk&#8217;\u00fcm\u00fcz, Kutsal bir vatan ve vicdan g\u00f6revi \u015fuuruyla kurulup geli\u015ftirilen Pancar Kooperatiflerinin \u00fcst birli\u011fi Pankobirlik olarak huzurunda bulunman\u0131n engin hazz\u0131 ve gururu i\u00e7indeyiz. Yarad\u0131l\u0131\u015f\u0131ndan gelen deha ve ileri g\u00f6r\u00fc\u015f\u00fcn\u00fcn eseri olan veciz buyruklar\u0131n, bizler i\u00e7in daima ger\u00e7ek bir rehber ve hedef olarak telakki edilmi\u015ftir. Zeka ve becerilerimizi birle\u015ftirerek; &#8220;\u00d6zg\u00fcrl\u00fck ve refah&#8221; olarak niteledi\u011fin kooperatif\u00e7ili\u011fimizi ve milli ekonomimizin temeli olan ziraat\u0131m\u0131z\u0131 geli\u015ftirip, ger\u00e7ek \u00fcretici olan k\u00f6yl\u00fcm\u00fcz\u00fc lay\u0131k g\u00f6rd\u00fc\u011f\u00fcn efendili\u011fe y\u00fcceltmenin \u00f6zverili gayreti i\u00e7indeyiz. Pankobirlik; Y\u00fcce Ulusumuzu \u00e7a\u011fda\u015f medeniyet seviyesine ta\u015f\u0131mak i\u00e7in, g\u00f6sterdi\u011fin hedefler ve \u00e7izdi\u011fin yolda daima \u0131srarl\u0131 ve kararl\u0131 olacakt\u0131r. Pankobirlik&#8217;te g\u00f6revi yeni devralan ekip olarak; t\u00fcm yurt sath\u0131nda temsil etti\u011fimiz 1,5 milyon pancar \u00e7ift\u00e7i ailesi ad\u0131na en samimi \u015f\u00fckran ve tazim duygular\u0131m\u0131z\u0131 arz ediyoruz.   14 \u015eubat 1996 Mehmet BAYRAKLI Pankobirlik Y\u00f6netim Kurulu Ba\u015fkan\u0131 <\/p>\n","protected":false},"excerpt":{"rendered":"<p>Ba\u015fta Say\u0131n Mehmet Bayrakl\u0131 Bey olmak \u00fczere y\u00f6netim kurulu \u00fcyelerimiz ziraat te\u015fkilat\u0131m\u0131z\u0131n organize etti\u011fi toplant\u0131larda pancar ekicilerimizin dilek ve temennilerini dinleyerek \u00e7ift\u00e7ilerimizden gelen yeni talepler ile<span class=\"excerpt-hellip\"> [\u2026]<\/span><\/p>\n","protected":false},"featured_media":0,"template":"","meta":{"_monsterinsights_skip_tracking":false,"_monsterinsights_sitenote_active":false,"_monsterinsights_sitenote_note":"","_monsterinsights_sitenote_category":0},"product_brand":[],"product_cat":[52477],"product_tag":[],"class_list":{"0":"post-763527","1":"product","2":"type-product","3":"status-publish","5":"product_cat-arastirma","6":"pa_cilt-ciltsiz","7":"pa_tur-kitap","8":"pa_yayinevi-gulnar-yayinlari","9":"pa_yazar-ziya-sahin","11":"first","12":"instock","13":"sale","14":"shipping-taxable","15":"purchasable","16":"product-type-simple"},"_links":{"self":[{"href":"https:\/\/roveyayinevi.com.tr\/index.php\/wp-json\/wp\/v2\/product\/763527","targetHints":{"allow":["GET"]}}],"collection":[{"href":"https:\/\/roveyayinevi.com.tr\/index.php\/wp-json\/wp\/v2\/product"}],"about":[{"href":"https:\/\/roveyayinevi.com.tr\/index.php\/wp-json\/wp\/v2\/types\/product"}],"wp:attachment":[{"href":"https:\/\/roveyayinevi.com.tr\/index.php\/wp-json\/wp\/v2\/media?parent=763527"}],"wp:term":[{"taxonomy":"product_brand","embeddable":true,"href":"https:\/\/roveyayinevi.com.tr\/index.php\/wp-json\/wp\/v2\/product_brand?post=763527"},{"taxonomy":"product_cat","embeddable":true,"href":"https:\/\/roveyayinevi.com.tr\/index.php\/wp-json\/wp\/v2\/product_cat?post=763527"},{"taxonomy":"product_tag","embeddable":true,"href":"https:\/\/roveyayinevi.com.tr\/index.php\/wp-json\/wp\/v2\/product_tag?post=763527"}],"curies":[{"name":"wp","href":"https:\/\/api.w.org\/{rel}","templated":true}]}}