{"id":763526,"date":"2025-08-28T10:43:40","date_gmt":"2025-08-28T07:43:40","guid":{"rendered":"https:\/\/roveyayinevi.com.tr\/index.php\/urun\/dinle-neyden-2\/"},"modified":"2026-04-15T03:28:45","modified_gmt":"2026-04-15T00:28:45","slug":"dinle-neyden-2","status":"publish","type":"product","link":"https:\/\/roveyayinevi.com.tr\/index.php\/urun\/dinle-neyden-2\/","title":{"rendered":"Dinle Ney\u2019den"},"content":{"rendered":"<p>Tasavvuf ferdi hikmetle baslar ve bir \u00f6zg\u00fcrl\u00fck isidir. Tasavvuf bir t\u00fcr i\u00e7 deneyimdir ancak onun irfaniyetle, ak\u0131lla ilgili bir yan\u0131 da vard\u0131r. Tasavvufta bilgi yaln\u0131zca mant\u0131ksal \u00e7\u0131karsamaya dayanmaz, ayn\u0131 zamanda sezgiye, ke\u015ffe dayan\u0131r. Kendi kayna\u011f\u0131ndan hareketle kendini, insan\u0131, do\u011fay\u0131, evreni anlamland\u0131rman\u0131n yoludur.   Tasavvuf kendini tan\u0131mlarken, do\u011frudan do\u011fruya insana, insan g\u00f6nl\u00fcne hitap eder ve merkeze de insan\u0131 al\u0131r. Tasavvufta hedef \u0130nsan-\u0131 K\u00e2mil\u2019dir. \u0130nsan, Hakk\u2019a kavu\u015ftu\u011fu zaman, \u0130nsan-\u0131 K\u00e2mil olur. \u0130nsan-\u0131 K\u00e2mil her insan\u0131n kendi kemalini aramas\u0131n\u0131n yolunu anlat\u0131r ve asl\u0131nda bir mecmu-u k\u00e2inat olan insan\u0131n kendi s\u0131rr\u0131d\u0131r. Herkes bu yolu seyr-i s\u00fcl\u00fbkunda kendisi y\u00fcr\u00fcmelidir.   \u0130nsan\u0131n kendi \u00f6z nefsinde be\u015feriyetten uluhiyete do\u011fru yapt\u0131\u011f\u0131 bu yolculuk, \u0130nsan-\u0131 K\u00e2mil kavram\u0131n\u0131n s\u0131n\u0131rlar\u0131 i\u00e7erisinde ger\u00e7ekle\u015fir.   Hakikatin \u00fc\u00e7 harf, be\u015f nokta oldu\u011fu s\u00f6ylenir. Ayn-Sin-Kaf \u00fc\u00e7 harftir, Kaf \u2019\u0131n iki noktas\u0131 vard\u0131r, be\u015f noktayla A\u015fk olur. <\/p>\n","protected":false},"excerpt":{"rendered":"<p>Tasavvuf ferdi hikmetle baslar ve bir \u00f6zg\u00fcrl\u00fck isidir. Tasavvuf bir t\u00fcr i\u00e7 deneyimdir ancak onun irfaniyetle, ak\u0131lla ilgili bir yan\u0131 da vard\u0131r. Tasavvufta bilgi yaln\u0131zca mant\u0131ksal<span class=\"excerpt-hellip\"> [\u2026]<\/span><\/p>\n","protected":false},"featured_media":0,"template":"","meta":{"_monsterinsights_skip_tracking":false,"_monsterinsights_sitenote_active":false,"_monsterinsights_sitenote_note":"","_monsterinsights_sitenote_category":0},"product_brand":[],"product_cat":[12718,12719,15238],"product_tag":[],"class_list":{"0":"post-763526","1":"product","2":"type-product","3":"status-publish","5":"product_cat-din","6":"product_cat-islam","7":"product_cat-tasavvuf","8":"pa_cilt-ciltsiz","9":"pa_tur-kitap","10":"pa_yayinevi-destek-yayinlari","11":"pa_yazar-metin-bobaroglu","13":"first","14":"instock","15":"sale","16":"shipping-taxable","17":"purchasable","18":"product-type-simple"},"_links":{"self":[{"href":"https:\/\/roveyayinevi.com.tr\/index.php\/wp-json\/wp\/v2\/product\/763526","targetHints":{"allow":["GET"]}}],"collection":[{"href":"https:\/\/roveyayinevi.com.tr\/index.php\/wp-json\/wp\/v2\/product"}],"about":[{"href":"https:\/\/roveyayinevi.com.tr\/index.php\/wp-json\/wp\/v2\/types\/product"}],"wp:attachment":[{"href":"https:\/\/roveyayinevi.com.tr\/index.php\/wp-json\/wp\/v2\/media?parent=763526"}],"wp:term":[{"taxonomy":"product_brand","embeddable":true,"href":"https:\/\/roveyayinevi.com.tr\/index.php\/wp-json\/wp\/v2\/product_brand?post=763526"},{"taxonomy":"product_cat","embeddable":true,"href":"https:\/\/roveyayinevi.com.tr\/index.php\/wp-json\/wp\/v2\/product_cat?post=763526"},{"taxonomy":"product_tag","embeddable":true,"href":"https:\/\/roveyayinevi.com.tr\/index.php\/wp-json\/wp\/v2\/product_tag?post=763526"}],"curies":[{"name":"wp","href":"https:\/\/api.w.org\/{rel}","templated":true}]}}