{"id":763522,"date":"2025-08-28T10:43:32","date_gmt":"2025-08-28T07:43:32","guid":{"rendered":"https:\/\/roveyayinevi.com.tr\/index.php\/urun\/yuz-ask-sonesi-2\/"},"modified":"2026-04-15T03:28:45","modified_gmt":"2026-04-15T00:28:45","slug":"yuz-ask-sonesi-2","status":"publish","type":"product","link":"https:\/\/roveyayinevi.com.tr\/index.php\/urun\/yuz-ask-sonesi-2\/","title":{"rendered":"Y\u00fcz A\u015fk Sonesi"},"content":{"rendered":"<p>\u201c\u0130\u015fte sana ait y\u00fcze tamamlanm\u0131\u015f a\u015fk sonesi:  Sana bor\u00e7lu olduklar\u0131 ya\u015famdan ba\u015fka bir \u015fey olmayan dallardan soneler.\u201d   R\u00fczg\u00e2r\u0131n, denizin, s\u0131cak g\u00fcne\u015fin, tuz kokan gecelerin ve bin bir vah\u015fi \u00e7i\u00e7e\u011fin \u015fairi Pablo Neruda\u2019n\u0131n e\u015fi Matilde Urrutia i\u00e7in yazd\u0131\u011f\u0131 y\u00fcz a\u015fk sonesi.    \u201cPablo Neruda XX. y\u00fczy\u0131l\u0131n b\u00fct\u00fcn d\u00fcnya dilleri itibariyle en b\u00fcy\u00fck \u015fairidir.\u201d Gabriel Garc\u00eda M\u00e1rquez   \u201cNeruda bize bizim olan\u0131 geri verdi\u2026 bizi Avrupal\u0131 \u00e2\u015f\u0131klar\u0131n ve ilham perilerinin belirsiz kuram\u0131ndan kopar\u0131p, kanl\u0131 canl\u0131 ve somut bir kad\u0131n\u0131n kollar\u0131na att\u0131.\u201d Julio Cort\u00e1zar <\/p>\n","protected":false},"excerpt":{"rendered":"<p>\u201c\u0130\u015fte sana ait y\u00fcze tamamlanm\u0131\u015f a\u015fk sonesi: Sana bor\u00e7lu olduklar\u0131 ya\u015famdan ba\u015fka bir \u015fey olmayan dallardan soneler.\u201d R\u00fczg\u00e2r\u0131n, denizin, s\u0131cak g\u00fcne\u015fin, tuz kokan gecelerin ve bin<span class=\"excerpt-hellip\"> [\u2026]<\/span><\/p>\n","protected":false},"featured_media":0,"template":"","meta":{"_monsterinsights_skip_tracking":false,"_monsterinsights_sitenote_active":false,"_monsterinsights_sitenote_note":"","_monsterinsights_sitenote_category":0},"product_brand":[],"product_cat":[12291,12509],"product_tag":[],"class_list":{"0":"post-763522","1":"product","2":"type-product","3":"status-publish","5":"product_cat-edebiyat","6":"product_cat-siir","7":"pa_cilt-ciltsiz","8":"pa_tur-kitap","9":"pa_yayinevi-dogan-kitap","10":"pa_yazar-pablo-neruda","12":"first","13":"instock","14":"sale","15":"shipping-taxable","16":"purchasable","17":"product-type-simple"},"_links":{"self":[{"href":"https:\/\/roveyayinevi.com.tr\/index.php\/wp-json\/wp\/v2\/product\/763522","targetHints":{"allow":["GET"]}}],"collection":[{"href":"https:\/\/roveyayinevi.com.tr\/index.php\/wp-json\/wp\/v2\/product"}],"about":[{"href":"https:\/\/roveyayinevi.com.tr\/index.php\/wp-json\/wp\/v2\/types\/product"}],"wp:attachment":[{"href":"https:\/\/roveyayinevi.com.tr\/index.php\/wp-json\/wp\/v2\/media?parent=763522"}],"wp:term":[{"taxonomy":"product_brand","embeddable":true,"href":"https:\/\/roveyayinevi.com.tr\/index.php\/wp-json\/wp\/v2\/product_brand?post=763522"},{"taxonomy":"product_cat","embeddable":true,"href":"https:\/\/roveyayinevi.com.tr\/index.php\/wp-json\/wp\/v2\/product_cat?post=763522"},{"taxonomy":"product_tag","embeddable":true,"href":"https:\/\/roveyayinevi.com.tr\/index.php\/wp-json\/wp\/v2\/product_tag?post=763522"}],"curies":[{"name":"wp","href":"https:\/\/api.w.org\/{rel}","templated":true}]}}