{"id":763520,"date":"2025-08-28T10:43:29","date_gmt":"2025-08-28T07:43:29","guid":{"rendered":"https:\/\/roveyayinevi.com.tr\/index.php\/urun\/yemek-secen-cocuklar-icin-pratik-rehber\/"},"modified":"2026-04-15T03:28:45","modified_gmt":"2026-04-15T00:28:45","slug":"yemek-secen-cocuklar-icin-pratik-rehber","status":"publish","type":"product","link":"https:\/\/roveyayinevi.com.tr\/index.php\/urun\/yemek-secen-cocuklar-icin-pratik-rehber\/","title":{"rendered":"Yemek Se\u00e7en \u00c7ocuklar \u0130\u00e7in Pratik Rehber"},"content":{"rendered":"<p>\u00c7ocu\u011funuz yemek konusunda a\u015f\u0131r\u0131 se\u00e7ici mi? Sadece ekran kar\u015f\u0131s\u0131nda m\u0131 yemek yiyor? Her yemek saati bir g\u00fc\u00e7 m\u00fccadelesine mi d\u00f6n\u00fc\u015f\u00fcyor? \u00c7ocu\u011funuzun sa\u011fl\u0131kl\u0131 beslenemedi\u011finden endi\u015fe mi ediyorsunuz?   Yemek se\u00e7en, beslenme bozuklu\u011fu olan ya da g\u0131dadan ka\u00e7\u0131nan bir \u00e7ocuk b\u00fcy\u00fctmek sonsuz bir maraton ko\u015fmaya benzer. Bitmeyen bir yolda endi\u015felenirsiniz, \u00fcz\u00fcl\u00fcrs\u00fcn\u00fcz, ebeveyn olarak \u00f6zg\u00fcveninizi kaybedersiniz. Peki, endi\u015felerinizden ve her bir lokma i\u00e7in m\u00fccadele etmekten nas\u0131l kurtulabilirsiniz?   Katja Rowell ve Jenny McGlothlin Yemek Se\u00e7en \u00c7ocuklar \u0130\u00e7in Pratik Rehber\u2019de hem sizin hem de \u00e7ocu\u011funuzun sofradaki kayg\u0131lar\u0131n\u0131zdan kurtulman\u0131z\u0131 sa\u011flayacak bir metot sunuyorlar. Klinik olarak etkinli\u011fi kan\u0131tlanm\u0131\u015f STEPS+ yakla\u015f\u0131m\u0131yla \u00e7ocu\u011funuzun beslenme sorunlar\u0131n\u0131 a\u015fmas\u0131na ad\u0131m ad\u0131m yard\u0131mc\u0131 oluyorlar.   Pratik, \u00e7ocuk odakl\u0131 ve su\u00e7luluk hissettirmeyen bu paha bi\u00e7ilmez rehber, yemek se\u00e7en \u00e7ocuklar\u0131n ve ebeveynlerinin karma\u015f\u0131k duygusal d\u00fcnyalar\u0131n\u0131 ayd\u0131nlatacak! <\/p>\n","protected":false},"excerpt":{"rendered":"<p>\u00c7ocu\u011funuz yemek konusunda a\u015f\u0131r\u0131 se\u00e7ici mi? Sadece ekran kar\u015f\u0131s\u0131nda m\u0131 yemek yiyor? Her yemek saati bir g\u00fc\u00e7 m\u00fccadelesine mi d\u00f6n\u00fc\u015f\u00fcyor? \u00c7ocu\u011funuzun sa\u011fl\u0131kl\u0131 beslenemedi\u011finden endi\u015fe mi ediyorsunuz?<span class=\"excerpt-hellip\"> [\u2026]<\/span><\/p>\n","protected":false},"featured_media":0,"template":"","meta":{"_monsterinsights_skip_tracking":false,"_monsterinsights_sitenote_active":false,"_monsterinsights_sitenote_note":"","_monsterinsights_sitenote_category":0},"product_brand":[],"product_cat":[12831,12324],"product_tag":[],"class_list":{"0":"post-763520","1":"product","2":"type-product","3":"status-publish","5":"product_cat-aile-ve-cocuk","6":"product_cat-sosyoloji","7":"pa_cilt-ciltsiz","8":"pa_tur-kitap","9":"pa_yayinevi-dogan-kitap","10":"pa_yazar-katja-rowell-jenny-mcglothlin","12":"first","13":"instock","14":"sale","15":"shipping-taxable","16":"purchasable","17":"product-type-simple"},"_links":{"self":[{"href":"https:\/\/roveyayinevi.com.tr\/index.php\/wp-json\/wp\/v2\/product\/763520","targetHints":{"allow":["GET"]}}],"collection":[{"href":"https:\/\/roveyayinevi.com.tr\/index.php\/wp-json\/wp\/v2\/product"}],"about":[{"href":"https:\/\/roveyayinevi.com.tr\/index.php\/wp-json\/wp\/v2\/types\/product"}],"wp:attachment":[{"href":"https:\/\/roveyayinevi.com.tr\/index.php\/wp-json\/wp\/v2\/media?parent=763520"}],"wp:term":[{"taxonomy":"product_brand","embeddable":true,"href":"https:\/\/roveyayinevi.com.tr\/index.php\/wp-json\/wp\/v2\/product_brand?post=763520"},{"taxonomy":"product_cat","embeddable":true,"href":"https:\/\/roveyayinevi.com.tr\/index.php\/wp-json\/wp\/v2\/product_cat?post=763520"},{"taxonomy":"product_tag","embeddable":true,"href":"https:\/\/roveyayinevi.com.tr\/index.php\/wp-json\/wp\/v2\/product_tag?post=763520"}],"curies":[{"name":"wp","href":"https:\/\/api.w.org\/{rel}","templated":true}]}}