{"id":763513,"date":"2025-08-28T10:43:15","date_gmt":"2025-08-28T07:43:15","guid":{"rendered":"https:\/\/roveyayinevi.com.tr\/index.php\/urun\/siir-ve-aforizma-kitap-seti-3-kitap\/"},"modified":"2026-04-15T03:28:45","modified_gmt":"2026-04-15T00:28:45","slug":"siir-ve-aforizma-kitap-seti-3-kitap","status":"publish","type":"product","link":"https:\/\/roveyayinevi.com.tr\/index.php\/urun\/siir-ve-aforizma-kitap-seti-3-kitap\/","title":{"rendered":"\u015eiir ve Aforizma Kitap Seti (3 Kitap)"},"content":{"rendered":"<p>Psikolojik Roman Seti (3 Kitap)T\u0130N S\u0130N TENS\u00f6k\u00fcp at\u0131lamayan, tenlerimizde hapsolan ruhlar\u0131m\u0131z \u00fczerine bir sinme \u00e7al\u0131\u015fmas\u0131!Tin\u2019imeSinenTenAma bunu, klasik aforizmalardan a\u015fina oldu\u011fumuz bir \u201canlatma\u201d \u00e7abas\u0131 ile de\u011fil, \u201canlama\u201d halleri \u00fczerinden yola \u00e7\u0131karak yazmaya \u00e7al\u0131\u015ft\u0131m.     GE\u00c7 KALANLAR&#8221;D\u00fcnyan\u0131n b\u00fct\u00fcn g\u00fczelli\u011fi, karakterli bir kad\u0131n\u0131n a\u015fk\u0131nda gizlidir.&#8221;Nelere ge\u00e7 kalmad\u0131m ki? Elimden geldi\u011fince herkese zaman\u0131nda yeti\u015feyim derken kendime ge\u00e7 kald\u0131m. Kendim i\u00e7in kendi zaman\u0131ma\u2026 Gen\u00e7 ruhum bo\u011fu\u015ftu\u011fu kaderin i\u015fg\u00fczarl\u0131klar\u0131yla yoruldu. Dinlenmeye ge\u00e7 kald\u0131m. En \u00e7ok da her \u015feye ra\u011fmen eme\u011fimi g\u00f6rmezlikten gelebilecek kadar bencil insanlar\u0131n \u201cge\u00e7 kald\u0131n\u201d demelerine\u2026Kaderin vicdan\u0131 olmal\u0131yd\u0131,Ad\u0131na \u015fans demeliydim.Gelmeliydi bana,\u00d6z\u00fcr dilercesine.Bir kez olsun,Hakl\u0131s\u0131n dercesine.Ge\u00e7 kald\u0131m, biliyorum.BU\u011eUBu\u011fulu g\u00f6zlerleBu\u011fulu penceredeBakarken y\u0131ld\u0131zlaraUtanacaklar sendeVazoda boynu b\u00fck\u00fckYaln\u0131z bir \u00e7i\u00e7ekHa \u00f6ld\u00fc ha \u00f6lecekO da gidince bendenBenimle kim dertle\u015fecek***\u015eair Hamdi Dilmen bu sat\u0131rlar\u0131 ya\u015fam\u0131 i\u00e7erisinde esinlendi\u011fi anlarda yazm\u0131\u015ft\u0131r.<\/p>\n","protected":false},"excerpt":{"rendered":"<p>Psikolojik Roman Seti (3 Kitap)T\u0130N S\u0130N TENS\u00f6k\u00fcp at\u0131lamayan, tenlerimizde hapsolan ruhlar\u0131m\u0131z \u00fczerine bir sinme \u00e7al\u0131\u015fmas\u0131!Tin\u2019imeSinenTenAma bunu, klasik aforizmalardan a\u015fina oldu\u011fumuz bir \u201canlatma\u201d \u00e7abas\u0131 ile de\u011fil, \u201canlama\u201d<span class=\"excerpt-hellip\"> [\u2026]<\/span><\/p>\n","protected":false},"featured_media":0,"template":"","meta":{"_monsterinsights_skip_tracking":false,"_monsterinsights_sitenote_active":false,"_monsterinsights_sitenote_note":"","_monsterinsights_sitenote_category":0},"product_brand":[],"product_cat":[12291,12509],"product_tag":[],"class_list":{"0":"post-763513","1":"product","2":"type-product","3":"status-publish","5":"product_cat-edebiyat","6":"product_cat-siir","7":"pa_cilt-ciltsiz","8":"pa_tur-kitap","9":"pa_yayinevi-vaveyla-yayincilik","10":"pa_yazar-kolektif","12":"first","13":"instock","14":"sale","15":"shipping-taxable","16":"purchasable","17":"product-type-simple"},"_links":{"self":[{"href":"https:\/\/roveyayinevi.com.tr\/index.php\/wp-json\/wp\/v2\/product\/763513","targetHints":{"allow":["GET"]}}],"collection":[{"href":"https:\/\/roveyayinevi.com.tr\/index.php\/wp-json\/wp\/v2\/product"}],"about":[{"href":"https:\/\/roveyayinevi.com.tr\/index.php\/wp-json\/wp\/v2\/types\/product"}],"wp:attachment":[{"href":"https:\/\/roveyayinevi.com.tr\/index.php\/wp-json\/wp\/v2\/media?parent=763513"}],"wp:term":[{"taxonomy":"product_brand","embeddable":true,"href":"https:\/\/roveyayinevi.com.tr\/index.php\/wp-json\/wp\/v2\/product_brand?post=763513"},{"taxonomy":"product_cat","embeddable":true,"href":"https:\/\/roveyayinevi.com.tr\/index.php\/wp-json\/wp\/v2\/product_cat?post=763513"},{"taxonomy":"product_tag","embeddable":true,"href":"https:\/\/roveyayinevi.com.tr\/index.php\/wp-json\/wp\/v2\/product_tag?post=763513"}],"curies":[{"name":"wp","href":"https:\/\/api.w.org\/{rel}","templated":true}]}}