{"id":763505,"date":"2025-08-28T10:43:01","date_gmt":"2025-08-28T07:43:01","guid":{"rendered":"https:\/\/roveyayinevi.com.tr\/index.php\/urun\/viskiname\/"},"modified":"2026-04-15T03:28:44","modified_gmt":"2026-04-15T00:28:44","slug":"viskiname","status":"publish","type":"product","link":"https:\/\/roveyayinevi.com.tr\/index.php\/urun\/viskiname\/","title":{"rendered":"Viskiname"},"content":{"rendered":"<p>Viski, deyip de ge\u00e7meyin. \u0130lk viskiyi Aziz Patrick\u2019in dam\u0131tt\u0131\u011f\u0131n\u0131 biliyor muydunuz? Peki, s\u00f6ylenene g\u00f6re d\u00fcnyada en \u00e7ok viski t\u00fcketilen \u00fclkenin \u0130sko\u00e7ya, \u0130rlanda ya da Amerika de\u011fil de Hindistan oldu\u011funu? Viski \u0130syan\u0131\u2019n\u0131 duymu\u015f muydunuz?Everest A\u015f Kitapl\u0131\u011f\u0131\u2019n\u0131n \u00fc\u00e7\u00fcnc\u00fc kitab\u0131 Viskin\u00e2me, viskinin ortaya \u00e7\u0131k\u0131\u015f\u0131na, farkl\u0131 toplumlardaki \u00fcretim ve t\u00fcketim faaliyetlerine, farkl\u0131 dillerdeki kar\u015f\u0131l\u0131klar\u0131na, dizi-film sekt\u00f6r\u00fcyle kurdu\u011fu ba\u011fa ve nicelerine odaklan\u0131yor. Uygur Kocaba\u015fo\u011flu ile Onur K\u0131nl\u0131\u2019n\u0131n mizahi \u00fcslubu bu ortak \u00e7al\u0131\u015fmay\u0131 renklendirirken tarih sahnesinden \u00f6rnekler de okuma s\u00fcrecini ayr\u0131ca keyifli hale getiriyor.T\u00fcrkiye\u2019nin k\u00fclt\u00fcr\u00fcnde viskinin \u00f6zel bir yeri oldu\u011fu ileri s\u00fcr\u00fclebilir. Bir yandan 1960\u2019lar\u0131n, 1970\u2019lerin, 1980\u2019lerin Ye\u015fil\u00e7am filmlerinde patronlar\u0131n, k\u0131y\u0131c\u0131lar\u0131n, k\u0131saca \u201ck\u00f6t\u00fc adamlar\u0131n\u201d i\u00e7kisiydi viski.Yoksul semtlerde ya\u015fayanlar\u0131n evlerine, arsalar\u0131na el koymak isteyen m\u00fcteahhit viski i\u00e7erdi. Yoksul o\u011flan\u0131n sevdi\u011fi zengin k\u0131z\u0131n babas\u0131 viskiye merakl\u0131yd\u0131. Viski, zenginli\u011fin, i\u015f bilirli\u011fin, k\u0131y\u0131c\u0131l\u0131\u011f\u0131n bir sembol\u00fcyd\u00fc \u00e2deta. Yaln\u0131zca \u0130stanbul\u2019da de\u011fil, ta\u015frada viski i\u00e7mek de bir ayr\u0131cal\u0131kt\u0131. Di\u011fer yandan, yine ayn\u0131 y\u0131llardasosyalistleri, kom\u00fcnistleri karalamak i\u00e7in kullan\u0131lan bir metafordu viski: \u201cBunlar viski i\u00e7er, sonra da solculuk yaparlar!\u201d<\/p>\n","protected":false},"excerpt":{"rendered":"<p>Viski, deyip de ge\u00e7meyin. \u0130lk viskiyi Aziz Patrick\u2019in dam\u0131tt\u0131\u011f\u0131n\u0131 biliyor muydunuz? Peki, s\u00f6ylenene g\u00f6re d\u00fcnyada en \u00e7ok viski t\u00fcketilen \u00fclkenin \u0130sko\u00e7ya, \u0130rlanda ya da Amerika de\u011fil<span class=\"excerpt-hellip\"> [\u2026]<\/span><\/p>\n","protected":false},"featured_media":0,"template":"","meta":{"_monsterinsights_skip_tracking":false,"_monsterinsights_sitenote_active":false,"_monsterinsights_sitenote_note":"","_monsterinsights_sitenote_category":0},"product_brand":[],"product_cat":[12457],"product_tag":[],"class_list":{"0":"post-763505","1":"product","2":"type-product","3":"status-publish","5":"product_cat-yemek-kitaplari","6":"pa_cilt-ciltsiz","7":"pa_tur-kitap","8":"pa_yayinevi-everest-yayinlari","9":"pa_yazar-uygur-kocabasoglu-onur-kinli","11":"first","12":"instock","13":"sale","14":"shipping-taxable","15":"purchasable","16":"product-type-simple"},"_links":{"self":[{"href":"https:\/\/roveyayinevi.com.tr\/index.php\/wp-json\/wp\/v2\/product\/763505","targetHints":{"allow":["GET"]}}],"collection":[{"href":"https:\/\/roveyayinevi.com.tr\/index.php\/wp-json\/wp\/v2\/product"}],"about":[{"href":"https:\/\/roveyayinevi.com.tr\/index.php\/wp-json\/wp\/v2\/types\/product"}],"wp:attachment":[{"href":"https:\/\/roveyayinevi.com.tr\/index.php\/wp-json\/wp\/v2\/media?parent=763505"}],"wp:term":[{"taxonomy":"product_brand","embeddable":true,"href":"https:\/\/roveyayinevi.com.tr\/index.php\/wp-json\/wp\/v2\/product_brand?post=763505"},{"taxonomy":"product_cat","embeddable":true,"href":"https:\/\/roveyayinevi.com.tr\/index.php\/wp-json\/wp\/v2\/product_cat?post=763505"},{"taxonomy":"product_tag","embeddable":true,"href":"https:\/\/roveyayinevi.com.tr\/index.php\/wp-json\/wp\/v2\/product_tag?post=763505"}],"curies":[{"name":"wp","href":"https:\/\/api.w.org\/{rel}","templated":true}]}}