{"id":763503,"date":"2025-08-28T10:42:59","date_gmt":"2025-08-28T07:42:59","guid":{"rendered":"https:\/\/roveyayinevi.com.tr\/index.php\/urun\/ortadoguda-savas\/"},"modified":"2026-04-15T03:28:44","modified_gmt":"2026-04-15T00:28:44","slug":"ortadoguda-savas","status":"publish","type":"product","link":"https:\/\/roveyayinevi.com.tr\/index.php\/urun\/ortadoguda-savas\/","title":{"rendered":"Ortado\u011fu\u2019da Sava\u015f"},"content":{"rendered":"<p>1930 y\u0131l\u0131nda do\u011fan Vedii Evsal, bas\u0131n d\u00fcnyas\u0131na Son Saat ve Tasvir gazeteleriyle girmi\u015f, 1949 girdi\u011fi H\u00fcrriyet gazetesinde on y\u0131l \u00e7al\u0131\u015ft\u0131ktan sonra Cumhuriyet, Yeni Sabah, Yeni Tanin, Yeni \u0130stanbul, Ekspres, Sabah ve Ortado\u011fu gazetelerinde \u00e7al\u0131\u015fm\u0131\u015ft\u0131r. News Week Dergisi ile Keystone ve Sipa Press ajanslar\u0131n\u0131n T\u00fcrkiye muhabiri olarak da g\u00f6rev yapan Evsal, Atina&#8217;da, K\u0131br\u0131s&#8217;ta, Avrupa NATO \u00fcslerinde, Amerikan Hava Akademisinde gazetecilik \u00e7er\u00e7evesinde \u00e7al\u0131\u015fma ve incelemelerde bulunmu\u015ftur. 1956 sava\u015f\u0131n\u0131 \u0130srail cephesinden, 1967 sava\u015f\u0131n\u0131 Suriye cephesinden izlemi\u015f, 1975 y\u0131l\u0131nda elinizdeki kitab\u0131 yazmas\u0131na olanak veren deneyimini 1974 Arap-\u0130srail Sava\u015f\u0131\u2019n\u0131 M\u0131s\u0131r cephesinden izleyerek edinmi\u015ftir. D\u00f6nemin b\u00f6lge hakk\u0131ndaki nadir telif eserlerinden biri olarak y\u0131llarca ilgi g\u00f6ren bu eser, i\u00e7erdi\u011fi \u00f6zg\u00fcn bilgilerin bug\u00fcn\u00fcn okuruyla bulu\u015fmas\u0131n\u0131 sa\u011flamak amac\u0131n\u0131n yan\u0131 s\u0131ra Vedii Evsal\u2019\u0131n hat\u0131ras\u0131n\u0131 da ya\u015fatmak d\u00fc\u015f\u00fcncesiyle tekrar yay\u0131nlanmaktad\u0131r.<\/p>\n","protected":false},"excerpt":{"rendered":"<p>1930 y\u0131l\u0131nda do\u011fan Vedii Evsal, bas\u0131n d\u00fcnyas\u0131na Son Saat ve Tasvir gazeteleriyle girmi\u015f, 1949 girdi\u011fi H\u00fcrriyet gazetesinde on y\u0131l \u00e7al\u0131\u015ft\u0131ktan sonra Cumhuriyet, Yeni Sabah, Yeni Tanin,<span class=\"excerpt-hellip\"> [\u2026]<\/span><\/p>\n","protected":false},"featured_media":0,"template":"","meta":{"_monsterinsights_skip_tracking":false,"_monsterinsights_sitenote_active":false,"_monsterinsights_sitenote_note":"","_monsterinsights_sitenote_category":0},"product_brand":[],"product_cat":[13590,12337],"product_tag":[],"class_list":{"0":"post-763503","1":"product","2":"type-product","3":"status-publish","5":"product_cat-arastirma-inceleme-politika-siyaset","6":"product_cat-politika-siyaset","7":"pa_cilt-ciltsiz","8":"pa_tur-kitap","9":"pa_yayinevi-iyidusun-yayinlari","10":"pa_yazar-vedii-evsal","12":"first","13":"instock","14":"sale","15":"shipping-taxable","16":"purchasable","17":"product-type-simple"},"_links":{"self":[{"href":"https:\/\/roveyayinevi.com.tr\/index.php\/wp-json\/wp\/v2\/product\/763503","targetHints":{"allow":["GET"]}}],"collection":[{"href":"https:\/\/roveyayinevi.com.tr\/index.php\/wp-json\/wp\/v2\/product"}],"about":[{"href":"https:\/\/roveyayinevi.com.tr\/index.php\/wp-json\/wp\/v2\/types\/product"}],"wp:attachment":[{"href":"https:\/\/roveyayinevi.com.tr\/index.php\/wp-json\/wp\/v2\/media?parent=763503"}],"wp:term":[{"taxonomy":"product_brand","embeddable":true,"href":"https:\/\/roveyayinevi.com.tr\/index.php\/wp-json\/wp\/v2\/product_brand?post=763503"},{"taxonomy":"product_cat","embeddable":true,"href":"https:\/\/roveyayinevi.com.tr\/index.php\/wp-json\/wp\/v2\/product_cat?post=763503"},{"taxonomy":"product_tag","embeddable":true,"href":"https:\/\/roveyayinevi.com.tr\/index.php\/wp-json\/wp\/v2\/product_tag?post=763503"}],"curies":[{"name":"wp","href":"https:\/\/api.w.org\/{rel}","templated":true}]}}