{"id":763499,"date":"2025-08-28T10:42:50","date_gmt":"2025-08-28T07:42:50","guid":{"rendered":"https:\/\/roveyayinevi.com.tr\/index.php\/urun\/gozcu\/"},"modified":"2026-04-15T03:28:44","modified_gmt":"2026-04-15T00:28:44","slug":"gozcu","status":"publish","type":"product","link":"https:\/\/roveyayinevi.com.tr\/index.php\/urun\/gozcu\/","title":{"rendered":"G\u00f6zc\u00fc"},"content":{"rendered":"<p>CIA\u2019in hukuk departman\u0131nda i\u015fe ba\u015flad\u0131\u011f\u0131nda Alex, bu i\u015fi ABD Ba\u015fkan\u0131\u2019n\u0131n Hukuk Dan\u0131\u015fman\u0131 ve Beyaz Saray B\u00fcro \u015eefi olan babas\u0131n\u0131n tavassutu ile almad\u0131\u011f\u0131n\u0131 ispatlama ihtiyac\u0131 i\u00e7inde de\u011fildi g\u00f6r\u00fcn\u00fc\u015fte. Ama i\u00e7ten i\u00e7e m\u00fccadele etti\u011fi bu duyguyu a\u015fmas\u0131na yard\u0131mc\u0131 olacak f\u0131rsat\u0131, \u2018g\u00f6r\u00fcn\u00fc\u015fte\u2019 m\u00fcvekkili oldu\u011fu bir ajan\u0131n bo\u015fanma davas\u0131na bakarken \u015f\u00fcphelendi\u011fi bir para hareketi ile \u0130ran Dini Lideri Cihandar\u2019\u0131n \u00f6l\u00fcm\u00fc aras\u0131ndaki esrarengiz ba\u011flant\u0131lar\u0131 yetki s\u0131n\u0131rlar\u0131n\u0131 a\u015farak \u00e7\u00f6zmeye kalkt\u0131\u011f\u0131nda fazlas\u0131yla bulacakt\u0131. As\u0131l amac\u0131n\u0131n \u0130ran ve \u0130srail aras\u0131nda bir sava\u015f \u00e7\u0131karmak oldu\u011fu ortaya \u00e7\u0131kan tezg\u00e2h\u0131n CIA\u2019de bile sadece bir avu\u00e7 insan\u0131n bildi\u011fi gizli bir \u00f6rg\u00fct taraf\u0131ndan planland\u0131\u011f\u0131n\u0131n de\u015fifre olmas\u0131yla Te\u015fkilat\u2019\u0131n tarihinin yeniden yaz\u0131lmas\u0131na sebep olacakt\u0131.CSI: Miami, Arrow, The Practice, Law &amp; Order, In Justice, Jack &amp; Bobby, Eli Stone, Brothers &amp; Sisters, Percy Jackson: Sea of Monsters gibi y\u00fcksek ratingli ve \u00f6d\u00fcll\u00fc dizilerle, Amazing Spider-Man, Young X-Men, Supreme Power, Superman\/Batman, The Flash, Blade, Wolverine, Super Zombies ve Galactica 1980 gibi \u00e7izgi romanlar\u0131n senaristleri aras\u0131nda yer alan; Stephen King\u2019in k\u0131sa hik\u00e2yesi N.\u2019nin \u00e7izgi roman uyarlamas\u0131n\u0131 yapan, Green Lantern (2011) ile film senaristli\u011fine de el atan Marc Guggenheim, bir casusluk roman\u0131 olan G\u00f6zc\u00fc ile farkl\u0131 bir t\u00fcrdeki ilk \u00e7al\u0131\u015fmas\u0131n\u0131 da okuyucular\u0131n be\u011fenisine sunuyor.<\/p>\n","protected":false},"excerpt":{"rendered":"<p>CIA\u2019in hukuk departman\u0131nda i\u015fe ba\u015flad\u0131\u011f\u0131nda Alex, bu i\u015fi ABD Ba\u015fkan\u0131\u2019n\u0131n Hukuk Dan\u0131\u015fman\u0131 ve Beyaz Saray B\u00fcro \u015eefi olan babas\u0131n\u0131n tavassutu ile almad\u0131\u011f\u0131n\u0131 ispatlama ihtiyac\u0131 i\u00e7inde de\u011fildi<span class=\"excerpt-hellip\"> [\u2026]<\/span><\/p>\n","protected":false},"featured_media":0,"template":"","meta":{"_monsterinsights_skip_tracking":false,"_monsterinsights_sitenote_active":false,"_monsterinsights_sitenote_note":"","_monsterinsights_sitenote_category":0},"product_brand":[],"product_cat":[12291,12711],"product_tag":[],"class_list":{"0":"post-763499","1":"product","2":"type-product","3":"status-publish","5":"product_cat-edebiyat","6":"product_cat-roman-oyku","7":"pa_cilt-ciltsiz","8":"pa_tur-kitap","9":"pa_yayinevi-paspartu-yayinlari","10":"pa_yazar-marc-guggenheim","12":"first","13":"instock","14":"sale","15":"shipping-taxable","16":"purchasable","17":"product-type-simple"},"_links":{"self":[{"href":"https:\/\/roveyayinevi.com.tr\/index.php\/wp-json\/wp\/v2\/product\/763499","targetHints":{"allow":["GET"]}}],"collection":[{"href":"https:\/\/roveyayinevi.com.tr\/index.php\/wp-json\/wp\/v2\/product"}],"about":[{"href":"https:\/\/roveyayinevi.com.tr\/index.php\/wp-json\/wp\/v2\/types\/product"}],"wp:attachment":[{"href":"https:\/\/roveyayinevi.com.tr\/index.php\/wp-json\/wp\/v2\/media?parent=763499"}],"wp:term":[{"taxonomy":"product_brand","embeddable":true,"href":"https:\/\/roveyayinevi.com.tr\/index.php\/wp-json\/wp\/v2\/product_brand?post=763499"},{"taxonomy":"product_cat","embeddable":true,"href":"https:\/\/roveyayinevi.com.tr\/index.php\/wp-json\/wp\/v2\/product_cat?post=763499"},{"taxonomy":"product_tag","embeddable":true,"href":"https:\/\/roveyayinevi.com.tr\/index.php\/wp-json\/wp\/v2\/product_tag?post=763499"}],"curies":[{"name":"wp","href":"https:\/\/api.w.org\/{rel}","templated":true}]}}