{"id":763498,"date":"2025-08-28T10:42:49","date_gmt":"2025-08-28T07:42:49","guid":{"rendered":"https:\/\/roveyayinevi.com.tr\/index.php\/urun\/savasta\/"},"modified":"2026-04-15T03:28:44","modified_gmt":"2026-04-15T00:28:44","slug":"savasta","status":"publish","type":"product","link":"https:\/\/roveyayinevi.com.tr\/index.php\/urun\/savasta\/","title":{"rendered":"Sava\u015fta"},"content":{"rendered":"<p>Sava\u015fta: Be\u015finci Cephenin Y\u00fckseli\u015fi, \u00f6zellikle Edward Snowden vakas\u0131ndan sonra t\u00fcm d\u00fcnyada yo\u011fun bi\u00e7imde tart\u0131\u015f\u0131lmaya ba\u015flayan siber g\u00fcvenlik ve bireysel \u00f6zg\u00fcrl\u00fckler meselesini tarihsel bir perspektife oturtuyor.2003\u2019te ba\u015flayan Amerikan\u2019\u0131n Irak i\u015fgalinden itibaren, devletler aras\u0131 sava\u015flar\u0131n y\u00fcr\u00fct\u00fcld\u00fc\u011f\u00fc d\u00f6rt cepheye (kara, hava, deniz ve uzay) be\u015finci bir cephenin, siber uzay\u0131n eklendi\u011fi sav\u0131yla a\u00e7\u0131lan kitapta \u00f6d\u00fcll\u00fc gazeteci ve Foreign Policy yazar\u0131 Shane Harris, konunun uzman\u0131 say\u0131s\u0131z profesyonelle yapt\u0131\u011f\u0131 g\u00f6r\u00fc\u015fmeleri s\u0131radan bir okuyucunun da anlayabilece\u011fi bir \u00fcslupla analiz ediyor ve konvansiyonel sava\u015f y\u00f6ntemlerinde, Amerikan h\u00fck\u00fcmetinin ve \u00f6zellikle NSA\u2019in \u00f6zel g\u00fcvenlik \u015firketleriyle y\u00fcr\u00fctt\u00fc\u011f\u00fc i\u015fbirli\u011finin bu yeni cephede de h\u0131z kesmeden ilerledi\u011fini g\u00f6steriyor. Bununla birlikte, h\u00fck\u00fcmetlerin ulusal g\u00fcvenli\u011fi bahane ederek ki\u015fisel \u00f6zg\u00fcrl\u00fckleri nas\u0131l ask\u0131ya ald\u0131klar\u0131 da kitab\u0131n ana eksenlerinden birini olu\u015fturuyor.<\/p>\n","protected":false},"excerpt":{"rendered":"<p>Sava\u015fta: Be\u015finci Cephenin Y\u00fckseli\u015fi, \u00f6zellikle Edward Snowden vakas\u0131ndan sonra t\u00fcm d\u00fcnyada yo\u011fun bi\u00e7imde tart\u0131\u015f\u0131lmaya ba\u015flayan siber g\u00fcvenlik ve bireysel \u00f6zg\u00fcrl\u00fckler meselesini tarihsel bir perspektife oturtuyor.2003\u2019te ba\u015flayan<span class=\"excerpt-hellip\"> [\u2026]<\/span><\/p>\n","protected":false},"featured_media":0,"template":"","meta":{"_monsterinsights_skip_tracking":false,"_monsterinsights_sitenote_active":false,"_monsterinsights_sitenote_note":"","_monsterinsights_sitenote_category":0},"product_brand":[],"product_cat":[12312,12304],"product_tag":[],"class_list":{"0":"post-763498","1":"product","2":"type-product","3":"status-publish","5":"product_cat-diger","6":"product_cat-tarih","7":"pa_cilt-ciltsiz","8":"pa_tur-kitap","9":"pa_yayinevi-iyidusun-yayinlari","10":"pa_yazar-shane-harris","12":"first","13":"instock","14":"sale","15":"shipping-taxable","16":"purchasable","17":"product-type-simple"},"_links":{"self":[{"href":"https:\/\/roveyayinevi.com.tr\/index.php\/wp-json\/wp\/v2\/product\/763498","targetHints":{"allow":["GET"]}}],"collection":[{"href":"https:\/\/roveyayinevi.com.tr\/index.php\/wp-json\/wp\/v2\/product"}],"about":[{"href":"https:\/\/roveyayinevi.com.tr\/index.php\/wp-json\/wp\/v2\/types\/product"}],"wp:attachment":[{"href":"https:\/\/roveyayinevi.com.tr\/index.php\/wp-json\/wp\/v2\/media?parent=763498"}],"wp:term":[{"taxonomy":"product_brand","embeddable":true,"href":"https:\/\/roveyayinevi.com.tr\/index.php\/wp-json\/wp\/v2\/product_brand?post=763498"},{"taxonomy":"product_cat","embeddable":true,"href":"https:\/\/roveyayinevi.com.tr\/index.php\/wp-json\/wp\/v2\/product_cat?post=763498"},{"taxonomy":"product_tag","embeddable":true,"href":"https:\/\/roveyayinevi.com.tr\/index.php\/wp-json\/wp\/v2\/product_tag?post=763498"}],"curies":[{"name":"wp","href":"https:\/\/api.w.org\/{rel}","templated":true}]}}