{"id":763497,"date":"2025-08-28T10:42:47","date_gmt":"2025-08-28T07:42:47","guid":{"rendered":"https:\/\/roveyayinevi.com.tr\/index.php\/urun\/goc-yorgunu-servet-somuncuoglu-siirleri\/"},"modified":"2026-04-15T03:28:44","modified_gmt":"2026-04-15T00:28:44","slug":"goc-yorgunu-servet-somuncuoglu-siirleri","status":"publish","type":"product","link":"https:\/\/roveyayinevi.com.tr\/index.php\/urun\/goc-yorgunu-servet-somuncuoglu-siirleri\/","title":{"rendered":"G\u00f6\u00e7 Yorgunu: Servet Somuncuo\u011flu \u015eiirleri"},"content":{"rendered":"<p>Servet Somuncuo\u011flu (1964-2013), aralar\u0131nda Ta\u015ftaki T\u00fcrkler, Saymal\u0131 Ta\u015f-G\u00f6ky\u00fcz\u00fc Atlar\u0131, Damgalar\u0131n G\u00f6\u00e7\u00fc-Kurgan, Gallemit, Don Kazaklar\u0131 gibi kitaplar\u0131n yer ald\u0131\u011f\u0131 bir\u00e7ok eserle ve belgeselleriyle tan\u0131n\u0131yor. Sa\u011fl\u0131\u011f\u0131nda yay\u0131nlamaya f\u0131rsat bulamad\u0131\u011f\u0131 t\u00fcm eserleri \u015fimdi bu \u015fiir kitab\u0131yla yay\u0131nlanmaya ba\u015fl\u0131yor.G\u00fcl Zamanlar\u0131Eri\u015fti yine a\u015fk\u0131n g\u00fcl zamanlar\u0131Bir \u00f6m\u00fcrd\u00fcr g\u00f6zlerimize g\u00fclenYakalanm\u0131\u015f bir sevdan\u0131n \u00e7a\u011fr\u0131s\u0131\u00c7\u0131nlar kulaklar\u0131m\u0131zda ans\u0131z\u0131nG\u00fcl zamanlar\u0131d\u0131r sevdan\u0131n g\u00fczelimG\u00f6nl\u00fcm\u00fcze ruhumuza \u0131\u015f\u0131k olanBiz bildik ki y\u00fccelerden y\u00fccedirAd\u0131 belli sevgi \u00e7i\u00e7e\u011fiVe y\u00fcre\u011fimizde yaz\u0131l\u0131 hecelerHaydi g\u00fcl g\u00fczelim, g\u00fclBak \u015fimdi mevsim d\u00f6n\u00fcm\u00fcd\u00fcrA\u011fa\u00e7larda yapraklar sarar\u0131rkenVe y\u0131ld\u0131zlar kaybolurken g\u00f6ky\u00fcz\u00fcndenG\u00f6nl\u00fcm\u00fczde g\u00fcller a\u00e7t\u0131 kan k\u0131rm\u0131z\u0131Sar\u0131, beyaz, a\u011flayan ve g\u00fclen g\u00fcllerHaydi g\u00fcl g\u00fczelim, g\u00fcl\u00c7\u00fcnk\u00fc a\u015fk\u0131n g\u00fcl mevsimidir gayr\u0131!..<\/p>\n","protected":false},"excerpt":{"rendered":"<p>Servet Somuncuo\u011flu (1964-2013), aralar\u0131nda Ta\u015ftaki T\u00fcrkler, Saymal\u0131 Ta\u015f-G\u00f6ky\u00fcz\u00fc Atlar\u0131, Damgalar\u0131n G\u00f6\u00e7\u00fc-Kurgan, Gallemit, Don Kazaklar\u0131 gibi kitaplar\u0131n yer ald\u0131\u011f\u0131 bir\u00e7ok eserle ve belgeselleriyle tan\u0131n\u0131yor. Sa\u011fl\u0131\u011f\u0131nda yay\u0131nlamaya f\u0131rsat<span class=\"excerpt-hellip\"> [\u2026]<\/span><\/p>\n","protected":false},"featured_media":0,"template":"","meta":{"_monsterinsights_skip_tracking":false,"_monsterinsights_sitenote_active":false,"_monsterinsights_sitenote_note":"","_monsterinsights_sitenote_category":0},"product_brand":[],"product_cat":[12291,12509],"product_tag":[],"class_list":{"0":"post-763497","1":"product","2":"type-product","3":"status-publish","5":"product_cat-edebiyat","6":"product_cat-siir","7":"pa_cilt-ciltsiz","8":"pa_tur-kitap","9":"pa_yayinevi-matbuat-yayinlari","10":"pa_yazar-n-ender-imamoglu","12":"first","13":"instock","14":"sale","15":"shipping-taxable","16":"purchasable","17":"product-type-simple"},"_links":{"self":[{"href":"https:\/\/roveyayinevi.com.tr\/index.php\/wp-json\/wp\/v2\/product\/763497","targetHints":{"allow":["GET"]}}],"collection":[{"href":"https:\/\/roveyayinevi.com.tr\/index.php\/wp-json\/wp\/v2\/product"}],"about":[{"href":"https:\/\/roveyayinevi.com.tr\/index.php\/wp-json\/wp\/v2\/types\/product"}],"wp:attachment":[{"href":"https:\/\/roveyayinevi.com.tr\/index.php\/wp-json\/wp\/v2\/media?parent=763497"}],"wp:term":[{"taxonomy":"product_brand","embeddable":true,"href":"https:\/\/roveyayinevi.com.tr\/index.php\/wp-json\/wp\/v2\/product_brand?post=763497"},{"taxonomy":"product_cat","embeddable":true,"href":"https:\/\/roveyayinevi.com.tr\/index.php\/wp-json\/wp\/v2\/product_cat?post=763497"},{"taxonomy":"product_tag","embeddable":true,"href":"https:\/\/roveyayinevi.com.tr\/index.php\/wp-json\/wp\/v2\/product_tag?post=763497"}],"curies":[{"name":"wp","href":"https:\/\/api.w.org\/{rel}","templated":true}]}}