{"id":763496,"date":"2025-08-28T10:42:46","date_gmt":"2025-08-28T07:42:46","guid":{"rendered":"https:\/\/roveyayinevi.com.tr\/index.php\/urun\/siyasi-tarih-18-yuzyildan-20-asra-kadar\/"},"modified":"2026-04-15T03:28:44","modified_gmt":"2026-04-15T00:28:44","slug":"siyasi-tarih-18-yuzyildan-20-asra-kadar","status":"publish","type":"product","link":"https:\/\/roveyayinevi.com.tr\/index.php\/urun\/siyasi-tarih-18-yuzyildan-20-asra-kadar\/","title":{"rendered":"Siyasi Tarih &#8211; 18. Y\u00fczy\u0131ldan 20. Asra Kadar"},"content":{"rendered":"<p>Dr. Suphi Nuri \u0130leri\u2019nin 1941 y\u0131l\u0131nda yazd\u0131\u011f\u0131 bu kitap, cumhuriyet T\u00fcrkiyesi\u2019nin ilk siyasi tarih kitaplar\u0131ndan biri olma \u00f6zelli\u011fi ta\u015f\u0131yor. Sadece iki d\u00fcnya sava\u015f\u0131n\u0131 da ya\u015fam\u0131\u015f ku\u015fa\u011f\u0131n mensuplar\u0131ndan biri oldu\u011fu i\u00e7in de\u011fil, Lozan Konferans\u0131 ikinci grup toplant\u0131lar\u0131n\u0131n dan\u0131\u015fmanlar\u0131ndan biri olarak mesleki deneyimlerinin verdi\u011fi tecr\u00fcbesi ile de ikinci sava\u015f\u0131n s\u0131ca\u011f\u0131nda yazd\u0131\u011f\u0131 bu kitapla Dr. Suphi Nuri \u0130leri, \u00f6nemli bir miras b\u0131rakm\u0131\u015ft\u0131r okuyucuya.   1887 y\u0131l\u0131nda Gelibolu\u2019da do\u011fan ve \u0130stanbul \u00dcniversitesi Hukuk Fak\u00fcltesi\u2019nden sonra Paris Siyasi Bilimler Akademisi\u2019nde hukuk doktoru olan \u0130leri, Birinci D\u00fcnya Sava\u015f\u0131\u2019nda Suriye cephesinde IV. Ordu Kararg\u00e2h\u0131nda \u015fube m\u00fcd\u00fcrl\u00fc\u011f\u00fc yapt\u0131. 1919\u2019da Mustafa Kemal\u2019in emriyle \u0130talya\u2019ya, oradan \u0130svi\u00e7re\u2019ye gitti. Sakarya Sava\u015f\u0131 \u00f6ncesi Ankara\u2019ya d\u00f6nen ve buradan Malta\u2019ya s\u00fcrg\u00fcne g\u00f6nderilen a\u011fabeyi Celal Nuri\u2019nin \u00e7\u0131kartt\u0131\u011f\u0131 \u0130leri gazetesinin ba\u015f\u0131na ge\u00e7mek i\u00e7in \u0130stanbul\u2019a geri gelen Suphi Nuri, 1924 y\u0131l\u0131nda kapanana kadar gazeteyi y\u00f6netti. I. D\u00fcnya Sava\u015f\u0131 sonras\u0131 \u0130stanbul\u2019da kurulan Sosyalist Parti\u2019nin genel sekreterli\u011fini yapt\u0131. M\u00fcstakil ve Son Telgraf gazetelerini \u00e7\u0131kard\u0131. \u0130ki y\u0131l Midilli adas\u0131nda T\u00fcrk delegesi olarak g\u00f6rev yapt\u0131. 1925\u2019te \u015eeyh Sait \u0130syan\u0131\u2019n\u0131 dolayl\u0131 olarak te\u015fvik etti\u011fi iddias\u0131yla, d\u00f6nemin baz\u0131 \u00fcnl\u00fc gazetecileriyle birlikte El\u00e2z\u0131\u011f \u0130stikl\u00e2l Mahkemesi\u2019nde yarg\u0131land\u0131 ve beraat etti. 1931\u2019de Hukuk Fak\u00fcltesi, Y\u00fcksek \u0130ktisat ve Ticaret Mektebinde profes\u00f6r oldu. Ayn\u0131 zamanda avukatl\u0131k ve gazetecilik de yapt\u0131. 1944 y\u0131l\u0131nda \u0130leri gazetesini yeniden \u00e7\u0131kard\u0131. Karl Marx\u2019\u0131n Kapital\u2019ini \u201cSermaye\u201d ad\u0131yla \u00f6zet olarak ilk kez yeni harflerle yay\u0131mlad\u0131. 1945 y\u0131l\u0131nda vefat etti.<\/p>\n","protected":false},"excerpt":{"rendered":"<p>Dr. Suphi Nuri \u0130leri\u2019nin 1941 y\u0131l\u0131nda yazd\u0131\u011f\u0131 bu kitap, cumhuriyet T\u00fcrkiyesi\u2019nin ilk siyasi tarih kitaplar\u0131ndan biri olma \u00f6zelli\u011fi ta\u015f\u0131yor. Sadece iki d\u00fcnya sava\u015f\u0131n\u0131 da ya\u015fam\u0131\u015f ku\u015fa\u011f\u0131n<span class=\"excerpt-hellip\"> [\u2026]<\/span><\/p>\n","protected":false},"featured_media":0,"template":"","meta":{"_monsterinsights_skip_tracking":false,"_monsterinsights_sitenote_active":false,"_monsterinsights_sitenote_note":"","_monsterinsights_sitenote_category":0},"product_brand":[],"product_cat":[13590,12337],"product_tag":[],"class_list":{"0":"post-763496","1":"product","2":"type-product","3":"status-publish","5":"product_cat-arastirma-inceleme-politika-siyaset","6":"product_cat-politika-siyaset","7":"pa_cilt-ciltsiz","8":"pa_tur-kitap","9":"pa_yayinevi-iyidusun-yayinlari","10":"pa_yazar-suphi-nuri-ileri","12":"first","13":"instock","14":"sale","15":"shipping-taxable","16":"purchasable","17":"product-type-simple"},"_links":{"self":[{"href":"https:\/\/roveyayinevi.com.tr\/index.php\/wp-json\/wp\/v2\/product\/763496","targetHints":{"allow":["GET"]}}],"collection":[{"href":"https:\/\/roveyayinevi.com.tr\/index.php\/wp-json\/wp\/v2\/product"}],"about":[{"href":"https:\/\/roveyayinevi.com.tr\/index.php\/wp-json\/wp\/v2\/types\/product"}],"wp:attachment":[{"href":"https:\/\/roveyayinevi.com.tr\/index.php\/wp-json\/wp\/v2\/media?parent=763496"}],"wp:term":[{"taxonomy":"product_brand","embeddable":true,"href":"https:\/\/roveyayinevi.com.tr\/index.php\/wp-json\/wp\/v2\/product_brand?post=763496"},{"taxonomy":"product_cat","embeddable":true,"href":"https:\/\/roveyayinevi.com.tr\/index.php\/wp-json\/wp\/v2\/product_cat?post=763496"},{"taxonomy":"product_tag","embeddable":true,"href":"https:\/\/roveyayinevi.com.tr\/index.php\/wp-json\/wp\/v2\/product_tag?post=763496"}],"curies":[{"name":"wp","href":"https:\/\/api.w.org\/{rel}","templated":true}]}}