{"id":763495,"date":"2025-08-28T10:42:45","date_gmt":"2025-08-28T07:42:45","guid":{"rendered":"https:\/\/roveyayinevi.com.tr\/index.php\/urun\/suriye-yaniyor\/"},"modified":"2026-04-15T03:28:44","modified_gmt":"2026-04-15T00:28:44","slug":"suriye-yaniyor","status":"publish","type":"product","link":"https:\/\/roveyayinevi.com.tr\/index.php\/urun\/suriye-yaniyor\/","title":{"rendered":"Suriye Yan\u0131yor"},"content":{"rendered":"<p>Suriye\u2019deki sava\u015f, \u00e7ok uzun zamand\u0131r o \u00fclkede neler oldu\u011funu ve bu olaylar\u0131n nas\u0131l meydana geldi\u011fini anlatan iyi bir kitaba ihtiya\u00e7 duymaktayd\u0131. Yak\u0131n tarihte \u00e7ok az olay bu kadar yetersiz ve tarafl\u0131 anlat\u0131mla an\u0131lmaktad\u0131r ve \u00e7ok az yazar bu berbat trajediyi ayd\u0131nlatacak alg\u0131 ve tecr\u00fcbeye sahiptir. Bunlardan birisi de Charles Glass\u2019t\u0131r; o Suriye, L\u00fcbnan ve b\u00f6lgeyi \u00e7ok iyi tan\u0131yan birisidir ve b\u00f6lgede ya\u015fanan krizlere 1970\u2019lerden bu yana g\u00f6rg\u00fc tan\u0131\u011f\u0131 olarak \u015fahitlik etmi\u015ftir.Suriyelilerin \u00fclkelerinin kaderi \u00fczerindeki etkileri giderek azalmaktad\u0131r. Bunlar\u0131n t\u00fcm\u00fcn\u00fcn anla\u015f\u0131lmas\u0131 kolay de\u011fildir ve bunu anlamaya \u00e7al\u0131\u015fan bir kimse, b\u00f6lge ile ilgili derin bilgileri, d\u00fcnyan\u0131n en tehlikeli yerlerinden birisinde sahadan elde edece\u011fi g\u00fcncel bilgilerle birle\u015ftirmelidir. Bu \u00e7al\u0131\u015fmada Charles Glass, Suriye ger\u00e7e\u011fi ve \u00fclkenin gelece\u011fi ile ilgili ba\u015fka herhangi bir kaynaktan edinece\u011fimizden \u00e7ok daha fazla bilgi vermektedir.<\/p>\n","protected":false},"excerpt":{"rendered":"<p>Suriye\u2019deki sava\u015f, \u00e7ok uzun zamand\u0131r o \u00fclkede neler oldu\u011funu ve bu olaylar\u0131n nas\u0131l meydana geldi\u011fini anlatan iyi bir kitaba ihtiya\u00e7 duymaktayd\u0131. Yak\u0131n tarihte \u00e7ok az olay<span class=\"excerpt-hellip\"> [\u2026]<\/span><\/p>\n","protected":false},"featured_media":0,"template":"","meta":{"_monsterinsights_skip_tracking":false,"_monsterinsights_sitenote_active":false,"_monsterinsights_sitenote_note":"","_monsterinsights_sitenote_category":0},"product_brand":[],"product_cat":[31194,12337],"product_tag":[],"class_list":{"0":"post-763495","1":"product","2":"type-product","3":"status-publish","5":"product_cat-guncel-siyaset","6":"product_cat-politika-siyaset","7":"pa_cilt-ciltsiz","8":"pa_tur-kitap","9":"pa_yayinevi-iyidusun-yayinlari","10":"pa_yazar-charles-glass","12":"first","13":"instock","14":"sale","15":"shipping-taxable","16":"purchasable","17":"product-type-simple"},"_links":{"self":[{"href":"https:\/\/roveyayinevi.com.tr\/index.php\/wp-json\/wp\/v2\/product\/763495","targetHints":{"allow":["GET"]}}],"collection":[{"href":"https:\/\/roveyayinevi.com.tr\/index.php\/wp-json\/wp\/v2\/product"}],"about":[{"href":"https:\/\/roveyayinevi.com.tr\/index.php\/wp-json\/wp\/v2\/types\/product"}],"wp:attachment":[{"href":"https:\/\/roveyayinevi.com.tr\/index.php\/wp-json\/wp\/v2\/media?parent=763495"}],"wp:term":[{"taxonomy":"product_brand","embeddable":true,"href":"https:\/\/roveyayinevi.com.tr\/index.php\/wp-json\/wp\/v2\/product_brand?post=763495"},{"taxonomy":"product_cat","embeddable":true,"href":"https:\/\/roveyayinevi.com.tr\/index.php\/wp-json\/wp\/v2\/product_cat?post=763495"},{"taxonomy":"product_tag","embeddable":true,"href":"https:\/\/roveyayinevi.com.tr\/index.php\/wp-json\/wp\/v2\/product_tag?post=763495"}],"curies":[{"name":"wp","href":"https:\/\/api.w.org\/{rel}","templated":true}]}}