{"id":763494,"date":"2025-08-28T10:42:42","date_gmt":"2025-08-28T07:42:42","guid":{"rendered":"https:\/\/roveyayinevi.com.tr\/index.php\/urun\/gencligim-ki-bir-daha-yasamak-istemem\/"},"modified":"2026-04-15T03:28:44","modified_gmt":"2026-04-15T00:28:44","slug":"gencligim-ki-bir-daha-yasamak-istemem","status":"publish","type":"product","link":"https:\/\/roveyayinevi.com.tr\/index.php\/urun\/gencligim-ki-bir-daha-yasamak-istemem\/","title":{"rendered":"Gen\u00e7li\u011fim Ki Bir Daha Ya\u015famak \u0130stemem"},"content":{"rendered":"<p>Beyni de kalbi de fazla mesai yapan, akl\u0131yla duygular\u0131 yo\u011funluk yar\u0131\u015f\u0131na giren birinin hikayesine pek az insan ilgisiz kalabilir. Fakat ka\u00e7\u0131n\u0131lmaz olarak aray\u0131\u015f ve huzursuzluk \u00fcretecek, \u2018Gen\u00e7li\u011fim Ki Bir Daha Ya\u015famak \u0130stemem\u2019 dedirtecek b\u00f6yle bir hayat\u0131 fiilen ya\u015famay\u0131 kim ister?Elinizde tuttu\u011funuz biyografi, yukar\u0131daki iki \u00f6nermeyi birden ayn\u0131 anda do\u011fruluyor: \u00c7a\u011flayan bir \u00fcsl\u00fbp, \u2018Allah kimseyi bu tarzda s\u0131namas\u0131n\u2019 dedirten bir muhteva&#8230; Hevesle okunan fakat kahraman\u0131 olmaya heves uyand\u0131rmayan bir hikaye&#8230; Murat Kapk\u0131ner, ruhunda biribirine z\u0131t iki b\u00fcy\u00fck ihtiyac\u0131n s\u00fcrekli olarak cenk etti\u011fi, birinin \u00f6tekine galip gelmesi suretiyle ruhsal huzurun tesis edilmesinin imk\u00e2ns\u0131z oldu\u011fu trajik bir karakter&#8230; Kalbinin ihtiya\u00e7lar\u0131 onu s\u00fcrekli olarak inanmaya, ba\u011flanmaya, kendini b\u0131rakmaya, kendini b\u0131rakm\u0131\u015f ba\u015fkalar\u0131yla hesaps\u0131z bir dayan\u0131\u015fmaya, onlara iyilik etmeye, onlarla birlikte y\u00fcr\u00fcmeye ve bunlar\u0131 yaparken hi\u00e7 soru sormamaya te\u015fvik ederken akl\u0131n\u0131n ihtiya\u00e7lar\u0131 s\u00fcrekli olarak ba\u015fka telden \u00e7al\u0131yor. \u2018Akl\u0131n\u0131n ihtiya\u00e7lar\u0131\u2019 dedim ama asl\u0131nda hepsi tek bir ihtiyaca indirgenebilir: Kurcalamak. Kurcalamadan asla yapamayan bir ak\u0131l! Neredeyse kurcalamadan ibaret bir ak\u0131l! (\u201cBenim i\u00e7 tecr\u00fcbelerimi bilmeyenler, beni istikrars\u0131z san\u0131yor: Adam bir dervi\u015f oluyor, bir us\u00e7u.\u201d)Murat Kapk\u0131ner mesela bir \u0130skandinav \u00fclkesinde do\u011fsayd\u0131, b\u00fcy\u00fck bir ihtimalle akl\u0131yla kendisini ba\u015fba\u015fa b\u0131rakacak bir inzivaya \u00e7ekilir, mecbur olmad\u0131k\u00e7a toplum i\u00e7ine girmezdi. Fakat neticede o bu suyun bal\u0131\u011f\u0131 ve Anadolu adl\u0131 bu suda bal\u0131klar biribirlerine dokunarak y\u00fcz\u00fcyor.<\/p>\n","protected":false},"excerpt":{"rendered":"<p>Beyni de kalbi de fazla mesai yapan, akl\u0131yla duygular\u0131 yo\u011funluk yar\u0131\u015f\u0131na giren birinin hikayesine pek az insan ilgisiz kalabilir. Fakat ka\u00e7\u0131n\u0131lmaz olarak aray\u0131\u015f ve huzursuzluk \u00fcretecek,<span class=\"excerpt-hellip\"> [\u2026]<\/span><\/p>\n","protected":false},"featured_media":0,"template":"","meta":{"_monsterinsights_skip_tracking":false,"_monsterinsights_sitenote_active":false,"_monsterinsights_sitenote_note":"","_monsterinsights_sitenote_category":0},"product_brand":[],"product_cat":[12291,12711],"product_tag":[],"class_list":{"0":"post-763494","1":"product","2":"type-product","3":"status-publish","5":"product_cat-edebiyat","6":"product_cat-roman-oyku","7":"pa_cilt-ciltsiz","8":"pa_tur-kitap","9":"pa_yayinevi-40-ikindi-yayinlari","10":"pa_yazar-murat-kapkiner","12":"first","13":"instock","14":"sale","15":"shipping-taxable","16":"purchasable","17":"product-type-simple"},"_links":{"self":[{"href":"https:\/\/roveyayinevi.com.tr\/index.php\/wp-json\/wp\/v2\/product\/763494","targetHints":{"allow":["GET"]}}],"collection":[{"href":"https:\/\/roveyayinevi.com.tr\/index.php\/wp-json\/wp\/v2\/product"}],"about":[{"href":"https:\/\/roveyayinevi.com.tr\/index.php\/wp-json\/wp\/v2\/types\/product"}],"wp:attachment":[{"href":"https:\/\/roveyayinevi.com.tr\/index.php\/wp-json\/wp\/v2\/media?parent=763494"}],"wp:term":[{"taxonomy":"product_brand","embeddable":true,"href":"https:\/\/roveyayinevi.com.tr\/index.php\/wp-json\/wp\/v2\/product_brand?post=763494"},{"taxonomy":"product_cat","embeddable":true,"href":"https:\/\/roveyayinevi.com.tr\/index.php\/wp-json\/wp\/v2\/product_cat?post=763494"},{"taxonomy":"product_tag","embeddable":true,"href":"https:\/\/roveyayinevi.com.tr\/index.php\/wp-json\/wp\/v2\/product_tag?post=763494"}],"curies":[{"name":"wp","href":"https:\/\/api.w.org\/{rel}","templated":true}]}}