{"id":763493,"date":"2025-08-28T10:42:40","date_gmt":"2025-08-28T07:42:40","guid":{"rendered":"https:\/\/roveyayinevi.com.tr\/index.php\/urun\/gallemit\/"},"modified":"2026-04-15T03:28:44","modified_gmt":"2026-04-15T00:28:44","slug":"gallemit","status":"publish","type":"product","link":"https:\/\/roveyayinevi.com.tr\/index.php\/urun\/gallemit\/","title":{"rendered":"Gallemit"},"content":{"rendered":"<p>Savrulup gidiyor \u00f6m\u00fcr dedi\u011fin&#8230;Sararm\u0131\u015f sat\u0131r aralar\u0131nda \u00e7eyrek as\u0131rd\u0131r s\u0131zlayan yorgun h\u00fcz\u00fcn sesleri. Ulu Kam&#8217;\u0131n i\u00e7 \u00e7eki\u015fi. Tibet&#8217;in rahipleri benden daha yaln\u0131z de\u011fildir&#8230; Biri zahirde derbeder, di\u011feri s\u0131rlar\u0131n pe\u015finde iki yaln\u0131z adam. Y\u00fcrek yang\u0131n\u0131n\u0131 s\u00f6nd\u00fcr\u00fcr \u00fcmidiyle kor ate\u015fe serpilen suyun \u015farkta \u00e7\u0131kard\u0131\u011f\u0131 c\u0131z\u0131rt\u0131y\u0131 garpta da duyabilen s\u0131ra d\u0131\u015f\u0131 iki insan\u0131n g\u00f6n\u00fcl yolculu\u011fu. \u015eaman davullar\u0131, veliler, amans\u0131z kokular, Elsa&#8217;n\u0131n g\u00f6zleri&#8230; Yaln\u0131z&#8217;\u0131n \u00f6yk\u00fcs\u00fc&#8230; Yaln\u0131zl\u0131\u011fa \u00f6yk\u00fc&#8230;Sahiden savrulup gidiyor \u00f6m\u00fcr dedi\u011fin. \u00d6m\u00fcrler savruluyor. Uzaklarda, yak\u0131nlarda. Bizatihi der\u00fbnda&#8230; Evvel g\u00f6\u00e7en yazar oldu. Kalanlar derin ac\u0131lar \u00e7ektiler. Ulu Kam haber al\u0131nca bir kez daha kahrolmu\u015f; &#8220;Ke\u015fke ona Haf\u0131z&#8217;\u0131n kabri gibi bir kabir yapabilseydim&#8221;, s\u00f6zleriyle hay\u0131flanm\u0131\u015f.Her insan bir ba\u015fkas\u0131nda yol arar kendine. Arad\u0131\u011f\u0131 en yak\u0131n\u0131ndad\u0131r. Tanr\u0131 Da\u011flar\u0131n\u0131n zirvelerinde sessizce hayk\u0131rd\u0131\u011f\u0131 isim; g\u00fcl\u00fcn ad\u0131yd\u0131. Kahraman\u0131n huzur ve s\u00fck\u00fbnunu zedelemeden, sis perdesinin t\u00fcllerini aralamadan me\u00e7hule \u0131\u015f\u0131k tutmak naif ve ulv\u00ee bir gayretti. Toplumsal hareketlili\u011fin akabinde, kamuoyunda do\u011fan al\u00e2ka \u00fczerine yeniden bask\u0131 teklifini de fazilet \u00f6rne\u011fi sergileyerek reddetmi\u015fti; &#8220;Taze ac\u0131n\u0131n \u00fczerine kitap \u00e7\u0131karmak yak\u0131\u015f\u0131k almaz&#8221;. Ulu Kam&#8217;\u0131 da\u011flayan kur\u015fun, vicdan sahiplerinin y\u00fcre\u011fini kanatmal\u0131yd\u0131. Kasten s\u0131k\u0131lan o hain kur\u015funa herkes l\u00e2net etseydi kahbe devr-i devran b\u00f6yle pervas\u0131z d\u00f6nmeyecekti.&#8221;Hepsi birbirine kar\u0131\u015ft\u0131 gitti. Ger\u00e7ek kam Aziz mi, be\u015f \u00e7ocu\u011funu b\u0131rakarak da\u011flara giden adam m\u0131, y\u0131llar sonra onu aray\u0131p bulan ben miyim?&#8221;<\/p>\n","protected":false},"excerpt":{"rendered":"<p>Savrulup gidiyor \u00f6m\u00fcr dedi\u011fin&#8230;Sararm\u0131\u015f sat\u0131r aralar\u0131nda \u00e7eyrek as\u0131rd\u0131r s\u0131zlayan yorgun h\u00fcz\u00fcn sesleri. Ulu Kam&#8217;\u0131n i\u00e7 \u00e7eki\u015fi. Tibet&#8217;in rahipleri benden daha yaln\u0131z de\u011fildir&#8230; Biri zahirde derbeder, di\u011feri<span class=\"excerpt-hellip\"> [\u2026]<\/span><\/p>\n","protected":false},"featured_media":0,"template":"","meta":{"_monsterinsights_skip_tracking":false,"_monsterinsights_sitenote_active":false,"_monsterinsights_sitenote_note":"","_monsterinsights_sitenote_category":0},"product_brand":[],"product_cat":[12291,12711],"product_tag":[],"class_list":{"0":"post-763493","1":"product","2":"type-product","3":"status-publish","5":"product_cat-edebiyat","6":"product_cat-roman-oyku","7":"pa_cilt-ciltsiz","8":"pa_tur-kitap","9":"pa_yayinevi-matbuat-yayinlari","10":"pa_yazar-servet-somuncuoglu","12":"first","13":"instock","14":"sale","15":"shipping-taxable","16":"purchasable","17":"product-type-simple"},"_links":{"self":[{"href":"https:\/\/roveyayinevi.com.tr\/index.php\/wp-json\/wp\/v2\/product\/763493","targetHints":{"allow":["GET"]}}],"collection":[{"href":"https:\/\/roveyayinevi.com.tr\/index.php\/wp-json\/wp\/v2\/product"}],"about":[{"href":"https:\/\/roveyayinevi.com.tr\/index.php\/wp-json\/wp\/v2\/types\/product"}],"wp:attachment":[{"href":"https:\/\/roveyayinevi.com.tr\/index.php\/wp-json\/wp\/v2\/media?parent=763493"}],"wp:term":[{"taxonomy":"product_brand","embeddable":true,"href":"https:\/\/roveyayinevi.com.tr\/index.php\/wp-json\/wp\/v2\/product_brand?post=763493"},{"taxonomy":"product_cat","embeddable":true,"href":"https:\/\/roveyayinevi.com.tr\/index.php\/wp-json\/wp\/v2\/product_cat?post=763493"},{"taxonomy":"product_tag","embeddable":true,"href":"https:\/\/roveyayinevi.com.tr\/index.php\/wp-json\/wp\/v2\/product_tag?post=763493"}],"curies":[{"name":"wp","href":"https:\/\/api.w.org\/{rel}","templated":true}]}}