{"id":763492,"date":"2025-08-28T10:42:39","date_gmt":"2025-08-28T07:42:39","guid":{"rendered":"https:\/\/roveyayinevi.com.tr\/index.php\/urun\/sii-politik-dusuncesi-baslangicindan-gunumuze\/"},"modified":"2026-04-15T03:28:44","modified_gmt":"2026-04-15T00:28:44","slug":"sii-politik-dusuncesi-baslangicindan-gunumuze","status":"publish","type":"product","link":"https:\/\/roveyayinevi.com.tr\/index.php\/urun\/sii-politik-dusuncesi-baslangicindan-gunumuze\/","title":{"rendered":"\u015eii Politik D\u00fc\u015f\u00fcncesi (Ba\u015flang\u0131c\u0131ndan G\u00fcn\u00fcm\u00fcze)"},"content":{"rendered":"<p>Tarih boyunca, siyas\u00ee ve mezheb\u00ee \u00f6n kabul ve beklentilerin etkisi alt\u0131nda, bazen d\u00f6nemlerindeki \u015ei\u00ee siyas\u00ee otoritelerin me\u015fr\u00fbiyetini temin etmek, bazen de kendi mezhep mensuplar\u0131n\u0131 rahat ettirebilmek i\u00e7in; Kur\u2019\u00e2n ve \u00f6zellikle imamlardan gelen riv\u00e2yetlere de (ahb\u00e2r) ba\u015fvurarak g\u00f6r\u00fc\u015flerini me\u015fr\u00fbla\u015ft\u0131rmaya \u00e7al\u0131\u015fan \u015ei\u00ee alim ve fak\u00eehleri, bu istikametteki beklentilerine uygun politik fikir ve kuramlar \u00fcretmi\u015flerdir.\u015ei\u00ee siyas\u00ee d\u00fc\u015f\u00fcncesi, fak\u00eehin politik s\u00fcrece do\u011frudan m\u00fcd\u00e2hale edip, gaybetteki on ikinci imam\u0131n mutlak siyas\u00ee otoritesinin onun (fak\u00eeh) taraf\u0131ndan eksiksiz olarak temsil edilmesi gerekti\u011fi hususundaki Humeyn\u00ee\u2019nin vel\u00e2yet-i fak\u00eeh nazariyesiyle yeni bir d\u00f6neme girmi\u015ftir. Bu nazariye, her ne kadar bug\u00fcnk\u00fc \u015e\u00eea\u2019n\u0131n \u00e7o\u011funlu\u011fu taraf\u0131ndan kabul edilmeyip geleneksel \u015ei\u00ee d\u00fc\u015f\u00fcncesinden bir sapma olarak g\u00f6r\u00fclse de; \u015ei\u00ee politik d\u00fc\u015f\u00fcncesiyle ilgili ortaya konan b\u00fct\u00fcn bu farkl\u0131 g\u00f6r\u00fc\u015f ve tav\u0131rlar\u0131n hepsi, bir \u015fekilde im\u00e2met doktriniyle ili\u015fkilendirilmi\u015ftir&#8230;.<\/p>\n","protected":false},"excerpt":{"rendered":"<p>Tarih boyunca, siyas\u00ee ve mezheb\u00ee \u00f6n kabul ve beklentilerin etkisi alt\u0131nda, bazen d\u00f6nemlerindeki \u015ei\u00ee siyas\u00ee otoritelerin me\u015fr\u00fbiyetini temin etmek, bazen de kendi mezhep mensuplar\u0131n\u0131 rahat ettirebilmek<span class=\"excerpt-hellip\"> [\u2026]<\/span><\/p>\n","protected":false},"featured_media":0,"template":"","meta":{"_monsterinsights_skip_tracking":false,"_monsterinsights_sitenote_active":false,"_monsterinsights_sitenote_note":"","_monsterinsights_sitenote_category":0},"product_brand":[],"product_cat":[16098,12337],"product_tag":[],"class_list":{"0":"post-763492","1":"product","2":"type-product","3":"status-publish","5":"product_cat-politik-akimlar-hareketler","6":"product_cat-politika-siyaset","7":"pa_cilt-ciltsiz","8":"pa_tur-kitap","9":"pa_yayinevi-iyidusun-yayinlari","10":"pa_yazar-mazlum-uyar","12":"first","13":"instock","14":"sale","15":"shipping-taxable","16":"purchasable","17":"product-type-simple"},"_links":{"self":[{"href":"https:\/\/roveyayinevi.com.tr\/index.php\/wp-json\/wp\/v2\/product\/763492","targetHints":{"allow":["GET"]}}],"collection":[{"href":"https:\/\/roveyayinevi.com.tr\/index.php\/wp-json\/wp\/v2\/product"}],"about":[{"href":"https:\/\/roveyayinevi.com.tr\/index.php\/wp-json\/wp\/v2\/types\/product"}],"wp:attachment":[{"href":"https:\/\/roveyayinevi.com.tr\/index.php\/wp-json\/wp\/v2\/media?parent=763492"}],"wp:term":[{"taxonomy":"product_brand","embeddable":true,"href":"https:\/\/roveyayinevi.com.tr\/index.php\/wp-json\/wp\/v2\/product_brand?post=763492"},{"taxonomy":"product_cat","embeddable":true,"href":"https:\/\/roveyayinevi.com.tr\/index.php\/wp-json\/wp\/v2\/product_cat?post=763492"},{"taxonomy":"product_tag","embeddable":true,"href":"https:\/\/roveyayinevi.com.tr\/index.php\/wp-json\/wp\/v2\/product_tag?post=763492"}],"curies":[{"name":"wp","href":"https:\/\/api.w.org\/{rel}","templated":true}]}}