{"id":763491,"date":"2025-08-28T10:42:37","date_gmt":"2025-08-28T07:42:37","guid":{"rendered":"https:\/\/roveyayinevi.com.tr\/index.php\/urun\/fifa-skandali\/"},"modified":"2026-04-15T03:28:44","modified_gmt":"2026-04-15T00:28:44","slug":"fifa-skandali","status":"publish","type":"product","link":"https:\/\/roveyayinevi.com.tr\/index.php\/urun\/fifa-skandali\/","title":{"rendered":"FIFA Skandal\u0131"},"content":{"rendered":"<p>\u0130ngiltere\u2019de Y\u0131l\u0131n Spor Muhabiri \u00d6d\u00fcl\u00fc\u2019n\u00fc rekor k\u0131rarak \u00fc\u00e7 kez kazanm\u0131\u015f olan ara\u015ft\u0131rmac\u0131 gazeteci ve Guardian yazar\u0131 David Conn, Fifa Skandal\u0131 isimli bu a\u00e7\u0131klay\u0131c\u0131 kitab\u0131nda, 1904 y\u0131l\u0131ndaki ilk kurulu\u015fundan ve d\u00fcnya \u00e7ap\u0131nda futbolu geli\u015ftirme \u00e7al\u0131\u015fmalar\u0131ndan, yak\u0131n zamanda ortaya \u00e7\u0131kar\u0131lan skandala ve 2018 D\u00fcnya Kupas\u0131\u2019n\u0131n Rusya\u2019ya, 2022\u2019nin ise Katar\u2019a gitmesini sa\u011flayan tart\u0131\u015fmal\u0131 oylamaya kadar Fifa\u2019n\u0131n tarihini yaz\u0131yor.27 May\u0131s 2015&#8217;te \u015fafak vakti, \u0130svi\u00e7re polisinin FBI ile ortak hareket ederek Z\u00fcrih\u2019in be\u015f y\u0131ld\u0131zl\u0131 Baur au Lac oteline bask\u0131n d\u00fczenledi\u011fi ve Fifa\u2019n\u0131n yedi \u00fcst d\u00fczey g\u00f6revlisini tutuklad\u0131\u011f\u0131 haberinin spor d\u00fcnyas\u0131n\u0131 sarsmas\u0131n\u0131n ard\u0131ndan, zaman\u0131n FBI direkt\u00f6r\u00fc James Comey, zanl\u0131lar\u0131n \u201cbir yolsuzluk ve tamahk\u00e2rl\u0131k k\u00fclt\u00fcr\u00fc geli\u015ftirdiklerini\u201d ifade etmi\u015fti. Bu basit, g\u00fczel spor d\u00fcnyada milyarlar\u0131n kalbinde yer edinirken ve ger\u00e7ek bir k\u00fcresel oyun ve ticari g\u00fc\u00e7 kayna\u011f\u0131 olurken, onu y\u00f6neten organ \u00f6z\u00fcnde \u00e7\u00fcr\u00fcyordu; nihai d\u00fc\u015f\u00fc\u015f\u00fc spor d\u00fcnyas\u0131n\u0131n g\u00f6rd\u00fc\u011f\u00fc en kayda de\u011fer yolsuzluk hikayesidir. Conn kitapta, d\u00fcnya futbolunu y\u00f6neten \u00f6rg\u00fct\u00fcn bu ayn\u0131 zamanda tuhaf hikayesinin, 1970&#8217;lerden bu yana, jeopolitik de\u011fi\u015fimleri ve \u00f6zellikle Bat\u0131&#8217;n\u0131n politik ve ekonomik hakimiyetinin azal\u0131\u015f\u0131n\u0131 \u00f6nceden haber verdi\u011fini de g\u00f6steriyor. Futbol etraf\u0131ndaki son elli y\u0131l\u0131n karma\u015f\u0131k, birbirine girmi\u015f ve gizli tutulmu\u015f hikayelerin d\u00fc\u011f\u00fcm\u00fcn\u00fc \u00e7\u00f6zen kitapta, olaya dahil olmu\u015f t\u00fcm karakterlere de\u011finiliyor: Havelange\u2019dan Teixeira\u2019ya, Blazer\u2019dan Warner\u2019a, Platini\u2019den Benckenbauer\u2019e, Jeffrey Webb\u2019ten bin Hammam\u2019a&#8230; Son b\u00f6l\u00fcm\u00fc olu\u015fturan Sepp Blatter r\u00f6portaj\u0131 ise, International Soccer Network\u2019e g\u00f6re, kitab\u0131 edinmek i\u00e7in ba\u015fl\u0131ba\u015f\u0131na bir sebep.<\/p>\n","protected":false},"excerpt":{"rendered":"<p>\u0130ngiltere\u2019de Y\u0131l\u0131n Spor Muhabiri \u00d6d\u00fcl\u00fc\u2019n\u00fc rekor k\u0131rarak \u00fc\u00e7 kez kazanm\u0131\u015f olan ara\u015ft\u0131rmac\u0131 gazeteci ve Guardian yazar\u0131 David Conn, Fifa Skandal\u0131 isimli bu a\u00e7\u0131klay\u0131c\u0131 kitab\u0131nda, 1904 y\u0131l\u0131ndaki<span class=\"excerpt-hellip\"> [\u2026]<\/span><\/p>\n","protected":false},"featured_media":0,"template":"","meta":{"_monsterinsights_skip_tracking":false,"_monsterinsights_sitenote_active":false,"_monsterinsights_sitenote_note":"","_monsterinsights_sitenote_category":0},"product_brand":[],"product_cat":[12364],"product_tag":[],"class_list":{"0":"post-763491","1":"product","2":"type-product","3":"status-publish","5":"product_cat-genel-konular","6":"pa_cilt-ciltsiz","7":"pa_tur-kitap","8":"pa_yayinevi-iyidusun-yayinlari","9":"pa_yazar-david-conn","11":"first","12":"instock","13":"sale","14":"shipping-taxable","15":"purchasable","16":"product-type-simple"},"_links":{"self":[{"href":"https:\/\/roveyayinevi.com.tr\/index.php\/wp-json\/wp\/v2\/product\/763491","targetHints":{"allow":["GET"]}}],"collection":[{"href":"https:\/\/roveyayinevi.com.tr\/index.php\/wp-json\/wp\/v2\/product"}],"about":[{"href":"https:\/\/roveyayinevi.com.tr\/index.php\/wp-json\/wp\/v2\/types\/product"}],"wp:attachment":[{"href":"https:\/\/roveyayinevi.com.tr\/index.php\/wp-json\/wp\/v2\/media?parent=763491"}],"wp:term":[{"taxonomy":"product_brand","embeddable":true,"href":"https:\/\/roveyayinevi.com.tr\/index.php\/wp-json\/wp\/v2\/product_brand?post=763491"},{"taxonomy":"product_cat","embeddable":true,"href":"https:\/\/roveyayinevi.com.tr\/index.php\/wp-json\/wp\/v2\/product_cat?post=763491"},{"taxonomy":"product_tag","embeddable":true,"href":"https:\/\/roveyayinevi.com.tr\/index.php\/wp-json\/wp\/v2\/product_tag?post=763491"}],"curies":[{"name":"wp","href":"https:\/\/api.w.org\/{rel}","templated":true}]}}