{"id":763490,"date":"2025-08-28T10:42:35","date_gmt":"2025-08-28T07:42:35","guid":{"rendered":"https:\/\/roveyayinevi.com.tr\/index.php\/urun\/dumenci\/"},"modified":"2026-04-12T03:20:45","modified_gmt":"2026-04-12T00:20:45","slug":"dumenci","status":"publish","type":"product","link":"https:\/\/roveyayinevi.com.tr\/index.php\/urun\/dumenci\/","title":{"rendered":"D\u00fcmenci"},"content":{"rendered":"<p>K\u00fcresel finans krizi Wall Street&#8217;i Washington&#8217;a ta\u015f\u0131m\u0131\u015ft\u0131. Yoksa zaten hep orada m\u0131yd\u0131? D\u00fcnyada mevcut internet altyap\u0131s\u0131n\u0131 \u00e7\u00f6pe atacak ve \u015fimdiye kadar Wall Street&#8217;in en b\u00fcy\u00fck finansman i\u015flemi olan &#8220;Gelece\u011fin \u0130nterneti&#8221; projesinde kimler yer al\u0131yordu? Ortado\u011fu&#8217;nun bir k\u0131sm\u0131 Yahudi, bir k\u0131sm\u0131 M\u00fcsl\u00fcman olan hangi ailesi, servetinin izini kaybettirerek bir ba\u015fka yerde tekrar toplamaya \u00e7al\u0131\u015f\u0131yordu? Sevilen bir baba, biri Wall Street&#8217;te \u00e7al\u0131\u015fan, di\u011feri onun kurallar\u0131n\u0131 de\u011fi\u015ftirmeye haz\u0131rlanan, birbirinden ayr\u0131 karakterde iki erkek evlat. Teknoloji, casusluk, gerilim, baba-o\u011ful ili\u015fkilerinin derinlikleri\u2026 Kendisi de h\u0131zl\u0131 b\u00fcy\u00fcyen firmalar\u0131n finansman\u0131na odaklanan butik bir yat\u0131r\u0131m bankas\u0131n\u0131n kurucusu ve y\u00f6neticisi olan Michael Pocalyko bu \u00e7ok ak\u0131c\u0131 roman\u0131nda ba\u015far\u0131l\u0131 bir ger\u00e7ek\/kurgu senteziyle ilgin\u00e7 ve keyifli bir okuma vaat ediyor.<\/p>\n","protected":false},"excerpt":{"rendered":"<p>K\u00fcresel finans krizi Wall Street&#8217;i Washington&#8217;a ta\u015f\u0131m\u0131\u015ft\u0131. Yoksa zaten hep orada m\u0131yd\u0131? D\u00fcnyada mevcut internet altyap\u0131s\u0131n\u0131 \u00e7\u00f6pe atacak ve \u015fimdiye kadar Wall Street&#8217;in en b\u00fcy\u00fck finansman<span class=\"excerpt-hellip\"> [\u2026]<\/span><\/p>\n","protected":false},"featured_media":0,"template":"","meta":{"_monsterinsights_skip_tracking":false,"_monsterinsights_sitenote_active":false,"_monsterinsights_sitenote_note":"","_monsterinsights_sitenote_category":0},"product_brand":[],"product_cat":[12291,12711],"product_tag":[],"class_list":{"0":"post-763490","1":"product","2":"type-product","3":"status-publish","5":"product_cat-edebiyat","6":"product_cat-roman-oyku","7":"pa_cilt-ciltsiz","8":"pa_tur-kitap","9":"pa_yayinevi-paspartu-yayinlari","10":"pa_yazar-michael-pocalyko","12":"first","13":"instock","14":"sale","15":"shipping-taxable","16":"purchasable","17":"product-type-simple"},"_links":{"self":[{"href":"https:\/\/roveyayinevi.com.tr\/index.php\/wp-json\/wp\/v2\/product\/763490","targetHints":{"allow":["GET"]}}],"collection":[{"href":"https:\/\/roveyayinevi.com.tr\/index.php\/wp-json\/wp\/v2\/product"}],"about":[{"href":"https:\/\/roveyayinevi.com.tr\/index.php\/wp-json\/wp\/v2\/types\/product"}],"wp:attachment":[{"href":"https:\/\/roveyayinevi.com.tr\/index.php\/wp-json\/wp\/v2\/media?parent=763490"}],"wp:term":[{"taxonomy":"product_brand","embeddable":true,"href":"https:\/\/roveyayinevi.com.tr\/index.php\/wp-json\/wp\/v2\/product_brand?post=763490"},{"taxonomy":"product_cat","embeddable":true,"href":"https:\/\/roveyayinevi.com.tr\/index.php\/wp-json\/wp\/v2\/product_cat?post=763490"},{"taxonomy":"product_tag","embeddable":true,"href":"https:\/\/roveyayinevi.com.tr\/index.php\/wp-json\/wp\/v2\/product_tag?post=763490"}],"curies":[{"name":"wp","href":"https:\/\/api.w.org\/{rel}","templated":true}]}}