{"id":763488,"date":"2025-08-28T10:42:30","date_gmt":"2025-08-28T07:42:30","guid":{"rendered":"https:\/\/roveyayinevi.com.tr\/index.php\/urun\/devletin-adami\/"},"modified":"2026-04-08T03:25:24","modified_gmt":"2026-04-08T00:25:24","slug":"devletin-adami","status":"publish","type":"product","link":"https:\/\/roveyayinevi.com.tr\/index.php\/urun\/devletin-adami\/","title":{"rendered":"Devletin Adam\u0131"},"content":{"rendered":"<p>&#8220;E\u011fer bir konu hakk\u0131nda d\u00fcnya kamuoyunu ikna edici bir a\u00e7\u0131klama getirmezseniz&#8221; diyor Edward Wilson, &#8220;romanc\u0131ya spek\u00fclasyon yapma hakk\u0131 do\u011far.&#8221; Wilson bu hakk\u0131n\u0131 \u00c7in&#8217;in n\u00fckleer silaha sahip olmas\u0131 \u00fczerinde kullanm\u0131\u015f. Nas\u0131l oldu da bu i\u015fe sonradan giren \u00c7in, n\u00fckleer \u00e7al\u0131\u015fmalara ba\u015flang\u0131\u00e7 ile n\u00fckleer silaha ula\u015fma aras\u0131ndaki s\u00fcre bak\u0131m\u0131ndan di\u011fer b\u00fct\u00fcn devletleri a\u00e7\u0131k ara geride b\u0131rakan bir performans sergiledi? Yazar\u0131n merkeze ald\u0131\u011f\u0131 konu bu olmakla birlikte Londra merkezli olaylar, \u0130ngiliz devlet yap\u0131s\u0131 i\u00e7indeki en \u00fcst d\u00fczey memur \u00fczerinden geli\u015fiyor ve istihbarat sava\u015flar\u0131n\u0131n malzemesi haline gelen siyasi elitlerin u\u00e7uk cinsellik fantezilerinden ve Vietnam ormanlar\u0131ndan ge\u00e7erek okuyucuyu s\u00fcrprizlerle dolu sonuca ad\u0131m ad\u0131m yakla\u015ft\u0131r\u0131yor. Kitab\u0131 sa\u011flam bir \u015fekilde takip etmeyi m\u00fcmk\u00fcn k\u0131lan, tam da Edward Wilson&#8217;un, John le Carre ile en \u00e7ok benzetildi\u011fi \u00f6zelli\u011fi: karakterlerin dirili\u011fi ve empati kurmay\u0131 adeta zorunlu k\u0131lan psikolojik d\u00fcnyalar\u0131.<\/p>\n","protected":false},"excerpt":{"rendered":"<p>&#8220;E\u011fer bir konu hakk\u0131nda d\u00fcnya kamuoyunu ikna edici bir a\u00e7\u0131klama getirmezseniz&#8221; diyor Edward Wilson, &#8220;romanc\u0131ya spek\u00fclasyon yapma hakk\u0131 do\u011far.&#8221; Wilson bu hakk\u0131n\u0131 \u00c7in&#8217;in n\u00fckleer silaha sahip<span class=\"excerpt-hellip\"> [\u2026]<\/span><\/p>\n","protected":false},"featured_media":0,"template":"","meta":{"_monsterinsights_skip_tracking":false,"_monsterinsights_sitenote_active":false,"_monsterinsights_sitenote_note":"","_monsterinsights_sitenote_category":0},"product_brand":[],"product_cat":[12291,12711],"product_tag":[],"class_list":{"0":"post-763488","1":"product","2":"type-product","3":"status-publish","5":"product_cat-edebiyat","6":"product_cat-roman-oyku","7":"pa_cilt-ciltsiz","8":"pa_tur-kitap","9":"pa_yayinevi-paspartu-yayinlari","10":"pa_yazar-edward-wilson","12":"first","13":"instock","14":"sale","15":"shipping-taxable","16":"purchasable","17":"product-type-simple"},"_links":{"self":[{"href":"https:\/\/roveyayinevi.com.tr\/index.php\/wp-json\/wp\/v2\/product\/763488","targetHints":{"allow":["GET"]}}],"collection":[{"href":"https:\/\/roveyayinevi.com.tr\/index.php\/wp-json\/wp\/v2\/product"}],"about":[{"href":"https:\/\/roveyayinevi.com.tr\/index.php\/wp-json\/wp\/v2\/types\/product"}],"wp:attachment":[{"href":"https:\/\/roveyayinevi.com.tr\/index.php\/wp-json\/wp\/v2\/media?parent=763488"}],"wp:term":[{"taxonomy":"product_brand","embeddable":true,"href":"https:\/\/roveyayinevi.com.tr\/index.php\/wp-json\/wp\/v2\/product_brand?post=763488"},{"taxonomy":"product_cat","embeddable":true,"href":"https:\/\/roveyayinevi.com.tr\/index.php\/wp-json\/wp\/v2\/product_cat?post=763488"},{"taxonomy":"product_tag","embeddable":true,"href":"https:\/\/roveyayinevi.com.tr\/index.php\/wp-json\/wp\/v2\/product_tag?post=763488"}],"curies":[{"name":"wp","href":"https:\/\/api.w.org\/{rel}","templated":true}]}}