{"id":763486,"date":"2025-08-28T10:42:27","date_gmt":"2025-08-28T07:42:27","guid":{"rendered":"https:\/\/roveyayinevi.com.tr\/index.php\/urun\/cinin-donusumu-ve-kuresel-ekonomik-karsilikli-bagimlilik\/"},"modified":"2026-04-15T03:28:44","modified_gmt":"2026-04-15T00:28:44","slug":"cinin-donusumu-ve-kuresel-ekonomik-karsilikli-bagimlilik","status":"publish","type":"product","link":"https:\/\/roveyayinevi.com.tr\/index.php\/urun\/cinin-donusumu-ve-kuresel-ekonomik-karsilikli-bagimlilik\/","title":{"rendered":"\u00c7in\u2019in D\u00f6n\u00fc\u015f\u00fcm\u00fc ve K\u00fcresel Ekonomik Kar\u015f\u0131l\u0131kl\u0131 Ba\u011f\u0131ml\u0131l\u0131k"},"content":{"rendered":"<p>Avrupa Parlamentosu D\u0131\u015f Politika Direkt\u00f6rl\u00fc\u011f\u00fc taraf\u0131ndan yay\u0131nlanan bu rapor, \u00c7in\u2019in, k\u00fcresel ekonomik ili\u015fkilerinin kapsaml\u0131 bir resmini ortaya koyarken AB ile olan ili\u015fkilerine daha detayl\u0131 bir bak\u0131\u015f a\u00e7\u0131s\u0131 sunuyor.D\u00fcnyan\u0131n en b\u00fcy\u00fck ihracat\u00e7\u0131s\u0131 ve ikinci en b\u00fcy\u00fck ithalat\u00e7\u0131s\u0131 olarak k\u00fcresel ticaretin merkezinde duran \u00c7in\u2019in k\u00fcresel y\u00f6netimde, kurallara dayal\u0131 uluslararas\u0131 d\u00fczende ve G20 \u00e7at\u0131s\u0131 alt\u0131nda yap\u0131lan taahh\u00fctlerin yerine getirilmesinde oynad\u0131\u011f\u0131 kritik rol, daha fazla hizmet ve teknoloji odakl\u0131 ekonomik b\u00fcy\u00fcmeye \u00f6nc\u00fcl\u00fck eden \u201cyeni normal\u201d, \u201c\u00c7in Yap\u0131m\u0131 2025\u201d etiketine sahip imalat sanayi i\u00e7in master plan\u0131, yeniden yap\u0131land\u0131r\u0131lmas\u0131 i\u00e7in 87 milyar dolar tahsis edilen K\u0130T\u2019ler, rekabet\u00e7i deval\u00fcasyondan ka\u00e7\u0131nmaya dair verilen s\u00f6zler, \u201cTek Ku\u015fak Tek Yol\u201d (OBOR) projesi, \u00c7in Afrika \u0130\u015fbirli\u011fi Forumu (FOCAC), D\u00fcnya Bankas\u0131 ve IMF\u2019ye rakip bir rol oynamas\u0131 beklenen Asya Altyap\u0131 Yat\u0131r\u0131m Bankas\u0131 (AIIB), serbest ticaret anla\u015fmalar\u0131n\u0131n (FTA) g\u00fcncel durumlar\u0131, Ufuk2020 projesi, \u00c7in\u2019e serbest pazar stat\u00fcs\u00fc tan\u0131nmas\u0131, Siberyuzayda Uluslararas\u0131 \u0130\u015fbirli\u011fi Stratejisi de\u011finilen konular aras\u0131nda yer al\u0131yor.G\u00fcnde 1.5 milyar euroyu ge\u00e7en AB \u2013 \u00c7in mal ticaretinin i\u015faret etti\u011fi b\u00fcy\u00fck hacimdeki ekonomik ili\u015fkilerin detaylar\u0131na, Co\u011frafi \u0130\u015faretler (GI), dijital ekonomi, fikri m\u00fclkiyet haklar\u0131n\u0131n (IPR) ve ba\u011flant\u0131lar\u0131n\u0131n korunmas\u0131, \u00c7in\u2019deki insan haklar\u0131 sorunlar\u0131 gibi di\u011fer ba\u015fl\u0131klar da e\u015flik ediyor.<\/p>\n","protected":false},"excerpt":{"rendered":"<p>Avrupa Parlamentosu D\u0131\u015f Politika Direkt\u00f6rl\u00fc\u011f\u00fc taraf\u0131ndan yay\u0131nlanan bu rapor, \u00c7in\u2019in, k\u00fcresel ekonomik ili\u015fkilerinin kapsaml\u0131 bir resmini ortaya koyarken AB ile olan ili\u015fkilerine daha detayl\u0131 bir bak\u0131\u015f<span class=\"excerpt-hellip\"> [\u2026]<\/span><\/p>\n","protected":false},"featured_media":0,"template":"","meta":{"_monsterinsights_skip_tracking":false,"_monsterinsights_sitenote_active":false,"_monsterinsights_sitenote_note":"","_monsterinsights_sitenote_category":0},"product_brand":[],"product_cat":[12338,12337],"product_tag":[],"class_list":{"0":"post-763486","1":"product","2":"type-product","3":"status-publish","5":"product_cat-dunya-siyaseti-ve-politikasi","6":"product_cat-politika-siyaset","7":"pa_cilt-ciltsiz","8":"pa_tur-kitap","9":"pa_yayinevi-iyidusun-yayinlari","10":"pa_yazar-kolektif","12":"first","13":"instock","14":"sale","15":"shipping-taxable","16":"purchasable","17":"product-type-simple"},"_links":{"self":[{"href":"https:\/\/roveyayinevi.com.tr\/index.php\/wp-json\/wp\/v2\/product\/763486","targetHints":{"allow":["GET"]}}],"collection":[{"href":"https:\/\/roveyayinevi.com.tr\/index.php\/wp-json\/wp\/v2\/product"}],"about":[{"href":"https:\/\/roveyayinevi.com.tr\/index.php\/wp-json\/wp\/v2\/types\/product"}],"wp:attachment":[{"href":"https:\/\/roveyayinevi.com.tr\/index.php\/wp-json\/wp\/v2\/media?parent=763486"}],"wp:term":[{"taxonomy":"product_brand","embeddable":true,"href":"https:\/\/roveyayinevi.com.tr\/index.php\/wp-json\/wp\/v2\/product_brand?post=763486"},{"taxonomy":"product_cat","embeddable":true,"href":"https:\/\/roveyayinevi.com.tr\/index.php\/wp-json\/wp\/v2\/product_cat?post=763486"},{"taxonomy":"product_tag","embeddable":true,"href":"https:\/\/roveyayinevi.com.tr\/index.php\/wp-json\/wp\/v2\/product_tag?post=763486"}],"curies":[{"name":"wp","href":"https:\/\/api.w.org\/{rel}","templated":true}]}}