{"id":763484,"date":"2025-08-28T10:42:23","date_gmt":"2025-08-28T07:42:23","guid":{"rendered":"https:\/\/roveyayinevi.com.tr\/index.php\/urun\/cinin-kuresel-stratejisinde-ortadogu\/"},"modified":"2026-04-15T03:28:44","modified_gmt":"2026-04-15T00:28:44","slug":"cinin-kuresel-stratejisinde-ortadogu","status":"publish","type":"product","link":"https:\/\/roveyayinevi.com.tr\/index.php\/urun\/cinin-kuresel-stratejisinde-ortadogu\/","title":{"rendered":"\u00c7in\u2019in K\u00fcresel Stratejisinde Ortado\u011fu"},"content":{"rendered":"<p>Y\u00fckselen g\u00fc\u00e7 \u00c7in ve istikrars\u0131z Ortado\u011fu b\u00f6lgesi aras\u0131ndaki ili\u015fkileri \u201cKar\u015f\u0131l\u0131kl\u0131 Ba\u011f\u0131ml\u0131l\u0131k\u201d ekseninde ele alan bu \u00e7al\u0131\u015fma, enerji, ticaret, siyasi krizler ve Tek Ku\u015fak Tek Yol projesi ba\u011flamlar\u0131nda yapt\u0131\u011f\u0131 analizlerle d\u00fcnyan\u0131n iki \u00f6zel b\u00f6lgesinin \u00f6zel ili\u015fkilerine \u0131\u015f\u0131k tutuyor.<\/p>\n","protected":false},"excerpt":{"rendered":"<p>Y\u00fckselen g\u00fc\u00e7 \u00c7in ve istikrars\u0131z Ortado\u011fu b\u00f6lgesi aras\u0131ndaki ili\u015fkileri \u201cKar\u015f\u0131l\u0131kl\u0131 Ba\u011f\u0131ml\u0131l\u0131k\u201d ekseninde ele alan bu \u00e7al\u0131\u015fma, enerji, ticaret, siyasi krizler ve Tek Ku\u015fak Tek Yol projesi<span class=\"excerpt-hellip\"> [\u2026]<\/span><\/p>\n","protected":false},"featured_media":0,"template":"","meta":{"_monsterinsights_skip_tracking":false,"_monsterinsights_sitenote_active":false,"_monsterinsights_sitenote_note":"","_monsterinsights_sitenote_category":0},"product_brand":[],"product_cat":[12338,12337],"product_tag":[],"class_list":{"0":"post-763484","1":"product","2":"type-product","3":"status-publish","5":"product_cat-dunya-siyaseti-ve-politikasi","6":"product_cat-politika-siyaset","7":"pa_cilt-ciltsiz","8":"pa_tur-kitap","9":"pa_yayinevi-iyidusun-yayinlari","10":"pa_yazar-zeynep-caliskan","12":"first","13":"instock","14":"sale","15":"shipping-taxable","16":"purchasable","17":"product-type-simple"},"_links":{"self":[{"href":"https:\/\/roveyayinevi.com.tr\/index.php\/wp-json\/wp\/v2\/product\/763484","targetHints":{"allow":["GET"]}}],"collection":[{"href":"https:\/\/roveyayinevi.com.tr\/index.php\/wp-json\/wp\/v2\/product"}],"about":[{"href":"https:\/\/roveyayinevi.com.tr\/index.php\/wp-json\/wp\/v2\/types\/product"}],"wp:attachment":[{"href":"https:\/\/roveyayinevi.com.tr\/index.php\/wp-json\/wp\/v2\/media?parent=763484"}],"wp:term":[{"taxonomy":"product_brand","embeddable":true,"href":"https:\/\/roveyayinevi.com.tr\/index.php\/wp-json\/wp\/v2\/product_brand?post=763484"},{"taxonomy":"product_cat","embeddable":true,"href":"https:\/\/roveyayinevi.com.tr\/index.php\/wp-json\/wp\/v2\/product_cat?post=763484"},{"taxonomy":"product_tag","embeddable":true,"href":"https:\/\/roveyayinevi.com.tr\/index.php\/wp-json\/wp\/v2\/product_tag?post=763484"}],"curies":[{"name":"wp","href":"https:\/\/api.w.org\/{rel}","templated":true}]}}