{"id":763482,"date":"2025-08-28T10:42:20","date_gmt":"2025-08-28T07:42:20","guid":{"rendered":"https:\/\/roveyayinevi.com.tr\/index.php\/urun\/cin-dis-politikasi\/"},"modified":"2026-04-15T03:28:44","modified_gmt":"2026-04-15T00:28:44","slug":"cin-dis-politikasi","status":"publish","type":"product","link":"https:\/\/roveyayinevi.com.tr\/index.php\/urun\/cin-dis-politikasi\/","title":{"rendered":"\u00c7in D\u0131\u015f Politikas\u0131"},"content":{"rendered":"<p>Stuart Harris&#8217;in \u00c7in d\u0131\u015f politikas\u0131n\u0131 inceleyen bu kitab\u0131, T\u00fcrk\u00e7e&#8217;de \u00f6nemli bir bo\u015flu\u011fu doldurmaya aday.&#8221;Bu dengeli ve mant\u0131kl\u0131 analizde, Stuart Harris \u00c7in d\u0131\u015f politikas\u0131n\u0131n ve liderlerinin kar\u015f\u0131 kar\u015f\u0131ya oldu\u011fu i\u00e7 ve d\u0131\u015f bask\u0131lar\u0131n a\u00e7\u0131k ve ku\u015fat\u0131c\u0131 bir a\u00e7\u0131klamas\u0131n\u0131 sunuyor. S\u00f6zde \u00c7in tehdidi kar\u015f\u0131s\u0131nda tarafs\u0131z ve so\u011fukkanl\u0131 tart\u0131\u015fmalar\u0131yla bu kitap akademisyen ve \u00f6\u011frenciler i\u00e7in takdire \u015fayan bir hizmet sunuyor.&#8221;-Andrew J. Nathan, Columbia University-&#8220;\u00c7in D\u0131\u015f Politikas\u0131 kitab\u0131, \u00c7in d\u0131\u015f politikas\u0131n\u0131n ve \u00c7in&#8217;in ABD&#8217;ye, asyadaki kom\u015fular\u0131na, uluslararas\u0131 kurumlara ve normlara y\u00f6nelik politikalar\u0131n\u0131n yerel ve uluslararas\u0131 kaynaklara dayal\u0131 olarak yaz\u0131lm\u0131\u015f \u00f6zenli, kapsaml\u0131 ve iyi kaleme al\u0131nm\u0131\u015f bir analizini sunuyor. \u00c7in politikas\u0131n\u0131; \u00c7in k\u00fclt\u00fcr\u00fc, tarihi, ulusal \u00e7\u0131karlar\u0131 ve ekonomik ve askeri kapasitesinin geli\u015ftirilmesi ve di\u011fer \u00fclkelerin davran\u0131\u015f kal\u0131plar\u0131 ba\u011flam\u0131nda dengeli bi\u00e7imde ele alan \u00f6v\u00fclmeye de\u011fer bir eser.&#8221;-Robert Ross, Boston College-<\/p>\n","protected":false},"excerpt":{"rendered":"<p>Stuart Harris&#8217;in \u00c7in d\u0131\u015f politikas\u0131n\u0131 inceleyen bu kitab\u0131, T\u00fcrk\u00e7e&#8217;de \u00f6nemli bir bo\u015flu\u011fu doldurmaya aday.&#8221;Bu dengeli ve mant\u0131kl\u0131 analizde, Stuart Harris \u00c7in d\u0131\u015f politikas\u0131n\u0131n ve liderlerinin kar\u015f\u0131<span class=\"excerpt-hellip\"> [\u2026]<\/span><\/p>\n","protected":false},"featured_media":0,"template":"","meta":{"_monsterinsights_skip_tracking":false,"_monsterinsights_sitenote_active":false,"_monsterinsights_sitenote_note":"","_monsterinsights_sitenote_category":0},"product_brand":[],"product_cat":[12337],"product_tag":[],"class_list":{"0":"post-763482","1":"product","2":"type-product","3":"status-publish","5":"product_cat-politika-siyaset","6":"pa_cilt-ciltsiz","7":"pa_tur-kitap","8":"pa_yayinevi-matbuat-yayinlari","9":"pa_yazar-stuart-harris","11":"first","12":"instock","13":"sale","14":"shipping-taxable","15":"purchasable","16":"product-type-simple"},"_links":{"self":[{"href":"https:\/\/roveyayinevi.com.tr\/index.php\/wp-json\/wp\/v2\/product\/763482","targetHints":{"allow":["GET"]}}],"collection":[{"href":"https:\/\/roveyayinevi.com.tr\/index.php\/wp-json\/wp\/v2\/product"}],"about":[{"href":"https:\/\/roveyayinevi.com.tr\/index.php\/wp-json\/wp\/v2\/types\/product"}],"wp:attachment":[{"href":"https:\/\/roveyayinevi.com.tr\/index.php\/wp-json\/wp\/v2\/media?parent=763482"}],"wp:term":[{"taxonomy":"product_brand","embeddable":true,"href":"https:\/\/roveyayinevi.com.tr\/index.php\/wp-json\/wp\/v2\/product_brand?post=763482"},{"taxonomy":"product_cat","embeddable":true,"href":"https:\/\/roveyayinevi.com.tr\/index.php\/wp-json\/wp\/v2\/product_cat?post=763482"},{"taxonomy":"product_tag","embeddable":true,"href":"https:\/\/roveyayinevi.com.tr\/index.php\/wp-json\/wp\/v2\/product_tag?post=763482"}],"curies":[{"name":"wp","href":"https:\/\/api.w.org\/{rel}","templated":true}]}}