{"id":763480,"date":"2025-08-28T10:42:18","date_gmt":"2025-08-28T07:42:18","guid":{"rendered":"https:\/\/roveyayinevi.com.tr\/index.php\/urun\/cin-israil-iliskileri\/"},"modified":"2026-04-15T03:28:44","modified_gmt":"2026-04-15T00:28:44","slug":"cin-israil-iliskileri","status":"publish","type":"product","link":"https:\/\/roveyayinevi.com.tr\/index.php\/urun\/cin-israil-iliskileri\/","title":{"rendered":"\u00c7in-\u0130srail \u0130li\u015fkileri"},"content":{"rendered":"<p>\u00c7in ve \u0130srail aras\u0131ndaki \u00f6zel, istisnai ve ilgin\u00e7 ili\u015fkilerin analizi\u2026Do\u011fu T\u00fcrkistanl\u0131 Alimcan Ablet, \u00e7o\u011funlukla \u00c7ince kaynaklara dayal\u0131 olarak haz\u0131rlad\u0131\u011f\u0131 ve A\u00dcSBF\u2019de sundu\u011fu bu tez \u00e7al\u0131\u015fmas\u0131nda, uluslararas\u0131 ili\u015fkiler sahnesinin en ilgin\u00e7 ili\u015fkilerinden birini, siyasi, ekonomik, k\u00fclt\u00fcrel ve askeri y\u00f6nleriyle masaya yat\u0131r\u0131yor ve adeta ili\u015fkilerin seyrini takip etmeyi m\u00fcmk\u00fcn k\u0131lan bir rehber ortaya koyuyor.Alimcan Ablet\u2019in bir Uygur T\u00fcrk\u00fc olarak \u00c7in\u2019de D\u0131\u015f Politika e\u011fitimi alm\u0131\u015f olmas\u0131, \u00e7al\u0131\u015fmay\u0131 bir\u00e7ok a\u00e7\u0131dan kayda de\u011fer k\u0131l\u0131yor: Birincil kaynaklardan \u00c7in\u2019in k\u00fcresel, b\u00f6lgesel ve se\u00e7ilmi\u015f olaylar baz\u0131nda d\u0131\u015f politika reaksiyonlar\u0131, \u0130srail ile ili\u015fkilerinin zemini, kurucu unsurlar\u0131 ve k\u0131s\u0131tlar\u0131, bu \u00e7al\u0131\u015fman\u0131n say\u0131s\u0131z anekdotla zenginle\u015ftirilmi\u015f ana hatlar\u0131n\u0131 olu\u015fturuyor.<\/p>\n","protected":false},"excerpt":{"rendered":"<p>\u00c7in ve \u0130srail aras\u0131ndaki \u00f6zel, istisnai ve ilgin\u00e7 ili\u015fkilerin analizi\u2026Do\u011fu T\u00fcrkistanl\u0131 Alimcan Ablet, \u00e7o\u011funlukla \u00c7ince kaynaklara dayal\u0131 olarak haz\u0131rlad\u0131\u011f\u0131 ve A\u00dcSBF\u2019de sundu\u011fu bu tez \u00e7al\u0131\u015fmas\u0131nda, uluslararas\u0131<span class=\"excerpt-hellip\"> [\u2026]<\/span><\/p>\n","protected":false},"featured_media":0,"template":"","meta":{"_monsterinsights_skip_tracking":false,"_monsterinsights_sitenote_active":false,"_monsterinsights_sitenote_note":"","_monsterinsights_sitenote_category":0},"product_brand":[],"product_cat":[12337],"product_tag":[],"class_list":{"0":"post-763480","1":"product","2":"type-product","3":"status-publish","5":"product_cat-politika-siyaset","6":"pa_cilt-ciltsiz","7":"pa_tur-kitap","8":"pa_yayinevi-iyidusun-yayinlari","9":"pa_yazar-alimcan-ablet","11":"first","12":"instock","13":"sale","14":"shipping-taxable","15":"purchasable","16":"product-type-simple"},"_links":{"self":[{"href":"https:\/\/roveyayinevi.com.tr\/index.php\/wp-json\/wp\/v2\/product\/763480","targetHints":{"allow":["GET"]}}],"collection":[{"href":"https:\/\/roveyayinevi.com.tr\/index.php\/wp-json\/wp\/v2\/product"}],"about":[{"href":"https:\/\/roveyayinevi.com.tr\/index.php\/wp-json\/wp\/v2\/types\/product"}],"wp:attachment":[{"href":"https:\/\/roveyayinevi.com.tr\/index.php\/wp-json\/wp\/v2\/media?parent=763480"}],"wp:term":[{"taxonomy":"product_brand","embeddable":true,"href":"https:\/\/roveyayinevi.com.tr\/index.php\/wp-json\/wp\/v2\/product_brand?post=763480"},{"taxonomy":"product_cat","embeddable":true,"href":"https:\/\/roveyayinevi.com.tr\/index.php\/wp-json\/wp\/v2\/product_cat?post=763480"},{"taxonomy":"product_tag","embeddable":true,"href":"https:\/\/roveyayinevi.com.tr\/index.php\/wp-json\/wp\/v2\/product_tag?post=763480"}],"curies":[{"name":"wp","href":"https:\/\/api.w.org\/{rel}","templated":true}]}}