{"id":763479,"date":"2025-08-28T10:42:17","date_gmt":"2025-08-28T07:42:17","guid":{"rendered":"https:\/\/roveyayinevi.com.tr\/index.php\/urun\/cia-ve-hollywood-teskilat-sinema-ve-televizyonu-nasil-bicimlendiriyor\/"},"modified":"2026-04-15T03:28:44","modified_gmt":"2026-04-15T00:28:44","slug":"cia-ve-hollywood-teskilat-sinema-ve-televizyonu-nasil-bicimlendiriyor","status":"publish","type":"product","link":"https:\/\/roveyayinevi.com.tr\/index.php\/urun\/cia-ve-hollywood-teskilat-sinema-ve-televizyonu-nasil-bicimlendiriyor\/","title":{"rendered":"CIA ve Hollywood: Te\u015fkilat Sinema ve Televizyonu Nas\u0131l Bi\u00e7imlendiriyor?"},"content":{"rendered":"<p>Te\u015fkilat\u0131n Hollywood end\u00fcstrisi ile olan ili\u015fkilerinin enine boyuna incelendi\u011fi bu kitap, Amerika&#8217;da ikinci bask\u0131y\u0131 yaparken, \u00c7ince ve Fars\u00e7a&#8217;ya da \u00e7evrildi.Kitap CIA&#8217;in Hollywood&#8217;la olan ili\u015fkisine dair bir dizi \u00f6nemli soruya yan\u0131t vermeye \u00e7al\u0131\u015f\u0131yor. Bu sorulardan baz\u0131lar\u0131 \u015funlard\u0131r: CIA sinema end\u00fcstrisi i\u00e7erisinde ne t\u00fcr bir rol oynamaktad\u0131r? CIA hangi yap\u0131mlara ne ama\u00e7la etkide bulunmu\u015ftur? 1990&#8217;larda Langley&#8217;i Hollywood ile ilgili kapal\u0131-kap\u0131 politikas\u0131ndan vazge\u00e7mesi i\u00e7in hangi olaylar harekete ge\u00e7irmi\u015ftir? Emekli CIA ajanlar\u0131n\u0131n e\u011flence end\u00fcstrisi i\u00e7indeki rol\u00fcn\u00fcn Te\u015fkilat&#8217;\u0131n rol\u00fcnden fark\u0131 nedir ve emekli ajanlar neden yo\u011fun bir \u015fekilde h\u00fck\u00fcmetten sert ele\u015ftiriler alm\u0131\u015flard\u0131r? Sinema ve televizyon Te\u015fkilat&#8217;\u0131 geleneksel olarak nas\u0131l anlatm\u0131\u015ft\u0131r? CIA ile Hollywood aras\u0131ndaki ili\u015fkinin (\u00f6zellikle de bir demokraside) do\u011furdu\u011fu yasal ve etik meseleler nelerdir?Bu kitap projesi, CIA&#8217;in Hollywood&#8217;daki bug\u00fcne kadar b\u00fcy\u00fck \u00f6l\u00e7\u00fcde gizli kalm\u0131\u015f tarihini ortaya koyarak okurlar\u0131 g\u00fcncel medyay\u0131 daha ele\u015ftirel bir \u015fekilde t\u00fcketmeye te\u015fvik ediyor ve modern d\u00fcnyada h\u00fck\u00fcmet ile e\u011flence end\u00fcstrisi aras\u0131ndaki karma\u015f\u0131k ili\u015fkiler \u00fczerine y\u00fcr\u00fcyen akademik tart\u0131\u015fmalar\u0131 ilerletmeyi ama\u00e7l\u0131yor.<\/p>\n","protected":false},"excerpt":{"rendered":"<p>Te\u015fkilat\u0131n Hollywood end\u00fcstrisi ile olan ili\u015fkilerinin enine boyuna incelendi\u011fi bu kitap, Amerika&#8217;da ikinci bask\u0131y\u0131 yaparken, \u00c7ince ve Fars\u00e7a&#8217;ya da \u00e7evrildi.Kitap CIA&#8217;in Hollywood&#8217;la olan ili\u015fkisine dair bir<span class=\"excerpt-hellip\"> [\u2026]<\/span><\/p>\n","protected":false},"featured_media":0,"template":"","meta":{"_monsterinsights_skip_tracking":false,"_monsterinsights_sitenote_active":false,"_monsterinsights_sitenote_note":"","_monsterinsights_sitenote_category":0},"product_brand":[],"product_cat":[12337],"product_tag":[],"class_list":{"0":"post-763479","1":"product","2":"type-product","3":"status-publish","5":"product_cat-politika-siyaset","6":"pa_cilt-ciltsiz","7":"pa_tur-kitap","8":"pa_yayinevi-matbuat-yayinlari","9":"pa_yazar-tricia-jenkins","11":"first","12":"instock","13":"sale","14":"shipping-taxable","15":"purchasable","16":"product-type-simple"},"_links":{"self":[{"href":"https:\/\/roveyayinevi.com.tr\/index.php\/wp-json\/wp\/v2\/product\/763479","targetHints":{"allow":["GET"]}}],"collection":[{"href":"https:\/\/roveyayinevi.com.tr\/index.php\/wp-json\/wp\/v2\/product"}],"about":[{"href":"https:\/\/roveyayinevi.com.tr\/index.php\/wp-json\/wp\/v2\/types\/product"}],"wp:attachment":[{"href":"https:\/\/roveyayinevi.com.tr\/index.php\/wp-json\/wp\/v2\/media?parent=763479"}],"wp:term":[{"taxonomy":"product_brand","embeddable":true,"href":"https:\/\/roveyayinevi.com.tr\/index.php\/wp-json\/wp\/v2\/product_brand?post=763479"},{"taxonomy":"product_cat","embeddable":true,"href":"https:\/\/roveyayinevi.com.tr\/index.php\/wp-json\/wp\/v2\/product_cat?post=763479"},{"taxonomy":"product_tag","embeddable":true,"href":"https:\/\/roveyayinevi.com.tr\/index.php\/wp-json\/wp\/v2\/product_tag?post=763479"}],"curies":[{"name":"wp","href":"https:\/\/api.w.org\/{rel}","templated":true}]}}