{"id":763478,"date":"2025-08-28T10:42:15","date_gmt":"2025-08-28T07:42:15","guid":{"rendered":"https:\/\/roveyayinevi.com.tr\/index.php\/urun\/vatra-zamanin-kaldirma-kuvveti\/"},"modified":"2026-04-15T03:28:44","modified_gmt":"2026-04-15T00:28:44","slug":"vatra-zamanin-kaldirma-kuvveti","status":"publish","type":"product","link":"https:\/\/roveyayinevi.com.tr\/index.php\/urun\/vatra-zamanin-kaldirma-kuvveti\/","title":{"rendered":"Vatra: Zaman\u0131n Kald\u0131rma Kuvveti"},"content":{"rendered":"<p>A\u015fka gelip t\u00fcm varl\u0131\u011f\u0131n\u0131 b\u0131rakarak sevdi\u011fi kad\u0131n\u0131n pe\u015fi s\u0131ra Vatra&#8217;ya yerle\u015fen bir adam\u0131n terkedili\u015fi ile ba\u015flar bu kitap. Sonra \u015f\u00fcpheli bir yang\u0131nla devam eder. Yang\u0131n zaman\u0131n kald\u0131rma kuvvetinin ilk habercisidir asl\u0131nda. \u0130\u00e7i ac\u0131 ve vicdan azab\u0131 dolu bu adam, yang\u0131ndan ka\u00e7arken, Davud Ger\u00e7ek&#8217;e tutunur ya da tutulur. Esas hik\u00e2ye o anda ba\u015flar. Hayal ve ger\u00e7e\u011fin birbirine girdi\u011fi bir hayat\u0131n i\u00e7inde bulur kendini. Art\u0131k hi\u00e7bir \u015feyden emin olamaz: Sevdi\u011fi kad\u0131n kendini ger\u00e7ekten terk etmi\u015f midir? Onunla ger\u00e7ekten evlenmi\u015f midir? Zamanla, y\u00fczlerce y\u0131ll\u0131k bir \u00f6rg\u00fct\u00fcn kumpas\u0131n\u0131n i\u00e7inde oldu\u011funu fark eder. \u00c7ocuklu\u011fu bile \u00e7al\u0131nm\u0131\u015ft\u0131r kendisinden. Babas\u0131, sevdi\u011fi kad\u0131n, herkes ama herkes onu kand\u0131rm\u0131\u015ft\u0131r. Ne i\u00e7in? Zaman\u0131n kald\u0131rma kuvvetini hayata ge\u00e7irmesi i\u00e7in. A\u015fk ve zaman \u00fczerine kurgulanm\u0131\u015f tarihten beslenen yerli bir bilimkurgu.<\/p>\n","protected":false},"excerpt":{"rendered":"<p>A\u015fka gelip t\u00fcm varl\u0131\u011f\u0131n\u0131 b\u0131rakarak sevdi\u011fi kad\u0131n\u0131n pe\u015fi s\u0131ra Vatra&#8217;ya yerle\u015fen bir adam\u0131n terkedili\u015fi ile ba\u015flar bu kitap. Sonra \u015f\u00fcpheli bir yang\u0131nla devam eder. Yang\u0131n zaman\u0131n<span class=\"excerpt-hellip\"> [\u2026]<\/span><\/p>\n","protected":false},"featured_media":0,"template":"","meta":{"_monsterinsights_skip_tracking":false,"_monsterinsights_sitenote_active":false,"_monsterinsights_sitenote_note":"","_monsterinsights_sitenote_category":0},"product_brand":[],"product_cat":[12540,12291],"product_tag":[],"class_list":{"0":"post-763478","1":"product","2":"type-product","3":"status-publish","5":"product_cat-bilim-kurgu","6":"product_cat-edebiyat","7":"pa_cilt-ciltsiz","8":"pa_tur-kitap","9":"pa_yayinevi-matbuat-yayinlari","10":"pa_yazar-ali-guner-temelli","12":"first","13":"instock","14":"sale","15":"shipping-taxable","16":"purchasable","17":"product-type-simple"},"_links":{"self":[{"href":"https:\/\/roveyayinevi.com.tr\/index.php\/wp-json\/wp\/v2\/product\/763478","targetHints":{"allow":["GET"]}}],"collection":[{"href":"https:\/\/roveyayinevi.com.tr\/index.php\/wp-json\/wp\/v2\/product"}],"about":[{"href":"https:\/\/roveyayinevi.com.tr\/index.php\/wp-json\/wp\/v2\/types\/product"}],"wp:attachment":[{"href":"https:\/\/roveyayinevi.com.tr\/index.php\/wp-json\/wp\/v2\/media?parent=763478"}],"wp:term":[{"taxonomy":"product_brand","embeddable":true,"href":"https:\/\/roveyayinevi.com.tr\/index.php\/wp-json\/wp\/v2\/product_brand?post=763478"},{"taxonomy":"product_cat","embeddable":true,"href":"https:\/\/roveyayinevi.com.tr\/index.php\/wp-json\/wp\/v2\/product_cat?post=763478"},{"taxonomy":"product_tag","embeddable":true,"href":"https:\/\/roveyayinevi.com.tr\/index.php\/wp-json\/wp\/v2\/product_tag?post=763478"}],"curies":[{"name":"wp","href":"https:\/\/api.w.org\/{rel}","templated":true}]}}