{"id":763477,"date":"2025-08-28T10:42:13","date_gmt":"2025-08-28T07:42:13","guid":{"rendered":"https:\/\/roveyayinevi.com.tr\/index.php\/urun\/cezayir-yazilari-1992-2013\/"},"modified":"2026-04-15T03:28:44","modified_gmt":"2026-04-15T00:28:44","slug":"cezayir-yazilari-1992-2013","status":"publish","type":"product","link":"https:\/\/roveyayinevi.com.tr\/index.php\/urun\/cezayir-yazilari-1992-2013\/","title":{"rendered":"Cezayir Yaz\u0131lar\u0131 1992-2013"},"content":{"rendered":"<p>Bir halk\u0131n \u00e7ekti\u011fi ac\u0131lar nadiren bu denli g\u00f6z ard\u0131 edilmi\u015ftir. \u0130slamc\u0131 FIS (\u0130slami Selamet Cephesi) partisinin kazand\u0131\u011f\u0131 genel se\u00e7imin 1992 y\u0131l\u0131nda iptal edilmesinin ard\u0131ndan 150.000&#8217;in \u00fczerinde Cezayirli kendi yurtta\u015flar\u0131 taraf\u0131ndan \u00f6ld\u00fcr\u00fcld\u00fc ve \u00e7o\u011funlukla da korkun\u00e7 bir zul\u00fcm alt\u0131nda. 1999&#8217;daki genel af karar\u0131yla isyanc\u0131lar\u0131n \u00e7o\u011funun silah b\u0131rakmas\u0131n\u0131n ard\u0131ndan \u015fiddet olaylar\u0131 azald\u0131 ama hi\u00e7bir zaman son bulmad\u0131. Bu olaylar\u0131n toplumun ruhunda a\u00e7t\u0131\u011f\u0131 yaralar\u0131n iyile\u015fmesi uzun y\u0131llar alacak.Cezayir&#8217;deki trajedinin ne anlama geldi\u011fini ve ni\u00e7in \u00f6nemli oldu\u011funu anlamak isteyenler i\u00e7in bu kitap iyi bir ba\u015flang\u0131\u00e7 olacakt\u0131r. Bu kitap, sayg\u0131n Orta Do\u011fu muhabiri Robert Fisk&#8217;in t\u00fcm d\u00fcnyan\u0131n g\u00f6z ard\u0131 etti\u011fi Cezayir&#8217;de ya\u015fanan olaylara dikkat \u00e7ekmek amac\u0131yla kaleme ald\u0131\u011f\u0131 haber yaz\u0131lar\u0131ndan olu\u015fuyor.Bu kitapta derlenen d\u00fczeltilmi\u015f makaleler yirmi y\u0131ll\u0131k bir d\u00f6nemi kaps\u0131yor ve bir ulusun ideolojik farkl\u0131l\u0131klar\u0131 nedeniyle uzla\u015fma sa\u011flayamamas\u0131 y\u00fcz\u00fcnden kar\u015f\u0131t taraflar\u0131n nas\u0131l barbarl\u0131\u011fa s\u00fcr\u00fcklendi\u011fini birinci elden aktar\u0131yor. Makalelerin \u00e7o\u011fu y\u00fcrek par\u00e7alay\u0131c\u0131 nitelikte: Yazar, insan\u0131n insana yapt\u0131\u011f\u0131 zulm\u00fc aktar\u0131rken araya cesaret, iyilik ve mizah \u00f6\u011feleri eklemi\u015f olsa da bu, trajedinin boyutunu azaltm\u0131yor.Ama ger\u00e7ek bu. Ve bug\u00fcn kar\u015f\u0131 kar\u015f\u0131ya oldu\u011fumuz sorunlar\u0131 anlamak isteyenler i\u00e7in mutlaka okunmas\u0131 gereken bir kitap.<\/p>\n","protected":false},"excerpt":{"rendered":"<p>Bir halk\u0131n \u00e7ekti\u011fi ac\u0131lar nadiren bu denli g\u00f6z ard\u0131 edilmi\u015ftir. \u0130slamc\u0131 FIS (\u0130slami Selamet Cephesi) partisinin kazand\u0131\u011f\u0131 genel se\u00e7imin 1992 y\u0131l\u0131nda iptal edilmesinin ard\u0131ndan 150.000&#8217;in \u00fczerinde<span class=\"excerpt-hellip\"> [\u2026]<\/span><\/p>\n","protected":false},"featured_media":0,"template":"","meta":{"_monsterinsights_skip_tracking":false,"_monsterinsights_sitenote_active":false,"_monsterinsights_sitenote_note":"","_monsterinsights_sitenote_category":0},"product_brand":[],"product_cat":[12370,12304],"product_tag":[],"class_list":{"0":"post-763477","1":"product","2":"type-product","3":"status-publish","5":"product_cat-arastirma-inceleme","6":"product_cat-tarih","7":"pa_cilt-ciltsiz","8":"pa_tur-kitap","9":"pa_yayinevi-iyidusun-yayinlari","10":"pa_yazar-robert-fisk","12":"first","13":"instock","14":"sale","15":"shipping-taxable","16":"purchasable","17":"product-type-simple"},"_links":{"self":[{"href":"https:\/\/roveyayinevi.com.tr\/index.php\/wp-json\/wp\/v2\/product\/763477","targetHints":{"allow":["GET"]}}],"collection":[{"href":"https:\/\/roveyayinevi.com.tr\/index.php\/wp-json\/wp\/v2\/product"}],"about":[{"href":"https:\/\/roveyayinevi.com.tr\/index.php\/wp-json\/wp\/v2\/types\/product"}],"wp:attachment":[{"href":"https:\/\/roveyayinevi.com.tr\/index.php\/wp-json\/wp\/v2\/media?parent=763477"}],"wp:term":[{"taxonomy":"product_brand","embeddable":true,"href":"https:\/\/roveyayinevi.com.tr\/index.php\/wp-json\/wp\/v2\/product_brand?post=763477"},{"taxonomy":"product_cat","embeddable":true,"href":"https:\/\/roveyayinevi.com.tr\/index.php\/wp-json\/wp\/v2\/product_cat?post=763477"},{"taxonomy":"product_tag","embeddable":true,"href":"https:\/\/roveyayinevi.com.tr\/index.php\/wp-json\/wp\/v2\/product_tag?post=763477"}],"curies":[{"name":"wp","href":"https:\/\/api.w.org\/{rel}","templated":true}]}}