{"id":763476,"date":"2025-08-28T10:42:11","date_gmt":"2025-08-28T07:42:11","guid":{"rendered":"https:\/\/roveyayinevi.com.tr\/index.php\/urun\/wikileaks-davasi-amerika-chelsea-manninge-karsi\/"},"modified":"2026-04-15T03:28:44","modified_gmt":"2026-04-15T00:28:44","slug":"wikileaks-davasi-amerika-chelsea-manninge-karsi","status":"publish","type":"product","link":"https:\/\/roveyayinevi.com.tr\/index.php\/urun\/wikileaks-davasi-amerika-chelsea-manninge-karsi\/","title":{"rendered":"Wikileaks Davas\u0131: Amerika Chelsea Manning\u2019e Kar\u015f\u0131"},"content":{"rendered":"<p>Ressam ve aktivist Clark Stoeckley, mahkeme salonunda yapt\u0131\u011f\u0131 \u00e7izimlerle, Er Chelsea (eski Bradley) Manning&#8217;in askeri mahkeme duru\u015fmalar\u0131n\u0131n s\u0131rad\u0131\u015f\u0131 hikayesini bu kitap ile kay\u0131t alt\u0131na al\u0131yor. Irak ve Afganistan sava\u015flar\u0131 ile ilgili kay\u0131tlar\u0131n yan\u0131 s\u0131ra &#8220;Tali Cinayet&#8221; videosu gibi utan\u00e7 verici dosyalar\u0131n da Wikileaks&#8217;e aktar\u0131lmas\u0131 su\u00e7undan 35 y\u0131la mahk\u00fbm olan Manning, \u015fu anda askeri cezaevinde bulunuyor.Bu kitapta Stoeckley&#8217;in mahkeme esnas\u0131nda yapt\u0131\u011f\u0131 \u00e7izimler ile \u00e7ok b\u00fcy\u00fck bir k\u0131sm\u0131 stenograf \u00fccret \u00f6demelerini c\u00f6mert\u00e7e yapan Bas\u0131n \u00d6zg\u00fcrl\u00fc\u011f\u00fc Kurulu\u015fu taraf\u0131ndan temin edilen de\u015fifre metinlerinden \u00f6zenle se\u00e7ilmi\u015f duru\u015fma notlar\u0131 birle\u015ftirilerek, Amerikan tarihinin en \u00f6nemli ve gizli kalm\u0131\u015f mahkemelerinden birine ilgi \u00e7ekici bir a\u00e7\u0131dan bak\u0131l\u0131yor (devletin de\u015fifre metinleri gizli tutuluyor).Manning i\u00e7in yap\u0131lan su\u00e7lamalar ve savunman\u0131n arg\u00fcmanlar\u0131 \u00e7er\u00e7evesinde devletin gizli bilgelerini if\u015fa etmenin nas\u0131l bir hukuk m\u00fccadelesine konu oldu\u011fu bu kitapta izlenebiliyor. Manning&#8217;in kendi a\u011fz\u0131ndan Wikileaks&#8217;e belge aktarmas\u0131n\u0131n \u00f6zg\u00fcn hik\u00e2yesi de. Julian Assange&#8217;\u0131n \u00f6ns\u00f6z\u00fc ile.<\/p>\n","protected":false},"excerpt":{"rendered":"<p>Ressam ve aktivist Clark Stoeckley, mahkeme salonunda yapt\u0131\u011f\u0131 \u00e7izimlerle, Er Chelsea (eski Bradley) Manning&#8217;in askeri mahkeme duru\u015fmalar\u0131n\u0131n s\u0131rad\u0131\u015f\u0131 hikayesini bu kitap ile kay\u0131t alt\u0131na al\u0131yor. Irak<span class=\"excerpt-hellip\"> [\u2026]<\/span><\/p>\n","protected":false},"featured_media":0,"template":"","meta":{"_monsterinsights_skip_tracking":false,"_monsterinsights_sitenote_active":false,"_monsterinsights_sitenote_note":"","_monsterinsights_sitenote_category":0},"product_brand":[],"product_cat":[14009,12291],"product_tag":[],"class_list":{"0":"post-763476","1":"product","2":"type-product","3":"status-publish","5":"product_cat-biyografi-otobiyografi-edebiyat","6":"product_cat-edebiyat","7":"pa_cilt-ciltsiz","8":"pa_tur-kitap","9":"pa_yayinevi-matbuat-yayinlari","10":"pa_yazar-clark-stoeckley","12":"first","13":"instock","14":"sale","15":"shipping-taxable","16":"purchasable","17":"product-type-simple"},"_links":{"self":[{"href":"https:\/\/roveyayinevi.com.tr\/index.php\/wp-json\/wp\/v2\/product\/763476","targetHints":{"allow":["GET"]}}],"collection":[{"href":"https:\/\/roveyayinevi.com.tr\/index.php\/wp-json\/wp\/v2\/product"}],"about":[{"href":"https:\/\/roveyayinevi.com.tr\/index.php\/wp-json\/wp\/v2\/types\/product"}],"wp:attachment":[{"href":"https:\/\/roveyayinevi.com.tr\/index.php\/wp-json\/wp\/v2\/media?parent=763476"}],"wp:term":[{"taxonomy":"product_brand","embeddable":true,"href":"https:\/\/roveyayinevi.com.tr\/index.php\/wp-json\/wp\/v2\/product_brand?post=763476"},{"taxonomy":"product_cat","embeddable":true,"href":"https:\/\/roveyayinevi.com.tr\/index.php\/wp-json\/wp\/v2\/product_cat?post=763476"},{"taxonomy":"product_tag","embeddable":true,"href":"https:\/\/roveyayinevi.com.tr\/index.php\/wp-json\/wp\/v2\/product_tag?post=763476"}],"curies":[{"name":"wp","href":"https:\/\/api.w.org\/{rel}","templated":true}]}}