{"id":763474,"date":"2025-08-28T10:42:08","date_gmt":"2025-08-28T07:42:08","guid":{"rendered":"https:\/\/roveyayinevi.com.tr\/index.php\/urun\/yol-gol-ve-gezi-yazilari\/"},"modified":"2026-04-15T03:28:44","modified_gmt":"2026-04-15T00:28:44","slug":"yol-gol-ve-gezi-yazilari","status":"publish","type":"product","link":"https:\/\/roveyayinevi.com.tr\/index.php\/urun\/yol-gol-ve-gezi-yazilari\/","title":{"rendered":"Yol G\u00f6l ve Gezi Yaz\u0131lar\u0131"},"content":{"rendered":"<p>Servet Somuncuo\u011flu&#8217;nun yaz\u0131 kaleme almak i\u00e7in \u00e7ok uzun saatler masa ba\u015f\u0131nda harcad\u0131\u011f\u0131 mesaisinin d\u0131\u015f\u0131nda kalan zamanlar\u0131n\u0131 seyahat ederek ge\u00e7irdi\u011fini s\u00f6ylemek abart\u0131l\u0131 olmayacakt\u0131r. \u00d6mr\u00fcn\u00fc yollarda ge\u00e7iren bu seyyah\u0131n gezilerindeki eksenler \u00e7ok katmanl\u0131d\u0131r. Don Kazaklar\u0131 eserinden de hat\u0131rlanaca\u011f\u0131 g\u00f6l tutkusu ve g\u00f6l insanlar\u0131 ana temalardan biridir. Endemik \u00e7i\u00e7ekler, t\u0131pk\u0131 do\u011fada yay\u0131ld\u0131klar\u0131 gibi olanca g\u00fczelli\u011fiyle Servet Somuncuo\u011flu&#8217;nun eserlerinde kendilerini sergilemekte ve onun co\u011frafyas\u0131yla birlikte ke\u015ffedilmeyi beklemektedir. Anadolu d\u0131\u015f\u0131ndaki gezi notlar\u0131 bu eserle ayn\u0131 anda yay\u0131nlanan di\u011fer \u00fc\u00e7 eserinden biri olan Seyahatname: Kaya Resimleri Gezi Notlar\u0131 eserinde topland\u0131. G\u00fcnl\u00fck ya\u015fam\u0131n derinlerindeki felsefeyi ke\u015ffetme i\u015ftah ve zevkinin sa\u011flad\u0131\u011f\u0131 motivasyonla ald\u0131\u011f\u0131 notlar\u0131n ve mesleki ara\u015ft\u0131rma notlar\u0131n\u0131n bir araya getirilmesiyle olu\u015fturulan bu Anadolu se\u00e7kisi ise onu daha yak\u0131ndan tan\u0131mak isteyenlere oldu\u011fu kadar, miras\u0131n\u0131 ya\u015fatmak isteyenlere de \u0131\u015f\u0131k tutacakt\u0131r.<\/p>\n","protected":false},"excerpt":{"rendered":"<p>Servet Somuncuo\u011flu&#8217;nun yaz\u0131 kaleme almak i\u00e7in \u00e7ok uzun saatler masa ba\u015f\u0131nda harcad\u0131\u011f\u0131 mesaisinin d\u0131\u015f\u0131nda kalan zamanlar\u0131n\u0131 seyahat ederek ge\u00e7irdi\u011fini s\u00f6ylemek abart\u0131l\u0131 olmayacakt\u0131r. \u00d6mr\u00fcn\u00fc yollarda ge\u00e7iren bu<span class=\"excerpt-hellip\"> [\u2026]<\/span><\/p>\n","protected":false},"featured_media":0,"template":"","meta":{"_monsterinsights_skip_tracking":false,"_monsterinsights_sitenote_active":false,"_monsterinsights_sitenote_note":"","_monsterinsights_sitenote_category":0},"product_brand":[],"product_cat":[13054],"product_tag":[],"class_list":{"0":"post-763474","1":"product","2":"type-product","3":"status-publish","5":"product_cat-gezi-ve-rehber-kitaplari","6":"pa_cilt-ciltsiz","7":"pa_tur-kitap","8":"pa_yayinevi-matbuat-yayinlari","9":"pa_yazar-servet-somuncuoglu","11":"first","12":"instock","13":"sale","14":"shipping-taxable","15":"purchasable","16":"product-type-simple"},"_links":{"self":[{"href":"https:\/\/roveyayinevi.com.tr\/index.php\/wp-json\/wp\/v2\/product\/763474","targetHints":{"allow":["GET"]}}],"collection":[{"href":"https:\/\/roveyayinevi.com.tr\/index.php\/wp-json\/wp\/v2\/product"}],"about":[{"href":"https:\/\/roveyayinevi.com.tr\/index.php\/wp-json\/wp\/v2\/types\/product"}],"wp:attachment":[{"href":"https:\/\/roveyayinevi.com.tr\/index.php\/wp-json\/wp\/v2\/media?parent=763474"}],"wp:term":[{"taxonomy":"product_brand","embeddable":true,"href":"https:\/\/roveyayinevi.com.tr\/index.php\/wp-json\/wp\/v2\/product_brand?post=763474"},{"taxonomy":"product_cat","embeddable":true,"href":"https:\/\/roveyayinevi.com.tr\/index.php\/wp-json\/wp\/v2\/product_cat?post=763474"},{"taxonomy":"product_tag","embeddable":true,"href":"https:\/\/roveyayinevi.com.tr\/index.php\/wp-json\/wp\/v2\/product_tag?post=763474"}],"curies":[{"name":"wp","href":"https:\/\/api.w.org\/{rel}","templated":true}]}}