{"id":763470,"date":"2025-08-28T10:41:59","date_gmt":"2025-08-28T07:41:59","guid":{"rendered":"https:\/\/roveyayinevi.com.tr\/index.php\/urun\/sen-bana-yasaksin-ben-sana-yasak\/"},"modified":"2026-04-15T03:28:43","modified_gmt":"2026-04-15T00:28:43","slug":"sen-bana-yasaksin-ben-sana-yasak","status":"publish","type":"product","link":"https:\/\/roveyayinevi.com.tr\/index.php\/urun\/sen-bana-yasaksin-ben-sana-yasak\/","title":{"rendered":"Sen Bana Yasaks\u0131n Ben Sana Yasak"},"content":{"rendered":"<p>Al\u0131n yaz\u0131s\u0131yla bar\u0131\u015fmad\u0131m hi\u00e7, Onun mezar\u0131n\u0131 derin kazacam. Nasiptir, k\u0131smettir yar\u0131\u015fmad\u0131m hi\u00e7, Kendi hik\u00e2yemi, kendim yazacam.   Hayat bar\u0131\u015fmad\u0131 zaten benimle Bozup d\u00fczenimi, y\u0131kt\u0131m elimle Ma\u011frur y\u00fcre\u011fimle \u00f6z kalemimle, Kendi hik\u00e2yemi kendim yazacam.   H\u00fck\u00fcm \u015faka\u011f\u0131ndan vurulacakt\u0131r, Benim o d\u00fczenim kurulacakt\u0131r, Teke tek kalemler k\u0131r\u0131lacakt\u0131r, Kendi hikayemi kendim yazacam.<\/p>\n","protected":false},"excerpt":{"rendered":"<p>Al\u0131n yaz\u0131s\u0131yla bar\u0131\u015fmad\u0131m hi\u00e7, Onun mezar\u0131n\u0131 derin kazacam. Nasiptir, k\u0131smettir yar\u0131\u015fmad\u0131m hi\u00e7, Kendi hik\u00e2yemi, kendim yazacam. Hayat bar\u0131\u015fmad\u0131 zaten benimle Bozup d\u00fczenimi, y\u0131kt\u0131m elimle Ma\u011frur y\u00fcre\u011fimle<span class=\"excerpt-hellip\"> [\u2026]<\/span><\/p>\n","protected":false},"featured_media":0,"template":"","meta":{"_monsterinsights_skip_tracking":false,"_monsterinsights_sitenote_active":false,"_monsterinsights_sitenote_note":"","_monsterinsights_sitenote_category":0},"product_brand":[],"product_cat":[12291,12509],"product_tag":[],"class_list":{"0":"post-763470","1":"product","2":"type-product","3":"status-publish","5":"product_cat-edebiyat","6":"product_cat-siir","7":"pa_cilt-ciltsiz","8":"pa_tur-kitap","9":"pa_yayinevi-luna-yayinlari","10":"pa_yazar-ibrahim-selim","12":"first","13":"instock","14":"sale","15":"shipping-taxable","16":"purchasable","17":"product-type-simple"},"_links":{"self":[{"href":"https:\/\/roveyayinevi.com.tr\/index.php\/wp-json\/wp\/v2\/product\/763470","targetHints":{"allow":["GET"]}}],"collection":[{"href":"https:\/\/roveyayinevi.com.tr\/index.php\/wp-json\/wp\/v2\/product"}],"about":[{"href":"https:\/\/roveyayinevi.com.tr\/index.php\/wp-json\/wp\/v2\/types\/product"}],"wp:attachment":[{"href":"https:\/\/roveyayinevi.com.tr\/index.php\/wp-json\/wp\/v2\/media?parent=763470"}],"wp:term":[{"taxonomy":"product_brand","embeddable":true,"href":"https:\/\/roveyayinevi.com.tr\/index.php\/wp-json\/wp\/v2\/product_brand?post=763470"},{"taxonomy":"product_cat","embeddable":true,"href":"https:\/\/roveyayinevi.com.tr\/index.php\/wp-json\/wp\/v2\/product_cat?post=763470"},{"taxonomy":"product_tag","embeddable":true,"href":"https:\/\/roveyayinevi.com.tr\/index.php\/wp-json\/wp\/v2\/product_tag?post=763470"}],"curies":[{"name":"wp","href":"https:\/\/api.w.org\/{rel}","templated":true}]}}