{"id":763466,"date":"2025-08-28T10:41:51","date_gmt":"2025-08-28T07:41:51","guid":{"rendered":"https:\/\/roveyayinevi.com.tr\/index.php\/urun\/benim-sevgili-6-silahsorlerim\/"},"modified":"2026-04-15T03:28:43","modified_gmt":"2026-04-15T00:28:43","slug":"benim-sevgili-6-silahsorlerim","status":"publish","type":"product","link":"https:\/\/roveyayinevi.com.tr\/index.php\/urun\/benim-sevgili-6-silahsorlerim\/","title":{"rendered":"Benim Sevgili \u20186 Silah\u015f\u00f6rler\u2019im"},"content":{"rendered":"<p>Sinema d\u00fcnyas\u0131na a\u00e7\u0131l\u0131m getiren \u00fcnl\u00fc 6 y\u00f6netmen ve filmleri&#8230; 1970 y\u0131l\u0131nda Y\u0131lmaz G\u00fcney\u2019in Umut filmiyle ba\u015flad\u0131\u011f\u0131m T\u00fcrk sinemas\u0131 yaz\u0131lar\u0131m\u0131 o g\u00fcnden beri tam bir adanm\u0131\u015fl\u0131kla s\u00fcrd\u00fcrd\u00fcm. \u00d6zellikle 90\u2019larda gelen yeni bir ku\u015fak ise beni sanki b\u00fcy\u00fcledi. \u00dcst \u00fcste gelen be\u015f erkek, bir kad\u0131n&#8230; Film yapma ser\u00fcveni s\u0131ras\u0131na g\u00f6re Reha Erdem, Nuri Bilge Ceylan, Ye\u015fim Ustao\u011flu, Zeki Demirkubuz, Dervi\u015f Zaim ve Semih Kaplano\u011flu. Hemen hepsi \u00e7abalar\u0131n\u0131 g\u00fcn\u00fcm\u00fcze dek s\u00fcrd\u00fcrd\u00fcler. \u015eimdi onlar\u0131 topluca yeniden an\u0131yorum. Benim Sevgili 6 Silah\u015f\u00f6rlerim nitelemesiyle&#8230; Ve sadece ele\u015ftirilerimi de\u011fil, filmlerinin a\u00e7t\u0131\u011f\u0131 her t\u00fcrl\u00fc tart\u0131\u015fmay\u0131 da anarak&#8230; Araya bir uluslararas\u0131 \u0130ngilizce yaz\u0131 bile girmi\u015f&#8230; Umar\u0131m silah\u015f\u00f6rlerim bu yolda devam ederler. AT\u0130LL\u00c2 DORSAY<\/p>\n","protected":false},"excerpt":{"rendered":"<p>Sinema d\u00fcnyas\u0131na a\u00e7\u0131l\u0131m getiren \u00fcnl\u00fc 6 y\u00f6netmen ve filmleri&#8230; 1970 y\u0131l\u0131nda Y\u0131lmaz G\u00fcney\u2019in Umut filmiyle ba\u015flad\u0131\u011f\u0131m T\u00fcrk sinemas\u0131 yaz\u0131lar\u0131m\u0131 o g\u00fcnden beri tam bir adanm\u0131\u015fl\u0131kla s\u00fcrd\u00fcrd\u00fcm.<span class=\"excerpt-hellip\"> [\u2026]<\/span><\/p>\n","protected":false},"featured_media":0,"template":"","meta":{"_monsterinsights_skip_tracking":false,"_monsterinsights_sitenote_active":false,"_monsterinsights_sitenote_note":"","_monsterinsights_sitenote_category":0},"product_brand":[],"product_cat":[12409,12408],"product_tag":[],"class_list":{"0":"post-763466","1":"product","2":"type-product","3":"status-publish","5":"product_cat-fotograf-sinema-tiyatro","6":"product_cat-sanat","7":"pa_cilt-ciltsiz","8":"pa_tur-kitap","9":"pa_yayinevi-remzi-kitabevi","10":"pa_yazar-atilla-dorsay","12":"first","13":"instock","14":"sale","15":"shipping-taxable","16":"purchasable","17":"product-type-simple"},"_links":{"self":[{"href":"https:\/\/roveyayinevi.com.tr\/index.php\/wp-json\/wp\/v2\/product\/763466","targetHints":{"allow":["GET"]}}],"collection":[{"href":"https:\/\/roveyayinevi.com.tr\/index.php\/wp-json\/wp\/v2\/product"}],"about":[{"href":"https:\/\/roveyayinevi.com.tr\/index.php\/wp-json\/wp\/v2\/types\/product"}],"wp:attachment":[{"href":"https:\/\/roveyayinevi.com.tr\/index.php\/wp-json\/wp\/v2\/media?parent=763466"}],"wp:term":[{"taxonomy":"product_brand","embeddable":true,"href":"https:\/\/roveyayinevi.com.tr\/index.php\/wp-json\/wp\/v2\/product_brand?post=763466"},{"taxonomy":"product_cat","embeddable":true,"href":"https:\/\/roveyayinevi.com.tr\/index.php\/wp-json\/wp\/v2\/product_cat?post=763466"},{"taxonomy":"product_tag","embeddable":true,"href":"https:\/\/roveyayinevi.com.tr\/index.php\/wp-json\/wp\/v2\/product_tag?post=763466"}],"curies":[{"name":"wp","href":"https:\/\/api.w.org\/{rel}","templated":true}]}}