{"id":763465,"date":"2025-08-28T10:41:50","date_gmt":"2025-08-28T07:41:50","guid":{"rendered":"https:\/\/roveyayinevi.com.tr\/index.php\/urun\/kaygili-ebeveyn\/"},"modified":"2026-04-15T03:28:43","modified_gmt":"2026-04-15T00:28:43","slug":"kaygili-ebeveyn","status":"publish","type":"product","link":"https:\/\/roveyayinevi.com.tr\/index.php\/urun\/kaygili-ebeveyn\/","title":{"rendered":"Kayg\u0131l\u0131 Ebeveyn"},"content":{"rendered":"<p>Anne baba oldu\u011funuzdan beri s\u00fcrekli kayg\u0131 i\u00e7inde misiniz? \u00c7ocu\u011funuzun sorunlar\u0131 sizi strese sokuyor ve ebeveynli\u011fin tad\u0131n\u0131 \u00e7\u0131karam\u0131yor musunuz? \u0130yi haber \u015fu: Beyninizi yeniden ba\u011flant\u0131land\u0131rarak stres ve kayg\u0131y\u0131 azaltabilir, ebeveynli\u011fin zorluklar\u0131na kar\u015f\u0131 s\u00fck\u00fbnetinizi koruyabilirsiniz. Kayg\u0131l\u0131 Ebeveyn\u2019de \u00fc\u00e7 terapist, n\u00f6robilimin temel ilkelerini ve bili\u015fsel davran\u0131\u015f\u00e7\u0131 terapiyle bilin\u00e7li fark\u0131ndal\u0131k tekniklerini kullanarak kayg\u0131lar\u0131n\u0131z\u0131 etkili ebeveynli\u011fe d\u00f6n\u00fc\u015ft\u00fcrmenin yollar\u0131n\u0131 g\u00f6steriyor. Ger\u00e7ek hayattan \u00f6rnekler ve uygulamalar e\u015fli\u011finde kendinize \u015fefkat g\u00f6stermeyi, ger\u00e7ek\u00e7i d\u00fc\u015f\u00fcnmeyi, ge\u00e7mi\u015fi geride b\u0131rak\u0131p \u00e2na odaklanmay\u0131 ve kontrol\u00fc b\u0131rakmay\u0131 \u00f6\u011frenerek daha etkili bir ebeveynlik anlay\u0131\u015f\u0131n\u0131 ke\u015ffedeceksiniz. N\u00f6robilim temelli bu rehberle kayg\u0131lar\u0131n\u0131z\u0131n \u00fcstesinden gelmek ve \u00e7ocu\u011funuzun ger\u00e7ek anlamda yan\u0131nda olmak i\u00e7in kendinize bir \u015fans verin.<\/p>\n","protected":false},"excerpt":{"rendered":"<p>Anne baba oldu\u011funuzdan beri s\u00fcrekli kayg\u0131 i\u00e7inde misiniz? \u00c7ocu\u011funuzun sorunlar\u0131 sizi strese sokuyor ve ebeveynli\u011fin tad\u0131n\u0131 \u00e7\u0131karam\u0131yor musunuz? \u0130yi haber \u015fu: Beyninizi yeniden ba\u011flant\u0131land\u0131rarak stres ve<span class=\"excerpt-hellip\"> [\u2026]<\/span><\/p>\n","protected":false},"featured_media":0,"template":"","meta":{"_monsterinsights_skip_tracking":false,"_monsterinsights_sitenote_active":false,"_monsterinsights_sitenote_note":"","_monsterinsights_sitenote_category":0},"product_brand":[],"product_cat":[12831,12324],"product_tag":[],"class_list":{"0":"post-763465","1":"product","2":"type-product","3":"status-publish","5":"product_cat-aile-ve-cocuk","6":"product_cat-sosyoloji","7":"pa_cilt-ciltsiz","8":"pa_tur-kitap","9":"pa_yayinevi-aganta","10":"pa_yazar-debra-kissen-micah-ioffe-hannah-romain","12":"first","13":"instock","14":"sale","15":"shipping-taxable","16":"purchasable","17":"product-type-simple"},"_links":{"self":[{"href":"https:\/\/roveyayinevi.com.tr\/index.php\/wp-json\/wp\/v2\/product\/763465","targetHints":{"allow":["GET"]}}],"collection":[{"href":"https:\/\/roveyayinevi.com.tr\/index.php\/wp-json\/wp\/v2\/product"}],"about":[{"href":"https:\/\/roveyayinevi.com.tr\/index.php\/wp-json\/wp\/v2\/types\/product"}],"wp:attachment":[{"href":"https:\/\/roveyayinevi.com.tr\/index.php\/wp-json\/wp\/v2\/media?parent=763465"}],"wp:term":[{"taxonomy":"product_brand","embeddable":true,"href":"https:\/\/roveyayinevi.com.tr\/index.php\/wp-json\/wp\/v2\/product_brand?post=763465"},{"taxonomy":"product_cat","embeddable":true,"href":"https:\/\/roveyayinevi.com.tr\/index.php\/wp-json\/wp\/v2\/product_cat?post=763465"},{"taxonomy":"product_tag","embeddable":true,"href":"https:\/\/roveyayinevi.com.tr\/index.php\/wp-json\/wp\/v2\/product_tag?post=763465"}],"curies":[{"name":"wp","href":"https:\/\/api.w.org\/{rel}","templated":true}]}}