{"id":763462,"date":"2025-08-28T10:41:45","date_gmt":"2025-08-28T07:41:45","guid":{"rendered":"https:\/\/roveyayinevi.com.tr\/index.php\/urun\/genis-sozcuk-ailesi-ailenin-sanatcisi-sifatlar\/"},"modified":"2026-04-15T03:28:43","modified_gmt":"2026-04-15T00:28:43","slug":"genis-sozcuk-ailesi-ailenin-sanatcisi-sifatlar","status":"publish","type":"product","link":"https:\/\/roveyayinevi.com.tr\/index.php\/urun\/genis-sozcuk-ailesi-ailenin-sanatcisi-sifatlar\/","title":{"rendered":"Geni\u015f S\u00f6zc\u00fck Ailesi- Ailenin Sanat\u00e7\u0131s\u0131 S\u0131fatlar"},"content":{"rendered":"<p>Haydi tahmin edin onu, Dil bilgisinde \u00f6nemli bir konu. Bazen bir s\u00f6zc\u00fc\u011f\u00fc bazen de bir s\u00f6zc\u00fck grubunu, Tan\u0131mlaman\u0131n en etkili yolu. Bu kitap SIFATLARLA dolu! S\u0131fatlar\u0131n \u00f6zelliklerini ve onlarca s\u0131fat\u0131 e\u011flenceli g\u00f6rsellerle ke\u015ffetmeye haz\u0131r m\u0131s\u0131n\u0131z? Dil bilgisini \u00f6\u011frenmek hi\u00e7 bu kadar e\u011flenceli olmam\u0131\u015ft\u0131. <\/p>\n","protected":false},"excerpt":{"rendered":"<p>Haydi tahmin edin onu, Dil bilgisinde \u00f6nemli bir konu. Bazen bir s\u00f6zc\u00fc\u011f\u00fc bazen de bir s\u00f6zc\u00fck grubunu, Tan\u0131mlaman\u0131n en etkili yolu. Bu kitap SIFATLARLA dolu! S\u0131fatlar\u0131n<span class=\"excerpt-hellip\"> [\u2026]<\/span><\/p>\n","protected":false},"featured_media":0,"template":"","meta":{"_monsterinsights_skip_tracking":false,"_monsterinsights_sitenote_active":false,"_monsterinsights_sitenote_note":"","_monsterinsights_sitenote_category":0},"product_brand":[],"product_cat":[12274,15842],"product_tag":[],"class_list":{"0":"post-763462","1":"product","2":"type-product","3":"status-publish","5":"product_cat-cocuk-ve-genclik-kitaplari","6":"product_cat-egitici-kitaplar","7":"pa_cilt-ciltsiz","8":"pa_tur-kitap","9":"pa_yayinevi-abm-yayinevi","10":"pa_yazar-gulay-baltali","12":"first","13":"instock","14":"sale","15":"shipping-taxable","16":"purchasable","17":"product-type-simple"},"_links":{"self":[{"href":"https:\/\/roveyayinevi.com.tr\/index.php\/wp-json\/wp\/v2\/product\/763462","targetHints":{"allow":["GET"]}}],"collection":[{"href":"https:\/\/roveyayinevi.com.tr\/index.php\/wp-json\/wp\/v2\/product"}],"about":[{"href":"https:\/\/roveyayinevi.com.tr\/index.php\/wp-json\/wp\/v2\/types\/product"}],"wp:attachment":[{"href":"https:\/\/roveyayinevi.com.tr\/index.php\/wp-json\/wp\/v2\/media?parent=763462"}],"wp:term":[{"taxonomy":"product_brand","embeddable":true,"href":"https:\/\/roveyayinevi.com.tr\/index.php\/wp-json\/wp\/v2\/product_brand?post=763462"},{"taxonomy":"product_cat","embeddable":true,"href":"https:\/\/roveyayinevi.com.tr\/index.php\/wp-json\/wp\/v2\/product_cat?post=763462"},{"taxonomy":"product_tag","embeddable":true,"href":"https:\/\/roveyayinevi.com.tr\/index.php\/wp-json\/wp\/v2\/product_tag?post=763462"}],"curies":[{"name":"wp","href":"https:\/\/api.w.org\/{rel}","templated":true}]}}