{"id":763460,"date":"2025-08-28T10:41:40","date_gmt":"2025-08-28T07:41:40","guid":{"rendered":"https:\/\/roveyayinevi.com.tr\/index.php\/urun\/ben-anneannem-ve-deprem\/"},"modified":"2026-04-15T03:28:43","modified_gmt":"2026-04-15T00:28:43","slug":"ben-anneannem-ve-deprem","status":"publish","type":"product","link":"https:\/\/roveyayinevi.com.tr\/index.php\/urun\/ben-anneannem-ve-deprem\/","title":{"rendered":"Ben Anneannem ve Deprem"},"content":{"rendered":"<p>Eylem D\u0131rama \u0130nan, \u00e7ocuklar i\u00e7in haz\u0131rlam\u0131\u015f oldu\u011fu ve annesi Nebahat D\u0131rama\u2019ya ithaf etti\u011fi &#8216;Ben, anneannem ve deprem&#8217; adl\u0131 kitab\u0131n\u0131, do\u011fal afetler ile kar\u015f\u0131la\u015fmadan \u00f6nce \u00f6nlem alman\u0131n \u00f6nemi ile ilgili fark\u0131ndal\u0131k olu\u015fturmak amac\u0131yla kaleme alm\u0131\u015ft\u0131r. Bu kitap, yazar\u0131n do\u011fal afetler serisinin ilk kitab\u0131d\u0131r ve \u00e7ocuklar\u0131 olas\u0131 bir deprem \u00f6ncesi ve sonras\u0131 ile ilgili bilin\u00e7lendirmek i\u00e7in haz\u0131rlanm\u0131\u015ft\u0131r.<\/p>\n","protected":false},"excerpt":{"rendered":"<p>Eylem D\u0131rama \u0130nan, \u00e7ocuklar i\u00e7in haz\u0131rlam\u0131\u015f oldu\u011fu ve annesi Nebahat D\u0131rama\u2019ya ithaf etti\u011fi &#8216;Ben, anneannem ve deprem&#8217; adl\u0131 kitab\u0131n\u0131, do\u011fal afetler ile kar\u015f\u0131la\u015fmadan \u00f6nce \u00f6nlem alman\u0131n<span class=\"excerpt-hellip\"> [\u2026]<\/span><\/p>\n","protected":false},"featured_media":0,"template":"","meta":{"_monsterinsights_skip_tracking":false,"_monsterinsights_sitenote_active":false,"_monsterinsights_sitenote_note":"","_monsterinsights_sitenote_category":0},"product_brand":[],"product_cat":[12274,12284],"product_tag":[],"class_list":{"0":"post-763460","1":"product","2":"type-product","3":"status-publish","5":"product_cat-cocuk-ve-genclik-kitaplari","6":"product_cat-hikayeler","7":"pa_cilt-ciltsiz","8":"pa_tur-kitap","9":"pa_yayinevi-gate-yayinlari","10":"pa_yazar-eylem-dirama-inan","12":"first","13":"instock","14":"sale","15":"shipping-taxable","16":"purchasable","17":"product-type-simple"},"_links":{"self":[{"href":"https:\/\/roveyayinevi.com.tr\/index.php\/wp-json\/wp\/v2\/product\/763460","targetHints":{"allow":["GET"]}}],"collection":[{"href":"https:\/\/roveyayinevi.com.tr\/index.php\/wp-json\/wp\/v2\/product"}],"about":[{"href":"https:\/\/roveyayinevi.com.tr\/index.php\/wp-json\/wp\/v2\/types\/product"}],"wp:attachment":[{"href":"https:\/\/roveyayinevi.com.tr\/index.php\/wp-json\/wp\/v2\/media?parent=763460"}],"wp:term":[{"taxonomy":"product_brand","embeddable":true,"href":"https:\/\/roveyayinevi.com.tr\/index.php\/wp-json\/wp\/v2\/product_brand?post=763460"},{"taxonomy":"product_cat","embeddable":true,"href":"https:\/\/roveyayinevi.com.tr\/index.php\/wp-json\/wp\/v2\/product_cat?post=763460"},{"taxonomy":"product_tag","embeddable":true,"href":"https:\/\/roveyayinevi.com.tr\/index.php\/wp-json\/wp\/v2\/product_tag?post=763460"}],"curies":[{"name":"wp","href":"https:\/\/api.w.org\/{rel}","templated":true}]}}