{"id":763459,"date":"2025-08-28T10:41:37","date_gmt":"2025-08-28T07:41:37","guid":{"rendered":"https:\/\/roveyayinevi.com.tr\/index.php\/urun\/hemserim-nasil-giderim\/"},"modified":"2026-04-15T03:28:43","modified_gmt":"2026-04-15T00:28:43","slug":"hemserim-nasil-giderim","status":"publish","type":"product","link":"https:\/\/roveyayinevi.com.tr\/index.php\/urun\/hemserim-nasil-giderim\/","title":{"rendered":"Hem\u015ferim Nas\u0131l Giderim"},"content":{"rendered":"<p>&#8220;Sahne Arkas\u0131 ve Kilise Aras\u0131: Bir T\u00fcrk&#8217;\u00fcn Amerika G\u00fcnl\u00fc\u011f\u00fc&#8221; T\u00fcrkiye&#8217;nin mizah dehas\u0131, yurt d\u0131\u015f\u0131ndaki ilgin\u00e7 maceralar\u0131n\u0131 ve stand-up g\u00f6sterisini anlatan bu kitap, okurlar\u0131 hem kahkahalara bo\u011facak hem de d\u00fc\u015f\u00fcnd\u00fcrecek bir yolculu\u011fa \u00e7\u0131karacak. Bir yandan s\u0131cak bir yaz g\u00fcn\u00fc Amerika&#8217;n\u0131n k\u00fc\u00e7\u00fck kasabas\u0131nda ge\u00e7en, umutsuzluk ve abs\u00fcrt durumlarla dolu hikayeler, di\u011fer yandan sahne arkas\u0131nda ya\u015fanan komik ve \u00e7arp\u0131c\u0131 anlar&#8230; Bu kitap, hem bir stand-up g\u00f6sterisinin enerjisini hem de bir macera roman\u0131n\u0131n derinli\u011fini ta\u015f\u0131yor. Yurt d\u0131\u015f\u0131nda ya\u015fad\u0131\u011f\u0131 zorluklarla ba\u015fa \u00e7\u0131kmaya \u00e7al\u0131\u015fan bir T\u00fcrk&#8217;\u00fcn, kilisede kar\u015f\u0131la\u015ft\u0131\u011f\u0131 s\u0131ra d\u0131\u015f\u0131 olaylarla, ciddiyetten mizaha ge\u00e7i\u015fi, okurlar\u0131n\u0131 kahkahalar i\u00e7inde b\u0131rakacak. Yard\u0131m aray\u0131\u015f\u0131 ve ki\u015fisel ke\u015ffinin yan\u0131 s\u0131ra, rahibeyle ge\u00e7en komik ve d\u00fc\u015f\u00fcnd\u00fcr\u00fcc\u00fc diyaloglar, bu kitab\u0131n \u00f6z\u00fcn\u00fc olu\u015fturuyor. &#8220;Hem\u015ferim Nas\u0131l Giderim&#8221;, hem stand-up g\u00f6sterisiyle tan\u0131d\u0131\u011f\u0131n\u0131z mizah yetene\u011fini hem de uluslararas\u0131 bir maceran\u0131n e\u015fsiz hikayesini sunuyor. G\u00fclmeye ve d\u00fc\u015f\u00fcnmeye haz\u0131r m\u0131s\u0131n\u0131z? <\/p>\n","protected":false},"excerpt":{"rendered":"<p>&#8220;Sahne Arkas\u0131 ve Kilise Aras\u0131: Bir T\u00fcrk&#8217;\u00fcn Amerika G\u00fcnl\u00fc\u011f\u00fc&#8221; T\u00fcrkiye&#8217;nin mizah dehas\u0131, yurt d\u0131\u015f\u0131ndaki ilgin\u00e7 maceralar\u0131n\u0131 ve stand-up g\u00f6sterisini anlatan bu kitap, okurlar\u0131 hem kahkahalara bo\u011facak<span class=\"excerpt-hellip\"> [\u2026]<\/span><\/p>\n","protected":false},"featured_media":0,"template":"","meta":{"_monsterinsights_skip_tracking":false,"_monsterinsights_sitenote_active":false,"_monsterinsights_sitenote_note":"","_monsterinsights_sitenote_category":0},"product_brand":[],"product_cat":[12291,12711],"product_tag":[],"class_list":{"0":"post-763459","1":"product","2":"type-product","3":"status-publish","5":"product_cat-edebiyat","6":"product_cat-roman-oyku","7":"pa_cilt-ciltsiz","8":"pa_tur-kitap","9":"pa_yayinevi-ulysses-yayinlari","10":"pa_yazar-halil-ibrahim-kahveci","12":"first","13":"instock","14":"sale","15":"shipping-taxable","16":"purchasable","17":"product-type-simple"},"_links":{"self":[{"href":"https:\/\/roveyayinevi.com.tr\/index.php\/wp-json\/wp\/v2\/product\/763459","targetHints":{"allow":["GET"]}}],"collection":[{"href":"https:\/\/roveyayinevi.com.tr\/index.php\/wp-json\/wp\/v2\/product"}],"about":[{"href":"https:\/\/roveyayinevi.com.tr\/index.php\/wp-json\/wp\/v2\/types\/product"}],"wp:attachment":[{"href":"https:\/\/roveyayinevi.com.tr\/index.php\/wp-json\/wp\/v2\/media?parent=763459"}],"wp:term":[{"taxonomy":"product_brand","embeddable":true,"href":"https:\/\/roveyayinevi.com.tr\/index.php\/wp-json\/wp\/v2\/product_brand?post=763459"},{"taxonomy":"product_cat","embeddable":true,"href":"https:\/\/roveyayinevi.com.tr\/index.php\/wp-json\/wp\/v2\/product_cat?post=763459"},{"taxonomy":"product_tag","embeddable":true,"href":"https:\/\/roveyayinevi.com.tr\/index.php\/wp-json\/wp\/v2\/product_tag?post=763459"}],"curies":[{"name":"wp","href":"https:\/\/api.w.org\/{rel}","templated":true}]}}