{"id":763458,"date":"2025-08-28T10:41:36","date_gmt":"2025-08-28T07:41:36","guid":{"rendered":"https:\/\/roveyayinevi.com.tr\/index.php\/urun\/baglanma-temelli-disiplin\/"},"modified":"2026-04-15T03:28:43","modified_gmt":"2026-04-15T00:28:43","slug":"baglanma-temelli-disiplin","status":"publish","type":"product","link":"https:\/\/roveyayinevi.com.tr\/index.php\/urun\/baglanma-temelli-disiplin\/","title":{"rendered":"Ba\u011flanma Temelli Disiplin"},"content":{"rendered":"<p>Duygusal ve fiziksel ihtiya\u00e7lar\u0131 tutarl\u0131 ve akla yatk\u0131n \u015fekilde kar\u015f\u0131lanan bebekler, do\u011fduklar\u0131 andan itibaren bak\u0131m vereniyle ba\u011f kurmaya, yakla\u015f\u0131k 8. ayda ba\u011flanma davran\u0131\u015f\u0131n\u0131 en belirgin \u015fekilde g\u00f6stermeye ba\u015flarlar. Ancak pek \u00e7ok bebek y\u00fcr\u00fcmeye, d\u00fcnyay\u0131 daha aktif bir \u015fekilde ke\u015ffetmeye ba\u015flad\u0131\u011f\u0131 d\u00f6nemde bak\u0131m verenin engellemeleriyle kar\u015f\u0131la\u015f\u0131r. \u00d6zellikle 2 ya\u015f d\u00f6neminde \u00e7ocuklar\u0131n b\u00fcy\u00fck bir \u00e7o\u011funlu\u011fu ebeveynlerinin farkl\u0131 y\u00f6nleriyle tan\u0131\u015f\u0131r. Sevgi dolu, \u015fefkatli ebeveynlerinin k\u0131zan, ba\u011f\u0131ran, her \u015feyi engelleyen ebeveynlere d\u00f6n\u00fc\u015f\u00fcm\u00fcne \u015fahit olurlar. Ke\u015ffetme ama\u00e7l\u0131 yapt\u0131klar\u0131 davran\u0131\u015flar\u0131n\u0131n cezaland\u0131r\u0131lmas\u0131na anlam veremezler. T\u00fcm bunlar zamanla \u00e7ocu\u011fun ebeveynine olan ba\u011f\u0131n\u0131n ve g\u00fcveninin zay\u0131flamas\u0131na neden olur. \u00c7ocuklar\u0131n geli\u015fimsel \u00f6zelliklerini ve bu zorlu s\u00fcreci nas\u0131l sa\u011fl\u0131kl\u0131 y\u00f6netece\u011fini bilemeyen ebeveynler ilk etapta \u00f6d\u00fcl y\u00f6ntemini kullan\u0131rlar. \u0130\u015fler daha \u00e7\u0131kmaza girince ceza y\u00f6nteminden medet ummaya ba\u015flarlar. Ceza kullanmak ebeveynin hi\u00e7 de arzu etti\u011fi bir durum de\u011fildir. Ancak s\u00fcreci nas\u0131l y\u00fcr\u00fcteceklerini bilemediklerinden \u00f6vg\u00fc, \u00f6d\u00fcl, tehdit ve ceza y\u00f6ntemleri aras\u0131nda gidip gelirler. Bu kitapta ortaya konulan ba\u011flanma temelli disiplin yakla\u015f\u0131m\u0131 ile ebeveynlere, \u00e7ocuklar\u0131n\u0131 disipline ederken aralar\u0131ndaki ba\u011f\u0131 g\u00fc\u00e7lendirebilecek teknikler sunularak \u00e7ocuk yeti\u015ftirme gibi zorlu bir s\u00fcre\u00e7te yol g\u00f6stermek ama\u00e7lanmaktad\u0131r.<\/p>\n","protected":false},"excerpt":{"rendered":"<p>Duygusal ve fiziksel ihtiya\u00e7lar\u0131 tutarl\u0131 ve akla yatk\u0131n \u015fekilde kar\u015f\u0131lanan bebekler, do\u011fduklar\u0131 andan itibaren bak\u0131m vereniyle ba\u011f kurmaya, yakla\u015f\u0131k 8. ayda ba\u011flanma davran\u0131\u015f\u0131n\u0131 en belirgin \u015fekilde<span class=\"excerpt-hellip\"> [\u2026]<\/span><\/p>\n","protected":false},"featured_media":0,"template":"","meta":{"_monsterinsights_skip_tracking":false,"_monsterinsights_sitenote_active":false,"_monsterinsights_sitenote_note":"","_monsterinsights_sitenote_category":0},"product_brand":[],"product_cat":[12831,12324],"product_tag":[],"class_list":{"0":"post-763458","1":"product","2":"type-product","3":"status-publish","5":"product_cat-aile-ve-cocuk","6":"product_cat-sosyoloji","7":"pa_cilt-ciltsiz","8":"pa_tur-kitap","9":"pa_yayinevi-ani-yayincilik","10":"pa_yazar-gulhan-kocer","12":"first","13":"instock","14":"sale","15":"shipping-taxable","16":"purchasable","17":"product-type-simple"},"_links":{"self":[{"href":"https:\/\/roveyayinevi.com.tr\/index.php\/wp-json\/wp\/v2\/product\/763458","targetHints":{"allow":["GET"]}}],"collection":[{"href":"https:\/\/roveyayinevi.com.tr\/index.php\/wp-json\/wp\/v2\/product"}],"about":[{"href":"https:\/\/roveyayinevi.com.tr\/index.php\/wp-json\/wp\/v2\/types\/product"}],"wp:attachment":[{"href":"https:\/\/roveyayinevi.com.tr\/index.php\/wp-json\/wp\/v2\/media?parent=763458"}],"wp:term":[{"taxonomy":"product_brand","embeddable":true,"href":"https:\/\/roveyayinevi.com.tr\/index.php\/wp-json\/wp\/v2\/product_brand?post=763458"},{"taxonomy":"product_cat","embeddable":true,"href":"https:\/\/roveyayinevi.com.tr\/index.php\/wp-json\/wp\/v2\/product_cat?post=763458"},{"taxonomy":"product_tag","embeddable":true,"href":"https:\/\/roveyayinevi.com.tr\/index.php\/wp-json\/wp\/v2\/product_tag?post=763458"}],"curies":[{"name":"wp","href":"https:\/\/api.w.org\/{rel}","templated":true}]}}